{"id":737329,"date":"2025-08-27T23:26:10","date_gmt":"2025-08-27T20:26:10","guid":{"rendered":"https:\/\/roveyayinevi.com.tr\/index.php\/urun\/iktisat-ve-toplum-dergisi-136-sayi-sagalassos-toplantilari\/"},"modified":"2026-04-16T02:46:46","modified_gmt":"2026-04-15T23:46:46","slug":"iktisat-ve-toplum-dergisi-136-sayi-sagalassos-toplantilari","status":"publish","type":"product","link":"https:\/\/roveyayinevi.com.tr\/index.php\/urun\/iktisat-ve-toplum-dergisi-136-sayi-sagalassos-toplantilari\/","title":{"rendered":"\u0130ktisat ve Toplum Dergisi 136. Say\u0131 &#8211; Sagalassos Toplant\u0131lar\u0131"},"content":{"rendered":"<p>SAGALASSOS TOPLANTISI Konuk Edit\u00f6rden: \u00d6ner G\u00fcn\u00e7avd\u0131   Fiyat \u0130stikrar\u0131 ve Para-Maliye Politikas\u0131 Etkile\u015fimi Hakan Kara   Mega Projelerdeki Olas\u0131 Riskler: T\u00fcrkiye \u00d6rne\u011fi U\u011fur Emek   Pandemi ve Sonras\u0131nda Gelir Da\u011f\u0131l\u0131m\u0131 E\u015fitsizli\u011fi Ceyhun Elgin   Kalk\u0131nman\u0131n Muhasebesi Bilin Neyapt\u0131   \u0130\u015f G\u00fcc\u00fc Piyasas\u0131nda Kad\u0131n\u0131n Yeri Ay\u015fe Aylin Bayar   Covid Sonras\u0131 D\u00fcnyada \u0130ktisat Politikalar\u0131ndaki De\u011fi\u015fim \u00dczerine Tart\u0131\u015fmalar \u0130brahim Turhan   Sagalassos Uzla\u015f\u0131s\u0131 M. Murat Kubilay   Yuvarlak Masa: \u00d6mer Faruk \u00c7olak, Murat \u00dc\u00e7er, Serdar Sayan   T\u00fcrkiye Ekonomisinde K\u00e2r Oranlar\u0131n\u0131n Seyri ve Etkiledi\u011fini D\u00fc\u015f\u00fcnd\u00fc\u011f\u00fcm\u00fcz Konular A.Erin\u00e7 Yeldan   Do\u011fru Politika ve Yanl\u0131\u015f Zaman, B\u00fcnyede \u0130ki Kat Belirsizlik Yarat\u0131r Cem Mehmet Baydur   Sosyal Bilimciler Konu\u015fuyor: Kamil Y\u0131lmaz   T\u00fcrkiye\u2019de Ekonomi Politikalar\u0131: Anaak\u0131m \u0130ktisat, K\u0131sa-D\u00f6nem ve Uzun-D\u00f6nem Aras\u0131ndaki Ayr\u0131mlar ve Modellerimiz \u00dczerine M. Aykut Attar   Finansal Okuryazarl\u0131k \u00dczerine Notlar Devrim Dumluda\u011f<\/p>\n","protected":false},"excerpt":{"rendered":"<p>SAGALASSOS TOPLANTISI Konuk Edit\u00f6rden: \u00d6ner G\u00fcn\u00e7avd\u0131 Fiyat \u0130stikrar\u0131 ve Para-Maliye Politikas\u0131 Etkile\u015fimi Hakan Kara Mega Projelerdeki Olas\u0131 Riskler: T\u00fcrkiye \u00d6rne\u011fi U\u011fur Emek Pandemi ve Sonras\u0131nda Gelir<span class=\"excerpt-hellip\"> [\u2026]<\/span><\/p>\n","protected":false},"featured_media":0,"template":"","meta":{"_monsterinsights_skip_tracking":false,"_monsterinsights_sitenote_active":false,"_monsterinsights_sitenote_note":"","_monsterinsights_sitenote_category":0},"product_brand":[],"product_cat":[13527],"product_tag":[],"class_list":{"0":"post-737329","1":"product","2":"type-product","3":"status-publish","5":"product_cat-sureli-yayinlar","6":"pa_cilt-ciltsiz","7":"pa_tur-dergi","8":"pa_yayinevi-efil-yayinevi-dergi","9":"pa_yazar-efil-yayinevi-kolektif","11":"first","12":"instock","13":"sale","14":"shipping-taxable","15":"purchasable","16":"product-type-simple"},"_links":{"self":[{"href":"https:\/\/roveyayinevi.com.tr\/index.php\/wp-json\/wp\/v2\/product\/737329","targetHints":{"allow":["GET"]}}],"collection":[{"href":"https:\/\/roveyayinevi.com.tr\/index.php\/wp-json\/wp\/v2\/product"}],"about":[{"href":"https:\/\/roveyayinevi.com.tr\/index.php\/wp-json\/wp\/v2\/types\/product"}],"wp:attachment":[{"href":"https:\/\/roveyayinevi.com.tr\/index.php\/wp-json\/wp\/v2\/media?parent=737329"}],"wp:term":[{"taxonomy":"product_brand","embeddable":true,"href":"https:\/\/roveyayinevi.com.tr\/index.php\/wp-json\/wp\/v2\/product_brand?post=737329"},{"taxonomy":"product_cat","embeddable":true,"href":"https:\/\/roveyayinevi.com.tr\/index.php\/wp-json\/wp\/v2\/product_cat?post=737329"},{"taxonomy":"product_tag","embeddable":true,"href":"https:\/\/roveyayinevi.com.tr\/index.php\/wp-json\/wp\/v2\/product_tag?post=737329"}],"curies":[{"name":"wp","href":"https:\/\/api.w.org\/{rel}","templated":true}]}}