{"id":737328,"date":"2025-08-27T23:26:08","date_gmt":"2025-08-27T20:26:08","guid":{"rendered":"https:\/\/roveyayinevi.com.tr\/index.php\/urun\/ultra-cocuk-ile-harika-kopek\/"},"modified":"2026-04-16T02:46:46","modified_gmt":"2026-04-15T23:46:46","slug":"ultra-cocuk-ile-harika-kopek","status":"publish","type":"product","link":"https:\/\/roveyayinevi.com.tr\/index.php\/urun\/ultra-cocuk-ile-harika-kopek\/","title":{"rendered":"Ultra \u00c7ocuk ile Harika K\u00f6pek"},"content":{"rendered":"<p>Ultra \u00c7ocuk ile Harika K\u00f6pek&#8217;in \u0130NANILMAZ Maceralar\u0131&#8230;\u0130ngiliz yazar Ben Davis&#8217;in, insanlar ve k\u00f6pekler aras\u0131ndaki ko\u015fulsuz sevgiyi hem h\u00fcz\u00fcnl\u00fc hem de e\u011flenceli bir anlat\u0131ya d\u00f6n\u00fc\u015ft\u00fcrd\u00fc\u011f\u00fc Ultra \u00c7ocuk ile Harika K\u00f6pek, belleklerden uzun s\u00fcre silinmeyecek bir dostluk roman\u0131.Do\u011fduklar\u0131 g\u00fcnden beri hi\u00e7 ayr\u0131lmayan ultra \u00e7ocuk George ile harika k\u00f6pe\u011fi Gizmo&#8217;nun b\u00fcy\u00fcme ve olgunla\u015fma hik\u00e2yesini sayfalar\u0131na ta\u015f\u0131yan bu bol \u00f6d\u00fcll\u00fc kitap, olumsuz durumlara kar\u015f\u0131 tek y\u00fcrek olman\u0131n ve cesur davranman\u0131n gereklili\u011fini hat\u0131rlat\u0131yor.Muzip dili, sa\u011flam kurgusu ve Julia Christians&#8217;\u0131n resimleri e\u015fli\u011finde, okurlara \u201cinan\u0131lmaz\u201d maceralar ya\u015fatan eser ayn\u0131 zamanda; ebeveyn ayr\u0131l\u0131\u011f\u0131, sevdiklerini kaybetme, anksiyete, akran zorbal\u0131\u011f\u0131, yaln\u0131zl\u0131k gibi \u00e7ocuklar\u0131n duygu d\u00fcnyalar\u0131n\u0131 alt\u00fcst edebilecek hassas konulara da dikkat \u00e7ekiyor. 14 ya\u015f\u0131ndaki Gizmo, bir k\u00f6pe\u011fin umabilece\u011fi her \u015feyi ya\u015fad\u0131 \u015fu hayatta! Can dostu George sayesinde sevgi dolu, muhte\u015fem bir \u00f6m\u00fcr s\u00fcrd\u00fc. Galaksileraras\u0131 G\u00fc\u00e7 Tak\u0131m\u0131&#8217;na kat\u0131ld\u0131. Herkesin arkada\u015f\u0131, su\u00e7 sava\u015f\u00e7\u0131s\u0131, sincap kovalay\u0131c\u0131s\u0131 ve re\u00e7elli bisk\u00fcvi sevdal\u0131s\u0131 oldu. Ama hepsinden \u00f6nemlisi, k\u00f6pek ya\u015f\u0131yla a\u015fa\u011f\u0131 yukar\u0131 78 y\u0131l boyunca (!) hep \u00e7ok iyi bir \u00e7ocuk olarak kalmay\u0131 ba\u015fard\u0131 o. Fakat art\u0131k i\u015fler iyiye gitmiyor. Gizmo bir hayli ya\u015fland\u0131 ve&#8230; bu duruma \u00e7ok \u00fcz\u00fclen George, onunla son kez DEL\u0130CES\u0130NE e\u011flenebilmek ve g\u00fczel an\u0131lar biriktirebilmek i\u00e7in bir \u201cGizmo ile Yap\u0131lacaklar Listesi\u201d haz\u0131rlad\u0131. Kampa gitmek, dondurma yemek, \u015fehrin \u00f6teki taraf\u0131ndaki y\u00fcksek tepeye t\u0131rmanmak, on be\u015f dakikal\u0131\u011f\u0131na \u00fcnl\u00fc olmak&#8230; Peki, George&#8217;un yerli yersiz \u201cf\u0131tt\u0131r\u0131\u015flar\u0131\u201d ve Gizmo&#8217;nun a\u015f\u0131r\u0131 tembelli\u011fi i\u015fin i\u00e7ine girince, bu listedekilerin ne kadar\u0131 ger\u00e7e\u011fe d\u00f6n\u00fc\u015febilecek dersiniz?Ben Davis&#8217;in, \u201cNe olursa olsun, hayat devam ediyor; eksik, yar\u0131m, \u00f6zlemle. Hem de hi\u00e7 dinmeyecek bir \u00f6zlemle&#8230;\u201d g\u00f6r\u00fc\u015f\u00fc \u00fcst\u00fcne temellendirdi\u011fi Ultra \u00c7ocuk ile Harika K\u00f6pek, kahkaha att\u0131r\u0131rken g\u00f6zleri nemlendirmeyi ba\u015faran kitaplardan! <\/p>\n","protected":false},"excerpt":{"rendered":"<p>Ultra \u00c7ocuk ile Harika K\u00f6pek&#8217;in \u0130NANILMAZ Maceralar\u0131&#8230;\u0130ngiliz yazar Ben Davis&#8217;in, insanlar ve k\u00f6pekler aras\u0131ndaki ko\u015fulsuz sevgiyi hem h\u00fcz\u00fcnl\u00fc hem de e\u011flenceli bir anlat\u0131ya d\u00f6n\u00fc\u015ft\u00fcrd\u00fc\u011f\u00fc Ultra \u00c7ocuk<span class=\"excerpt-hellip\"> [\u2026]<\/span><\/p>\n","protected":false},"featured_media":0,"template":"","meta":{"_monsterinsights_skip_tracking":false,"_monsterinsights_sitenote_active":false,"_monsterinsights_sitenote_note":"","_monsterinsights_sitenote_category":0},"product_brand":[],"product_cat":[12275,12274],"product_tag":[],"class_list":{"0":"post-737328","1":"product","2":"type-product","3":"status-publish","5":"product_cat-6-12-yas-kitaplari","6":"product_cat-cocuk-ve-genclik-kitaplari","7":"pa_cilt-ciltsiz","8":"pa_tur-kitap","9":"pa_yayinevi-tudem-yayinlari","10":"pa_yazar-ben-davis","12":"first","13":"instock","14":"sale","15":"shipping-taxable","16":"purchasable","17":"product-type-simple"},"_links":{"self":[{"href":"https:\/\/roveyayinevi.com.tr\/index.php\/wp-json\/wp\/v2\/product\/737328","targetHints":{"allow":["GET"]}}],"collection":[{"href":"https:\/\/roveyayinevi.com.tr\/index.php\/wp-json\/wp\/v2\/product"}],"about":[{"href":"https:\/\/roveyayinevi.com.tr\/index.php\/wp-json\/wp\/v2\/types\/product"}],"wp:attachment":[{"href":"https:\/\/roveyayinevi.com.tr\/index.php\/wp-json\/wp\/v2\/media?parent=737328"}],"wp:term":[{"taxonomy":"product_brand","embeddable":true,"href":"https:\/\/roveyayinevi.com.tr\/index.php\/wp-json\/wp\/v2\/product_brand?post=737328"},{"taxonomy":"product_cat","embeddable":true,"href":"https:\/\/roveyayinevi.com.tr\/index.php\/wp-json\/wp\/v2\/product_cat?post=737328"},{"taxonomy":"product_tag","embeddable":true,"href":"https:\/\/roveyayinevi.com.tr\/index.php\/wp-json\/wp\/v2\/product_tag?post=737328"}],"curies":[{"name":"wp","href":"https:\/\/api.w.org\/{rel}","templated":true}]}}