{"id":737326,"date":"2025-08-27T23:26:06","date_gmt":"2025-08-27T20:26:06","guid":{"rendered":"https:\/\/roveyayinevi.com.tr\/index.php\/urun\/halk-siiri-ve-divan-siirinin-musterekleri-2\/"},"modified":"2026-04-16T02:46:46","modified_gmt":"2026-04-15T23:46:46","slug":"halk-siiri-ve-divan-siirinin-musterekleri-2","status":"publish","type":"product","link":"https:\/\/roveyayinevi.com.tr\/index.php\/urun\/halk-siiri-ve-divan-siirinin-musterekleri-2\/","title":{"rendered":"Halk \u015eiiri ve Divan \u015eiirinin M\u00fc\u015fterekleri"},"content":{"rendered":"<p>Ben T\u00fcrk \u015fiirini g\u00fcl-i ra&#8217;n\u00e2ya benzetiyorum; yar\u0131 sar\u0131 yar\u0131 k\u0131rm\u0131z\u0131&#8230; Halk ve divan gelene\u011finden beslendi\u011fi i\u00e7in iki renkli. Rengini, kokusunu bizim havam\u0131z, suyumuz ve topra\u011f\u0131m\u0131zdan alan, bizim besleyip b\u00fcy\u00fctt\u00fc\u011f\u00fcm\u00fcz bir g\u00fcl.        Edebiyat\u0131m\u0131z\u0131 do\u011fru anlayabilmek i\u00e7in \u00f6nce zihnimizdeki ikili\u011fi kald\u0131rmam\u0131z gerekti\u011fine inan\u0131yorum. T\u00fcrk k\u00fclt\u00fcr\u00fc, tarihi ve sanat\u0131 gibi edebiyat\u0131 da bir b\u00fct\u00fcn. \u015eiir de bu b\u00fct\u00fcnl\u00fck i\u00e7inde geli\u015fimini s\u00fcrd\u00fcr\u00fcyor. Farkl\u0131 estetik \u00e7izgilere sahip olmakla birlikte, ortak bir k\u00fclt\u00fcr birikimine yaslanan halk ve divan edebiyatlar\u0131m\u0131z\u0131n m\u00fc\u015fterekleri tahmin etti\u011fimizden \u00e7ok daha fazla. \u015eimdiye kadar \u0131srarla farkl\u0131 taraflar\u0131na dikkat \u00e7ekildi\u011finden bu ikisinin birbirine z\u0131t ve tamam\u0131yla farkl\u0131 edebiyatlar oldu\u011fu san\u0131lm\u0131\u015f, arada u\u00e7urumlar yarat\u0131lm\u0131\u015ft\u0131r. Ben bunun b\u00f6yle olmad\u0131\u011f\u0131n\u0131 \u00f6rnekleriyle ortaya koymaya \u00e7al\u0131\u015ft\u0131m.         Eski \u015fehirlerimizin kendilerine \u00f6zg\u00fc bir mimarisi vard\u0131. Safranbolu ve ba\u015fka \u015fehirlerde g\u00f6rd\u00fc\u011f\u00fcm\u00fcz gibi. Bu \u015fehirlerin, ayn\u0131 zamanda \u015fiirde, musikide, giyim ku\u015famda belli bir \u00fcsl\u00fbbu vard\u0131. Tanp\u0131nar bu \u00f6rneklere mahall\u00ee klasik diyor. Bunlar, halk \u015fiirini divan \u015fiirine ba\u011flayan zincirin halkalar\u0131 gibi ara \u00f6rneklerdir.         Ben T\u00fcrk Edebiyat\u0131n\u0131 bir \u015fehre benzetiyorum. Edebiyat\u0131n d\u00f6nemleri ve farkl\u0131 \u00fcsl\u00fbplar\u0131, \u015fehrin sokaklar\u0131, caddeleri, meydanlar\u0131 gibidir. Ayn\u0131 anda hem bunlar\u0131 hem de \u015fehrin tamam\u0131n\u0131 g\u00f6z \u00f6n\u00fcnde bulundurmak gerekir.         T\u00fcrk Edebiyat\u0131 kendi i\u00e7inde b\u00f6l\u00fcmlenmeler i\u00e7erse de, yabanc\u0131 bir edebiyatla kar\u015f\u0131la\u015ft\u0131\u011f\u0131nda bu farkl\u0131l\u0131klar ortadan kalkar ve bir b\u00fct\u00fcn olarak g\u00f6r\u00fcn\u00fcr. Onu de\u011ferlendirirken farkl\u0131l\u0131klar\u0131n\u0131 ve ortak y\u00f6nlerini bir arada de\u011ferlendirmelidir. <\/p>\n","protected":false},"excerpt":{"rendered":"<p>Ben T\u00fcrk \u015fiirini g\u00fcl-i ra&#8217;n\u00e2ya benzetiyorum; yar\u0131 sar\u0131 yar\u0131 k\u0131rm\u0131z\u0131&#8230; Halk ve divan gelene\u011finden beslendi\u011fi i\u00e7in iki renkli. Rengini, kokusunu bizim havam\u0131z, suyumuz ve topra\u011f\u0131m\u0131zdan alan,<span class=\"excerpt-hellip\"> [\u2026]<\/span><\/p>\n","protected":false},"featured_media":0,"template":"","meta":{"_monsterinsights_skip_tracking":false,"_monsterinsights_sitenote_active":false,"_monsterinsights_sitenote_note":"","_monsterinsights_sitenote_category":0},"product_brand":[],"product_cat":[13072,12291],"product_tag":[],"class_list":{"0":"post-737326","1":"product","2":"type-product","3":"status-publish","5":"product_cat-arastirma-inceleme-referans","6":"product_cat-edebiyat","7":"pa_cilt-ciltsiz","8":"pa_tur-kitap","9":"pa_yayinevi-bilge-kultur-sanat","10":"pa_yazar-cemal-kurnaz","12":"first","13":"instock","14":"sale","15":"shipping-taxable","16":"purchasable","17":"product-type-simple"},"_links":{"self":[{"href":"https:\/\/roveyayinevi.com.tr\/index.php\/wp-json\/wp\/v2\/product\/737326","targetHints":{"allow":["GET"]}}],"collection":[{"href":"https:\/\/roveyayinevi.com.tr\/index.php\/wp-json\/wp\/v2\/product"}],"about":[{"href":"https:\/\/roveyayinevi.com.tr\/index.php\/wp-json\/wp\/v2\/types\/product"}],"wp:attachment":[{"href":"https:\/\/roveyayinevi.com.tr\/index.php\/wp-json\/wp\/v2\/media?parent=737326"}],"wp:term":[{"taxonomy":"product_brand","embeddable":true,"href":"https:\/\/roveyayinevi.com.tr\/index.php\/wp-json\/wp\/v2\/product_brand?post=737326"},{"taxonomy":"product_cat","embeddable":true,"href":"https:\/\/roveyayinevi.com.tr\/index.php\/wp-json\/wp\/v2\/product_cat?post=737326"},{"taxonomy":"product_tag","embeddable":true,"href":"https:\/\/roveyayinevi.com.tr\/index.php\/wp-json\/wp\/v2\/product_tag?post=737326"}],"curies":[{"name":"wp","href":"https:\/\/api.w.org\/{rel}","templated":true}]}}