{"id":737325,"date":"2025-08-27T23:26:04","date_gmt":"2025-08-27T20:26:04","guid":{"rendered":"https:\/\/roveyayinevi.com.tr\/index.php\/urun\/kusatma-2\/"},"modified":"2026-04-16T02:46:46","modified_gmt":"2026-04-15T23:46:46","slug":"kusatma-2","status":"publish","type":"product","link":"https:\/\/roveyayinevi.com.tr\/index.php\/urun\/kusatma-2\/","title":{"rendered":"Ku\u015fatma"},"content":{"rendered":"<p>Size sahnede alk\u0131\u015flat\u0131lan sahte kahramanlar\u0131n de\u011fil, Kanlar\u0131yla vatan topra\u011f\u0131n\u0131 sulayan unutulmazlar\u0131n hik\u00e2yesi. Soluksuz, sars\u0131larak okuyacaks\u0131n\u0131z.   Hikmet Erdo\u011fdu, Ku\u015fatma\u2019da vatan\u0131 i\u00e7in kendinden vazge\u00e7ip yurdun her kar\u0131\u015f topra\u011f\u0131n\u0131 evi belleyenlerin hik\u00e2yesini anlat\u0131yor. G\u00fcneydo\u011fu\u2019da ter\u00f6rle m\u00fccadele eden Mehmet\u00e7i\u011fin en yal\u0131n h\u00e2llerini, d\u00fcn ile bug\u00fcn aras\u0131nda s\u0131k\u0131\u015fm\u0131\u015f, eksik b\u0131rak\u0131lm\u0131\u015f ya\u015famlar\u0131n perde arkas\u0131n\u0131 g\u00f6zler \u00f6n\u00fcne seriyor. Erdo\u011fdu\u2019nun ger\u00e7eklerden dam\u0131tarak t\u00fcm zorlu\u011fa, yoksunlu\u011fa, m\u00fccadeleye ra\u011fmen dostluk ve adanm\u0131\u015fl\u0131kla kurdu\u011fu d\u00fcnyas\u0131na tan\u0131k olurken vatan sevgisini en derinlerinizde hissedeceksiniz.   \u201cYine vatan\u0131 kurtarmaya m\u0131 gidiyorsun K\u00fcr\u015fad? Bu sefer arkandan a\u011flayacak biri var m\u0131?\u201d diye sormu\u015ftu. K\u00fcr\u015fad kap\u0131dan \u00e7\u0131karken, y\u0131llar\u0131n k\u0131zg\u0131nl\u0131\u011f\u0131n\u0131 iki c\u00fcmleye s\u0131\u011fd\u0131ran Nagehan\u2019a bak\u0131p cevap vermi\u015fti: \u201cSevdikleri i\u00e7in kendini feda etmeyenlerin, sevdikleri i\u00e7in a\u011flamaya hakk\u0131 yoktur.\u201d <\/p>\n","protected":false},"excerpt":{"rendered":"<p>Size sahnede alk\u0131\u015flat\u0131lan sahte kahramanlar\u0131n de\u011fil, Kanlar\u0131yla vatan topra\u011f\u0131n\u0131 sulayan unutulmazlar\u0131n hik\u00e2yesi. Soluksuz, sars\u0131larak okuyacaks\u0131n\u0131z. Hikmet Erdo\u011fdu, Ku\u015fatma\u2019da vatan\u0131 i\u00e7in kendinden vazge\u00e7ip yurdun her kar\u0131\u015f topra\u011f\u0131n\u0131<span class=\"excerpt-hellip\"> [\u2026]<\/span><\/p>\n","protected":false},"featured_media":0,"template":"","meta":{"_monsterinsights_skip_tracking":false,"_monsterinsights_sitenote_active":false,"_monsterinsights_sitenote_note":"","_monsterinsights_sitenote_category":0},"product_brand":[],"product_cat":[12291,12711],"product_tag":[],"class_list":{"0":"post-737325","1":"product","2":"type-product","3":"status-publish","5":"product_cat-edebiyat","6":"product_cat-roman-oyku","7":"pa_cilt-ciltsiz","8":"pa_tur-kitap","9":"pa_yayinevi-bilge-kultur-sanat","10":"pa_yazar-hikmet-erdogdu","12":"first","13":"instock","14":"sale","15":"shipping-taxable","16":"purchasable","17":"product-type-simple"},"_links":{"self":[{"href":"https:\/\/roveyayinevi.com.tr\/index.php\/wp-json\/wp\/v2\/product\/737325","targetHints":{"allow":["GET"]}}],"collection":[{"href":"https:\/\/roveyayinevi.com.tr\/index.php\/wp-json\/wp\/v2\/product"}],"about":[{"href":"https:\/\/roveyayinevi.com.tr\/index.php\/wp-json\/wp\/v2\/types\/product"}],"wp:attachment":[{"href":"https:\/\/roveyayinevi.com.tr\/index.php\/wp-json\/wp\/v2\/media?parent=737325"}],"wp:term":[{"taxonomy":"product_brand","embeddable":true,"href":"https:\/\/roveyayinevi.com.tr\/index.php\/wp-json\/wp\/v2\/product_brand?post=737325"},{"taxonomy":"product_cat","embeddable":true,"href":"https:\/\/roveyayinevi.com.tr\/index.php\/wp-json\/wp\/v2\/product_cat?post=737325"},{"taxonomy":"product_tag","embeddable":true,"href":"https:\/\/roveyayinevi.com.tr\/index.php\/wp-json\/wp\/v2\/product_tag?post=737325"}],"curies":[{"name":"wp","href":"https:\/\/api.w.org\/{rel}","templated":true}]}}