{"id":737324,"date":"2025-08-27T23:26:03","date_gmt":"2025-08-27T20:26:03","guid":{"rendered":"https:\/\/roveyayinevi.com.tr\/index.php\/urun\/turk-halk-siirinde-sekil-ve-turler\/"},"modified":"2026-04-16T02:46:46","modified_gmt":"2026-04-15T23:46:46","slug":"turk-halk-siirinde-sekil-ve-turler","status":"publish","type":"product","link":"https:\/\/roveyayinevi.com.tr\/index.php\/urun\/turk-halk-siirinde-sekil-ve-turler\/","title":{"rendered":"T\u00fcrk Halk \u015eiirinde \u015eekil ve T\u00fcrler"},"content":{"rendered":"<p>Ahmet Tal\u00e2t Onay&#8217;\u0131n \u00fcn\u00fcn\u00fc sa\u011flayan eserlerinin ba\u015f\u0131nda Halk \u015eiirlerinin \u015eekil ve Nev&#8217;i gelir. Yazar bu eserinde, \u00f6rneklerden hareketle halk \u015fiirimizin baz\u0131 kurallar\u0131n\u0131 tespit etmeyi denemi\u015ftir. Fuat K\u00f6pr\u00fcl\u00fc, Veled \u00c7elebi, Necip \u00c2s\u0131m, Ahmet Kemal, Nurullah Ata\u00e7, Brockelman ve Kowalski gibi yerli ve yabanc\u0131 ilim adam\u0131 ve edebiyat\u00e7\u0131lar bu eserlerin \u00f6nemini g\u00f6steren tenkit ve tan\u0131tma yaz\u0131lar\u0131 yazm\u0131\u015flard\u0131r. Ahmet Tal\u00e2t, Halk \u015eiirlerinin \u015eekil ve Nev&#8217;i&#8217;ni 1924&#8217;te yazm\u0131\u015f, 1928 y\u0131l\u0131nda Maarif Vek\u00e2leti taraf\u0131ndan yay\u0131nlanm\u0131\u015ft\u0131r. Yazar, 1940\u2019ta eserini ilavelerle geni\u015fletmi\u015f ise de, sa\u011fl\u0131\u011f\u0131nda ikinci bask\u0131s\u0131 yap\u0131lamam\u0131\u015ft\u0131r.       Ahmet Tal\u00e2t, eseri yeni bask\u0131ya haz\u0131rlarken, eski bask\u0131da bulunan bir\u00e7ok konuyu bazen yeniden yazacak kadar de\u011fi\u015ftirmi\u015f ve geni\u015fletmi\u015f, bazen de yeni konular ilave etmi\u015ftir. Bu ilaveler sonucunda ilk bask\u0131s\u0131 166 sayfa olan eser, 400 sayfaya ula\u015fm\u0131\u015ft\u0131r      T\u00fcrk Halk \u015eiirlerinin \u015eekil ve Nev&#8217;i, kendi konusunda ilk kapsaml\u0131 \u00e7al\u0131\u015fmad\u0131r. \u00c7ok ve \u00e7e\u015fitli \u00f6rnek ihtiva etmektedir. Yazar\u0131n ifadesiyle, halk edebiyat\u0131 tarihi yazacaklar i\u00e7in zengin malzeme vermektedir. \u00d6nerdi\u011fi baz\u0131 terimler bug\u00fcn i\u00e7in yad\u0131rgansa ve hatta baz\u0131 fikirleri eskimi\u015f, eksik ve yanl\u0131\u015f olsa dahi, halk edebiyat\u0131 alan\u0131nda \u00e7al\u0131\u015facaklar\u0131n ba\u015fvurmadan ge\u00e7emeyecekleri klasik kaynaklar aras\u0131nda yerini alm\u0131\u015ft\u0131r. Yazar\u0131n sa\u011fl\u0131\u011f\u0131nda b\u00fcy\u00fck \u00f6l\u00e7\u00fcde geni\u015fletti\u011fi bu yeni bask\u0131ya, g\u00fcn\u00fcm\u00fcz okuyucusuna hitap etmek amac\u0131yla Halk \u015eiirinde \u015eekil ve T\u00fcrler demeyi uygun g\u00f6rd\u00fck. Eserin, halk edebiyat\u0131 ara\u015ft\u0131rmac\u0131lar\u0131 i\u00e7in yararl\u0131 olmas\u0131n\u0131 dileriz. <\/p>\n","protected":false},"excerpt":{"rendered":"<p>Ahmet Tal\u00e2t Onay&#8217;\u0131n \u00fcn\u00fcn\u00fc sa\u011flayan eserlerinin ba\u015f\u0131nda Halk \u015eiirlerinin \u015eekil ve Nev&#8217;i gelir. Yazar bu eserinde, \u00f6rneklerden hareketle halk \u015fiirimizin baz\u0131 kurallar\u0131n\u0131 tespit etmeyi denemi\u015ftir. Fuat<span class=\"excerpt-hellip\"> [\u2026]<\/span><\/p>\n","protected":false},"featured_media":0,"template":"","meta":{"_monsterinsights_skip_tracking":false,"_monsterinsights_sitenote_active":false,"_monsterinsights_sitenote_note":"","_monsterinsights_sitenote_category":0},"product_brand":[],"product_cat":[13072,12291],"product_tag":[],"class_list":{"0":"post-737324","1":"product","2":"type-product","3":"status-publish","5":"product_cat-arastirma-inceleme-referans","6":"product_cat-edebiyat","7":"pa_cilt-ciltsiz","8":"pa_tur-kitap","9":"pa_yayinevi-bilge-kultur-sanat","10":"pa_yazar-ahmet-talat-onay","12":"first","13":"instock","14":"sale","15":"shipping-taxable","16":"purchasable","17":"product-type-simple"},"_links":{"self":[{"href":"https:\/\/roveyayinevi.com.tr\/index.php\/wp-json\/wp\/v2\/product\/737324","targetHints":{"allow":["GET"]}}],"collection":[{"href":"https:\/\/roveyayinevi.com.tr\/index.php\/wp-json\/wp\/v2\/product"}],"about":[{"href":"https:\/\/roveyayinevi.com.tr\/index.php\/wp-json\/wp\/v2\/types\/product"}],"wp:attachment":[{"href":"https:\/\/roveyayinevi.com.tr\/index.php\/wp-json\/wp\/v2\/media?parent=737324"}],"wp:term":[{"taxonomy":"product_brand","embeddable":true,"href":"https:\/\/roveyayinevi.com.tr\/index.php\/wp-json\/wp\/v2\/product_brand?post=737324"},{"taxonomy":"product_cat","embeddable":true,"href":"https:\/\/roveyayinevi.com.tr\/index.php\/wp-json\/wp\/v2\/product_cat?post=737324"},{"taxonomy":"product_tag","embeddable":true,"href":"https:\/\/roveyayinevi.com.tr\/index.php\/wp-json\/wp\/v2\/product_tag?post=737324"}],"curies":[{"name":"wp","href":"https:\/\/api.w.org\/{rel}","templated":true}]}}