{"id":737322,"date":"2025-08-27T23:26:00","date_gmt":"2025-08-27T20:26:00","guid":{"rendered":"https:\/\/roveyayinevi.com.tr\/index.php\/urun\/mila-ve-sarpin-matematik-oykuleri-5-fidanlar-buyuyor\/"},"modified":"2026-04-16T02:46:46","modified_gmt":"2026-04-15T23:46:46","slug":"mila-ve-sarpin-matematik-oykuleri-5-fidanlar-buyuyor","status":"publish","type":"product","link":"https:\/\/roveyayinevi.com.tr\/index.php\/urun\/mila-ve-sarpin-matematik-oykuleri-5-fidanlar-buyuyor\/","title":{"rendered":"Mila ve Sarp&#8217;\u0131n Matematik \u00d6yk\u00fcleri 5 &#8211; Fidanlar B\u00fcy\u00fcyor"},"content":{"rendered":"<p>Mila ve Sarp 6 ya\u015f\u0131nda \u00e7ok iyi anla\u015fan iki arkada\u015f. Ayn\u0131 okula gidiyorlar, ayn\u0131 sokakta oturuyorlar ve okul sonras\u0131 zamanlar\u0131n\u0131n \u00e7o\u011funu birlikte ge\u00e7iriyorlar. Bu \u00f6yk\u00fcm\u00fczde, Mila ve Sarp Orman Haftas\u0131 etkinliklerine kat\u0131l\u0131yor. Yapacaklar\u0131 projede fidanlar\u0131n\u0131n b\u0131yunu \u00f6l\u00e7erken sorun ya\u015f\u0131yorlar. Serinin 5.kitab\u0131nda Mila ve Sarp, farkl\u0131 y\u00f6ntemlerle uzunluk \u00f6l\u00e7meyi \u00f6\u011freniyorlar. <\/p>\n","protected":false},"excerpt":{"rendered":"<p>Mila ve Sarp 6 ya\u015f\u0131nda \u00e7ok iyi anla\u015fan iki arkada\u015f. Ayn\u0131 okula gidiyorlar, ayn\u0131 sokakta oturuyorlar ve okul sonras\u0131 zamanlar\u0131n\u0131n \u00e7o\u011funu birlikte ge\u00e7iriyorlar. Bu \u00f6yk\u00fcm\u00fczde, Mila<span class=\"excerpt-hellip\"> [\u2026]<\/span><\/p>\n","protected":false},"featured_media":0,"template":"","meta":{"_monsterinsights_skip_tracking":false,"_monsterinsights_sitenote_active":false,"_monsterinsights_sitenote_note":"","_monsterinsights_sitenote_category":0},"product_brand":[],"product_cat":[12275,12274],"product_tag":[],"class_list":{"0":"post-737322","1":"product","2":"type-product","3":"status-publish","5":"product_cat-6-12-yas-kitaplari","6":"product_cat-cocuk-ve-genclik-kitaplari","7":"pa_cilt-ciltsiz","8":"pa_tur-kitap","9":"pa_yayinevi-potikare-yayincilik","10":"pa_yazar-potikare-kolektif","12":"first","13":"instock","14":"sale","15":"shipping-taxable","16":"purchasable","17":"product-type-simple"},"_links":{"self":[{"href":"https:\/\/roveyayinevi.com.tr\/index.php\/wp-json\/wp\/v2\/product\/737322","targetHints":{"allow":["GET"]}}],"collection":[{"href":"https:\/\/roveyayinevi.com.tr\/index.php\/wp-json\/wp\/v2\/product"}],"about":[{"href":"https:\/\/roveyayinevi.com.tr\/index.php\/wp-json\/wp\/v2\/types\/product"}],"wp:attachment":[{"href":"https:\/\/roveyayinevi.com.tr\/index.php\/wp-json\/wp\/v2\/media?parent=737322"}],"wp:term":[{"taxonomy":"product_brand","embeddable":true,"href":"https:\/\/roveyayinevi.com.tr\/index.php\/wp-json\/wp\/v2\/product_brand?post=737322"},{"taxonomy":"product_cat","embeddable":true,"href":"https:\/\/roveyayinevi.com.tr\/index.php\/wp-json\/wp\/v2\/product_cat?post=737322"},{"taxonomy":"product_tag","embeddable":true,"href":"https:\/\/roveyayinevi.com.tr\/index.php\/wp-json\/wp\/v2\/product_tag?post=737322"}],"curies":[{"name":"wp","href":"https:\/\/api.w.org\/{rel}","templated":true}]}}