{"id":737321,"date":"2025-08-27T23:25:59","date_gmt":"2025-08-27T20:25:59","guid":{"rendered":"https:\/\/roveyayinevi.com.tr\/index.php\/urun\/dikeniko\/"},"modified":"2026-04-16T02:46:46","modified_gmt":"2026-04-15T23:46:46","slug":"dikeniko","status":"publish","type":"product","link":"https:\/\/roveyayinevi.com.tr\/index.php\/urun\/dikeniko\/","title":{"rendered":"Dikeniko"},"content":{"rendered":"<p>Kara kara kapkara bir ormanda, her yan\u0131 dikenlerle kapl\u0131 bir yarat\u0131k ya\u015f\u0131yordu: Dikeniko! S\u0131rt\u0131 dikenliydi. Karn\u0131 dikenliydi. Ba\u015f\u0131 dikenliydi. Poposu dikenliydi. Hatta kollar\u0131nda ve dizlerinde bile dikenler vard\u0131. G\u00fcnlerden bir g\u00fcn, hi\u00e7 beklenmedik bir \u015fey oldu: Dikeniko\u2019nun dikenleri d\u00f6k\u00fcl\u00fcverdi. O kapkara, dikenli yarat\u0131\u011f\u0131n yerini lokum gibi pembe, yumu\u015fak bir yarat\u0131k ald\u0131. Art\u0131k kimseyi korkutamayacaksa, nas\u0131l ya\u015fayacakt\u0131 ki?   Ilaria Guarducci\u2019nin yazd\u0131\u011f\u0131 ve resimledi\u011fi Dikeniko\u2019yu, Eren Cendey \u0130talyanca asl\u0131ndan \u00e7evirerek dilimize kazand\u0131rd\u0131. <\/p>\n","protected":false},"excerpt":{"rendered":"<p>Kara kara kapkara bir ormanda, her yan\u0131 dikenlerle kapl\u0131 bir yarat\u0131k ya\u015f\u0131yordu: Dikeniko! S\u0131rt\u0131 dikenliydi. Karn\u0131 dikenliydi. Ba\u015f\u0131 dikenliydi. Poposu dikenliydi. Hatta kollar\u0131nda ve dizlerinde bile<span class=\"excerpt-hellip\"> [\u2026]<\/span><\/p>\n","protected":false},"featured_media":0,"template":"","meta":{"_monsterinsights_skip_tracking":false,"_monsterinsights_sitenote_active":false,"_monsterinsights_sitenote_note":"","_monsterinsights_sitenote_category":0},"product_brand":[],"product_cat":[12913,12274],"product_tag":[],"class_list":{"0":"post-737321","1":"product","2":"type-product","3":"status-publish","5":"product_cat-3-6-yas-kitaplari","6":"product_cat-cocuk-ve-genclik-kitaplari","7":"pa_cilt-ciltsiz","8":"pa_tur-kitap","9":"pa_yayinevi-potikare-yayincilik","10":"pa_yazar-ilaria-guarducci","12":"first","13":"instock","14":"sale","15":"shipping-taxable","16":"purchasable","17":"product-type-simple"},"_links":{"self":[{"href":"https:\/\/roveyayinevi.com.tr\/index.php\/wp-json\/wp\/v2\/product\/737321","targetHints":{"allow":["GET"]}}],"collection":[{"href":"https:\/\/roveyayinevi.com.tr\/index.php\/wp-json\/wp\/v2\/product"}],"about":[{"href":"https:\/\/roveyayinevi.com.tr\/index.php\/wp-json\/wp\/v2\/types\/product"}],"wp:attachment":[{"href":"https:\/\/roveyayinevi.com.tr\/index.php\/wp-json\/wp\/v2\/media?parent=737321"}],"wp:term":[{"taxonomy":"product_brand","embeddable":true,"href":"https:\/\/roveyayinevi.com.tr\/index.php\/wp-json\/wp\/v2\/product_brand?post=737321"},{"taxonomy":"product_cat","embeddable":true,"href":"https:\/\/roveyayinevi.com.tr\/index.php\/wp-json\/wp\/v2\/product_cat?post=737321"},{"taxonomy":"product_tag","embeddable":true,"href":"https:\/\/roveyayinevi.com.tr\/index.php\/wp-json\/wp\/v2\/product_tag?post=737321"}],"curies":[{"name":"wp","href":"https:\/\/api.w.org\/{rel}","templated":true}]}}