{"id":737319,"date":"2025-08-27T23:25:57","date_gmt":"2025-08-27T20:25:57","guid":{"rendered":"https:\/\/roveyayinevi.com.tr\/index.php\/urun\/filozofun-takim-cantasi\/"},"modified":"2026-02-03T03:02:07","modified_gmt":"2026-02-03T00:02:07","slug":"filozofun-takim-cantasi","status":"publish","type":"product","link":"https:\/\/roveyayinevi.com.tr\/index.php\/urun\/filozofun-takim-cantasi\/","title":{"rendered":"Filozofun Tak\u0131m \u00c7antas\u0131"},"content":{"rendered":"<p>Tarih boyunca filozoflar\u0131n kulland\u0131\u011f\u0131 y\u00f6ntemleri ve fikirleri merak eden, felsefede kullan\u0131lan kavramsal ara\u00e7lar \u00fczerine iyi bir referans \u00e7al\u0131\u015fmas\u0131 arayan okurlar i\u00e7in haz\u0131rlanan \u201cFilozofun Tak\u0131m \u00c7antas\u0131\u201d kitab\u0131, okuyucusuna neyin do\u011fru oldu\u011fu hakk\u0131nda bilgi vermez.   Yazar Julian Baggini ve Prof. Peter Fosl sorular\u0131n nas\u0131l do\u011fru bir \u015fekilde \u00e7er\u00e7evelenece\u011fini ve sorulaca\u011f\u0131n\u0131, belki de kendi ba\u015f\u0131n\u0131za \u00f6\u011frenmenin temel yollar\u0131n\u0131 anlat\u0131yor. Tart\u0131\u015fma ara\u00e7lar\u0131na giri\u015f niteli\u011fi ta\u015f\u0131yan bu eser felsefeyi bir hobi olarak g\u00f6ren ve ba\u015flang\u0131\u00e7 seviyesinde ilgi duyan okurlar\u0131n mutlaka okumas\u0131 gereken bir eserdir.   \u00c7o\u011fumuz felsefeyi zor, karma\u015f\u0131k ve anla\u015f\u0131lmaz buluruz. Belki de b\u00f6yle d\u00fc\u015f\u00fcnmemizin sebebi do\u011fru kitapla bug\u00fcne dek kar\u015f\u0131la\u015fmamam\u0131zd\u0131r. Peki analitik ve felsefi becerilerinizi geli\u015ftirmek i\u00e7in kullanabilece\u011finiz t\u00fcm aletlerin bir arada bulundu\u011fu, kullan\u0131\u015fl\u0131 bir tak\u0131m \u00e7antas\u0131na sahip olaca\u011f\u0131n\u0131z\u0131 s\u00f6ylesek? \u0130ngiliz yazar ve filozof Julian Baggini ve Amerikal\u0131 felsefe profes\u00f6r\u00fc Peter Fosl; felsefi d\u00fc\u015f\u00fcnmeye katk\u0131 sa\u011flayan y\u00f6ntemlerin, y\u00fczlerce terimin ve temelden ileri d\u00fczeye kadar bir\u00e7ok kavramsal a\u00e7\u0131klaman\u0131n da i\u00e7inde oldu\u011fu bir felsefi tak\u0131m \u00e7antas\u0131 sunuyor. Okuyuculara do\u011fru ya da yanl\u0131\u015f bir iddiada bulunan \u00f6nc\u00fcllerini nas\u0131l ortaya koyacaklar\u0131n\u0131, bunlar\u0131 nas\u0131l kan\u0131tlay\u0131p sonu\u00e7lar \u00e7\u0131karacaklar\u0131n\u0131 ve net bir arg\u00fcman yoluyla nas\u0131l par\u00e7alar\u0131na ay\u0131r\u0131p test edeceklerini kapsaml\u0131 bir \u015fekilde \u00f6\u011fretiyor.   Felsefe \u00f6\u011frencileri ve merakl\u0131lar\u0131, felsefeye nereden ba\u015flayaca\u011f\u0131n\u0131 bilmeyenler ve d\u00fc\u015f\u00fcnme becerilerini geli\u015ftirmek isteyenler i\u00e7in haz\u0131rlanm\u0131\u015f Filozofun Tak\u0131m \u00c7antas\u0131 \u00f6m\u00fcr boyu kullanabilece\u011finiz \u00e7ok y\u00f6nl\u00fc bir kaynak. <\/p>\n","protected":false},"excerpt":{"rendered":"<p>Tarih boyunca filozoflar\u0131n kulland\u0131\u011f\u0131 y\u00f6ntemleri ve fikirleri merak eden, felsefede kullan\u0131lan kavramsal ara\u00e7lar \u00fczerine iyi bir referans \u00e7al\u0131\u015fmas\u0131 arayan okurlar i\u00e7in haz\u0131rlanan \u201cFilozofun Tak\u0131m \u00c7antas\u0131\u201d kitab\u0131,<span class=\"excerpt-hellip\"> [\u2026]<\/span><\/p>\n","protected":false},"featured_media":0,"template":"","meta":{"_monsterinsights_skip_tracking":false,"_monsterinsights_sitenote_active":false,"_monsterinsights_sitenote_note":"","_monsterinsights_sitenote_category":0},"product_brand":[],"product_cat":[12388,26788],"product_tag":[],"class_list":{"0":"post-737319","1":"product","2":"type-product","3":"status-publish","5":"product_cat-felsefe","6":"product_cat-filozoflar","7":"pa_cilt-ciltsiz","8":"pa_tur-kitap","9":"pa_yayinevi-the-kitap","10":"pa_yazar-julian-baggini-peter-fosl","12":"first","13":"instock","14":"sale","15":"shipping-taxable","16":"purchasable","17":"product-type-simple"},"_links":{"self":[{"href":"https:\/\/roveyayinevi.com.tr\/index.php\/wp-json\/wp\/v2\/product\/737319","targetHints":{"allow":["GET"]}}],"collection":[{"href":"https:\/\/roveyayinevi.com.tr\/index.php\/wp-json\/wp\/v2\/product"}],"about":[{"href":"https:\/\/roveyayinevi.com.tr\/index.php\/wp-json\/wp\/v2\/types\/product"}],"wp:attachment":[{"href":"https:\/\/roveyayinevi.com.tr\/index.php\/wp-json\/wp\/v2\/media?parent=737319"}],"wp:term":[{"taxonomy":"product_brand","embeddable":true,"href":"https:\/\/roveyayinevi.com.tr\/index.php\/wp-json\/wp\/v2\/product_brand?post=737319"},{"taxonomy":"product_cat","embeddable":true,"href":"https:\/\/roveyayinevi.com.tr\/index.php\/wp-json\/wp\/v2\/product_cat?post=737319"},{"taxonomy":"product_tag","embeddable":true,"href":"https:\/\/roveyayinevi.com.tr\/index.php\/wp-json\/wp\/v2\/product_tag?post=737319"}],"curies":[{"name":"wp","href":"https:\/\/api.w.org\/{rel}","templated":true}]}}