{"id":737315,"date":"2025-08-27T23:25:53","date_gmt":"2025-08-27T20:25:53","guid":{"rendered":"https:\/\/roveyayinevi.com.tr\/index.php\/urun\/bir-kadin-gibi-birak\/"},"modified":"2026-04-16T02:46:45","modified_gmt":"2026-04-15T23:46:45","slug":"bir-kadin-gibi-birak","status":"publish","type":"product","link":"https:\/\/roveyayinevi.com.tr\/index.php\/urun\/bir-kadin-gibi-birak\/","title":{"rendered":"Bir Kad\u0131n Gibi B\u0131rak"},"content":{"rendered":"<p>Alkolle kafay\u0131 bozmu\u015f bir d\u00fcnyada ya\u015f\u0131yoruz. \u0130\u015f etkinliklerinde, kahvalt\u0131larda, kitap kul\u00fcplerinde, mezuniyetlerde, cenazelerde i\u00e7iyoruz. Yine de alkol\u00fcn her yerde bulunmas\u0131n\u0131 sorgulayan kimse yok; asl\u0131nda, sorgulad\u0131\u011f\u0131m\u0131z tek \u015fey, i\u00e7ki i\u00e7meyen birinin bunu neden yapt\u0131\u011f\u0131. Holly Whitaker bir\u00e7ok i\u00e7ki aleminin ard\u0131ndan yard\u0131m almaya karar verdi\u011fi zaman, egemen tedavi sistemlerinin ilkel, ataerkil ve kad\u0131nlar ile tarihteki di\u011fer bast\u0131r\u0131lm\u0131\u015f gruplar\u0131n kendilerine \u00f6zg\u00fc gereksinimleri i\u00e7in yetersiz oldu\u011funu fark etti. Dahas\u0131, t\u0131pk\u0131 nesiller \u00f6nce t\u00fct\u00fcn \u015firketlerinin ba\u015far\u0131l\u0131 bir \u015fekilde yapt\u0131\u011f\u0131 gibi, alkol \u015firketlerinin kad\u0131nlar\u0131 hedef al\u0131\u015f\u0131n\u0131 g\u00f6rmezden gelemedi.Holly kendi ba\u011f\u0131ml\u0131l\u0131\u011f\u0131ndan yola \u00e7\u0131karak alternatif bir y\u00f6ntem geli\u015ftirdi\u011fi zaman, alkolle aras\u0131ndaki ili\u015fkiyi sorgulayanlar\u0131n kat\u0131labilece\u011fi bir ay\u0131k ya\u015fam toplulu\u011fu yaratmaya gerek duydu. B\u00f6ylece herkes kendi yolunu ke\u015ffedebilecekti. Bu kitap her \u015feyden \u00f6nce i\u00e7ki i\u00e7me k\u00fclt\u00fcr\u00fcnde deprem etkisi yaratacak bir bak\u0131\u015f a\u00e7\u0131s\u0131d\u0131r. Ayn\u0131 zamanda da, t\u00fcm zehirlerden ar\u0131nm\u0131\u015f, en kusursuz, en g\u00fczel hayatlar\u0131m\u0131z\u0131 ya\u015famam\u0131za yard\u0131mc\u0131 olacak bir yol haritas\u0131d\u0131r. Bir Kad\u0131n Gibi B\u0131rak, i\u00e7ki i\u00e7mekle ilgili d\u00fc\u015f\u00fcncelerinizde bir devrim yaratacak.<\/p>\n","protected":false},"excerpt":{"rendered":"<p>Alkolle kafay\u0131 bozmu\u015f bir d\u00fcnyada ya\u015f\u0131yoruz. \u0130\u015f etkinliklerinde, kahvalt\u0131larda, kitap kul\u00fcplerinde, mezuniyetlerde, cenazelerde i\u00e7iyoruz. Yine de alkol\u00fcn her yerde bulunmas\u0131n\u0131 sorgulayan kimse yok; asl\u0131nda, sorgulad\u0131\u011f\u0131m\u0131z tek<span class=\"excerpt-hellip\"> [\u2026]<\/span><\/p>\n","protected":false},"featured_media":0,"template":"","meta":{"_monsterinsights_skip_tracking":false,"_monsterinsights_sitenote_active":false,"_monsterinsights_sitenote_note":"","_monsterinsights_sitenote_category":0},"product_brand":[],"product_cat":[20313,13365],"product_tag":[],"class_list":{"0":"post-737315","1":"product","2":"type-product","3":"status-publish","5":"product_cat-basvuru-kitaplari-saglik","6":"product_cat-saglik","7":"pa_cilt-ciltsiz","8":"pa_tur-kitap","9":"pa_yayinevi-theseus-yayinevi","10":"pa_yazar-holly-whitaker","12":"first","13":"instock","14":"sale","15":"shipping-taxable","16":"purchasable","17":"product-type-simple"},"_links":{"self":[{"href":"https:\/\/roveyayinevi.com.tr\/index.php\/wp-json\/wp\/v2\/product\/737315","targetHints":{"allow":["GET"]}}],"collection":[{"href":"https:\/\/roveyayinevi.com.tr\/index.php\/wp-json\/wp\/v2\/product"}],"about":[{"href":"https:\/\/roveyayinevi.com.tr\/index.php\/wp-json\/wp\/v2\/types\/product"}],"wp:attachment":[{"href":"https:\/\/roveyayinevi.com.tr\/index.php\/wp-json\/wp\/v2\/media?parent=737315"}],"wp:term":[{"taxonomy":"product_brand","embeddable":true,"href":"https:\/\/roveyayinevi.com.tr\/index.php\/wp-json\/wp\/v2\/product_brand?post=737315"},{"taxonomy":"product_cat","embeddable":true,"href":"https:\/\/roveyayinevi.com.tr\/index.php\/wp-json\/wp\/v2\/product_cat?post=737315"},{"taxonomy":"product_tag","embeddable":true,"href":"https:\/\/roveyayinevi.com.tr\/index.php\/wp-json\/wp\/v2\/product_tag?post=737315"}],"curies":[{"name":"wp","href":"https:\/\/api.w.org\/{rel}","templated":true}]}}