{"id":737314,"date":"2025-08-27T23:25:51","date_gmt":"2025-08-27T20:25:51","guid":{"rendered":"https:\/\/roveyayinevi.com.tr\/index.php\/urun\/axomghot-ara-devir\/"},"modified":"2026-04-16T02:46:45","modified_gmt":"2026-04-15T23:46:45","slug":"axomghot-ara-devir","status":"publish","type":"product","link":"https:\/\/roveyayinevi.com.tr\/index.php\/urun\/axomghot-ara-devir\/","title":{"rendered":"Axomghot &#8211; Ara Devir"},"content":{"rendered":"<p>Gurur\u2026 Berd\u2019in g\u00f6zlerinin derinliklerinden hayk\u0131rd\u0131 kuvvetli varl\u0131\u011f\u0131n\u0131. \u015eanl\u0131 bir zafer bile bu sahne kadar anlaml\u0131 olamazd\u0131. Yolunun \u00f6n\u00fcnde diz \u00e7\u00f6kt\u00fc eli kanl\u0131 sava\u015f\u00e7\u0131lar\u0131. A\u011f\u0131r a\u011f\u0131r y\u00fcr\u00fcd\u00fc yaratt\u0131\u011f\u0131 mabede sonra. Bir elinde Axomghot\u2019un mukaddes sanca\u011f\u0131, di\u011ferinde Tyekajin\u2019in \u00fc\u00e7l\u00fc k\u0131l\u0131c\u0131\u2026 Ayaklar\u0131n\u0131 ge\u00e7irdi kimi \u00f6l\u00fc ba\u015f\u0131n a\u011fz\u0131na, kiminin burnuna bast\u0131. Her birinden \u00fcst\u00fcnde bir iz kald\u0131.Sadece bedeni de\u011fil, ruhu da y\u00fckseliyordu \u00f6l\u00fclerin \u00fcst\u00fcnde. Zirveye ula\u015ft\u0131\u011f\u0131nda, garip bir heyecan dalgaland\u0131 y\u00fcre\u011finde. Galibiyetten daha ulvi bir tat\u2026 Ba\u015far\u0131dan daha kuvvetli bir haz hissetti. Sanca\u011f\u0131 dikti en tepeye. Sa\u011f eliyle sapasa\u011flam tuttu demirinden. Sol elindeki k\u0131l\u0131\u00e7la selam verdi onu izleyenlere. \u201cYesssaaaaaah!\u201d diye k\u00fckredi t\u00fcm Yeriyaako\u2019ya. G\u00fcne\u015f bile korkmu\u015ftu sanki ondan. \u00dcrkek\u00e7e saklan\u0131yordu mor bulutlar\u0131n ard\u0131na, ka\u00e7ar gibi bat\u0131yordu Kahir Denizin ufkundan.<\/p>\n","protected":false},"excerpt":{"rendered":"<p>Gurur\u2026 Berd\u2019in g\u00f6zlerinin derinliklerinden hayk\u0131rd\u0131 kuvvetli varl\u0131\u011f\u0131n\u0131. \u015eanl\u0131 bir zafer bile bu sahne kadar anlaml\u0131 olamazd\u0131. Yolunun \u00f6n\u00fcnde diz \u00e7\u00f6kt\u00fc eli kanl\u0131 sava\u015f\u00e7\u0131lar\u0131. A\u011f\u0131r a\u011f\u0131r y\u00fcr\u00fcd\u00fc<span class=\"excerpt-hellip\"> [\u2026]<\/span><\/p>\n","protected":false},"featured_media":0,"template":"","meta":{"_monsterinsights_skip_tracking":false,"_monsterinsights_sitenote_active":false,"_monsterinsights_sitenote_note":"","_monsterinsights_sitenote_category":0},"product_brand":[],"product_cat":[12291,12711],"product_tag":[],"class_list":{"0":"post-737314","1":"product","2":"type-product","3":"status-publish","5":"product_cat-edebiyat","6":"product_cat-roman-oyku","7":"pa_cilt-ciltsiz","8":"pa_tur-kitap","9":"pa_yayinevi-theseus-yayinevi","10":"pa_yazar-h-gunda-akay","12":"first","13":"instock","14":"sale","15":"shipping-taxable","16":"purchasable","17":"product-type-simple"},"_links":{"self":[{"href":"https:\/\/roveyayinevi.com.tr\/index.php\/wp-json\/wp\/v2\/product\/737314","targetHints":{"allow":["GET"]}}],"collection":[{"href":"https:\/\/roveyayinevi.com.tr\/index.php\/wp-json\/wp\/v2\/product"}],"about":[{"href":"https:\/\/roveyayinevi.com.tr\/index.php\/wp-json\/wp\/v2\/types\/product"}],"wp:attachment":[{"href":"https:\/\/roveyayinevi.com.tr\/index.php\/wp-json\/wp\/v2\/media?parent=737314"}],"wp:term":[{"taxonomy":"product_brand","embeddable":true,"href":"https:\/\/roveyayinevi.com.tr\/index.php\/wp-json\/wp\/v2\/product_brand?post=737314"},{"taxonomy":"product_cat","embeddable":true,"href":"https:\/\/roveyayinevi.com.tr\/index.php\/wp-json\/wp\/v2\/product_cat?post=737314"},{"taxonomy":"product_tag","embeddable":true,"href":"https:\/\/roveyayinevi.com.tr\/index.php\/wp-json\/wp\/v2\/product_tag?post=737314"}],"curies":[{"name":"wp","href":"https:\/\/api.w.org\/{rel}","templated":true}]}}