{"id":737312,"date":"2025-08-27T23:25:49","date_gmt":"2025-08-27T20:25:49","guid":{"rendered":"https:\/\/roveyayinevi.com.tr\/index.php\/urun\/arthur-ile-zamanin-izinde-evrenin-merkezine-dogru-bir-yolculuk\/"},"modified":"2026-04-16T02:46:45","modified_gmt":"2026-04-15T23:46:45","slug":"arthur-ile-zamanin-izinde-evrenin-merkezine-dogru-bir-yolculuk","status":"publish","type":"product","link":"https:\/\/roveyayinevi.com.tr\/index.php\/urun\/arthur-ile-zamanin-izinde-evrenin-merkezine-dogru-bir-yolculuk\/","title":{"rendered":"Arthur ile Zaman\u0131n \u0130zinde Evrenin Merkezine Do\u011fru Bir Yolculuk"},"content":{"rendered":"<p>D\u00fc\u015f\u00fcncelerimiz, bizi var eden tek ger\u00e7ekliktir.3 Nisan 2022&#8217;de Peter&#8217;\u0131n, Arthur isimli \u00e7alar saati ile Wagner&#8217;in Antika d\u00fckk\u00e2n\u0131na ad\u0131m atmas\u0131n\u0131n ard\u0131ndan, ge\u00e7mi\u015ften gelece\u011fe, d\u00fcnyan\u0131n kay\u0131p uygarl\u0131klar\u0131ndan evrenin galaktik uygarl\u0131klar\u0131na uzanan bir maceran\u0131n kap\u0131lar\u0131 aralan\u0131yor.\u201cAy&#8217;\u0131n y\u00fczeyinde yer alan kraterlerin \u00fczerinde boylu boyunca yuvarlanarak ilerleyen Arthur&#8217;un Amerikan bayra\u011f\u0131n\u0131n yan\u0131na geli\u015fiyle birlikte John F. Kennedy&#8217;nin ulusa sesleni\u015fi (We choose to go to the moon), Apollo 11&#8217;in yery\u00fcz\u00fcnden ayr\u0131l\u0131\u015f\u0131, insanl\u0131\u011f\u0131n Ay&#8217;a ilk ayak bas\u0131\u015f\u0131, Neil Armstrong&#8217;un s\u00f6zleri (That&#8217;s one small step for a man, one giant leap for mankind) ve hemen yan\u0131 ba\u015f\u0131nda duyumsad\u0131\u011f\u0131 Buzz Aldrin&#8217;in kar\u015f\u0131 konulamaz heyecan\u0131 ve kalp at\u0131\u015flar\u0131yla D\u00fcnya \u00fczerinde g\u00f6r\u00fcnt\u00fcleri izleyen milyonlar\u0131n gurur ve co\u015fkulu manzaras\u0131 e\u015fli\u011finde insanl\u0131k tarihinde iz b\u0131rakan anlar, g\u00f6zlerinin \u00f6n\u00fcnden bir film \u015feridi gibi akmaya ba\u015flam\u0131\u015ft\u0131.\u201d\u201cPeki, ger\u00e7ekten de her uygarl\u0131k bir noktada kendini yok etmeye programl\u0131 olabilir miydi?\u201dSerinin bu ilk kitab\u0131nda; Atlantis ile Mu k\u0131talar\u0131n\u0131n y\u00fckseli\u015fi ve bat\u0131\u015f\u0131n\u0131n ger\u00e7ekleri a\u00e7\u0131\u011fa \u00e7\u0131k\u0131yor. Di\u011fer galaksilerde ya\u015fayan bilin\u00e7li ve \u00fcst t\u00fcrlerin maceralar\u0131, D\u00fcnya&#8217;y\u0131 da etkisi alt\u0131na alacak gizemli bir ser\u00fcvene hayat veriyor. Gelecek, ge\u00e7mi\u015f, var olma amac\u0131m\u0131z ve de t\u00fcm evreni i\u00e7ine alan kaosu ve sava\u015f\u0131 anlatan bu uzay yolculu\u011funu merakla okuyacaks\u0131n\u0131z.<\/p>\n","protected":false},"excerpt":{"rendered":"<p>D\u00fc\u015f\u00fcncelerimiz, bizi var eden tek ger\u00e7ekliktir.3 Nisan 2022&#8217;de Peter&#8217;\u0131n, Arthur isimli \u00e7alar saati ile Wagner&#8217;in Antika d\u00fckk\u00e2n\u0131na ad\u0131m atmas\u0131n\u0131n ard\u0131ndan, ge\u00e7mi\u015ften gelece\u011fe, d\u00fcnyan\u0131n kay\u0131p uygarl\u0131klar\u0131ndan evrenin<span class=\"excerpt-hellip\"> [\u2026]<\/span><\/p>\n","protected":false},"featured_media":0,"template":"","meta":{"_monsterinsights_skip_tracking":false,"_monsterinsights_sitenote_active":false,"_monsterinsights_sitenote_note":"","_monsterinsights_sitenote_category":0},"product_brand":[],"product_cat":[12540,12291],"product_tag":[],"class_list":{"0":"post-737312","1":"product","2":"type-product","3":"status-publish","5":"product_cat-bilim-kurgu","6":"product_cat-edebiyat","7":"pa_cilt-ciltsiz","8":"pa_tur-kitap","9":"pa_yayinevi-theseus-yayinevi","10":"pa_yazar-d-e-verpilleux","12":"first","13":"instock","14":"sale","15":"shipping-taxable","16":"purchasable","17":"product-type-simple"},"_links":{"self":[{"href":"https:\/\/roveyayinevi.com.tr\/index.php\/wp-json\/wp\/v2\/product\/737312","targetHints":{"allow":["GET"]}}],"collection":[{"href":"https:\/\/roveyayinevi.com.tr\/index.php\/wp-json\/wp\/v2\/product"}],"about":[{"href":"https:\/\/roveyayinevi.com.tr\/index.php\/wp-json\/wp\/v2\/types\/product"}],"wp:attachment":[{"href":"https:\/\/roveyayinevi.com.tr\/index.php\/wp-json\/wp\/v2\/media?parent=737312"}],"wp:term":[{"taxonomy":"product_brand","embeddable":true,"href":"https:\/\/roveyayinevi.com.tr\/index.php\/wp-json\/wp\/v2\/product_brand?post=737312"},{"taxonomy":"product_cat","embeddable":true,"href":"https:\/\/roveyayinevi.com.tr\/index.php\/wp-json\/wp\/v2\/product_cat?post=737312"},{"taxonomy":"product_tag","embeddable":true,"href":"https:\/\/roveyayinevi.com.tr\/index.php\/wp-json\/wp\/v2\/product_tag?post=737312"}],"curies":[{"name":"wp","href":"https:\/\/api.w.org\/{rel}","templated":true}]}}