{"id":737307,"date":"2025-08-27T23:25:41","date_gmt":"2025-08-27T20:25:41","guid":{"rendered":"https:\/\/roveyayinevi.com.tr\/index.php\/urun\/abraham-gecmis-degisir\/"},"modified":"2026-04-16T02:46:45","modified_gmt":"2026-04-15T23:46:45","slug":"abraham-gecmis-degisir","status":"publish","type":"product","link":"https:\/\/roveyayinevi.com.tr\/index.php\/urun\/abraham-gecmis-degisir\/","title":{"rendered":"Abraham &#8211; Ge\u00e7mi\u015f De\u011fi\u015fir"},"content":{"rendered":"<p>2020 y\u0131l\u0131nda tesad\u00fcfen zamanda yolculuk yaparak kendini1933 Hitler D\u00f6neminde bulan Olivia\u2019n\u0131n tek kurtulu\u015f yolu o y\u0131llarda hayatta olan \u00fcnl\u00fc fizik\u00e7i Abraham Salwatowski\u2019yi bulmakt\u0131r.Cep telefonu en b\u00fcy\u00fck kan\u0131t\u0131 olacakt\u0131r.Peki Olivia kendi zaman dilimine d\u00f6nebilecek mi?\u00dcnl\u00fc fizik\u00e7iyi bulabilecek mi?1900\u2019lerdeki ya\u015fama al\u0131\u015fabilecek mi?Hitler Almanya\u2019s\u0131ndan ka\u00e7abilecek mi?Zamanda yolculu\u011fun heyecan verici d\u00fcnyas\u0131na haz\u0131rlan\u0131n\u2026<\/p>\n","protected":false},"excerpt":{"rendered":"<p>2020 y\u0131l\u0131nda tesad\u00fcfen zamanda yolculuk yaparak kendini1933 Hitler D\u00f6neminde bulan Olivia\u2019n\u0131n tek kurtulu\u015f yolu o y\u0131llarda hayatta olan \u00fcnl\u00fc fizik\u00e7i Abraham Salwatowski\u2019yi bulmakt\u0131r.Cep telefonu en b\u00fcy\u00fck<span class=\"excerpt-hellip\"> [\u2026]<\/span><\/p>\n","protected":false},"featured_media":0,"template":"","meta":{"_monsterinsights_skip_tracking":false,"_monsterinsights_sitenote_active":false,"_monsterinsights_sitenote_note":"","_monsterinsights_sitenote_category":0},"product_brand":[],"product_cat":[12291,12711],"product_tag":[],"class_list":{"0":"post-737307","1":"product","2":"type-product","3":"status-publish","5":"product_cat-edebiyat","6":"product_cat-roman-oyku","7":"pa_cilt-ciltsiz","8":"pa_tur-kitap","9":"pa_yayinevi-theseus-yayinevi","10":"pa_yazar-eda-gokceli","12":"first","13":"instock","14":"sale","15":"shipping-taxable","16":"purchasable","17":"product-type-simple"},"_links":{"self":[{"href":"https:\/\/roveyayinevi.com.tr\/index.php\/wp-json\/wp\/v2\/product\/737307","targetHints":{"allow":["GET"]}}],"collection":[{"href":"https:\/\/roveyayinevi.com.tr\/index.php\/wp-json\/wp\/v2\/product"}],"about":[{"href":"https:\/\/roveyayinevi.com.tr\/index.php\/wp-json\/wp\/v2\/types\/product"}],"wp:attachment":[{"href":"https:\/\/roveyayinevi.com.tr\/index.php\/wp-json\/wp\/v2\/media?parent=737307"}],"wp:term":[{"taxonomy":"product_brand","embeddable":true,"href":"https:\/\/roveyayinevi.com.tr\/index.php\/wp-json\/wp\/v2\/product_brand?post=737307"},{"taxonomy":"product_cat","embeddable":true,"href":"https:\/\/roveyayinevi.com.tr\/index.php\/wp-json\/wp\/v2\/product_cat?post=737307"},{"taxonomy":"product_tag","embeddable":true,"href":"https:\/\/roveyayinevi.com.tr\/index.php\/wp-json\/wp\/v2\/product_tag?post=737307"}],"curies":[{"name":"wp","href":"https:\/\/api.w.org\/{rel}","templated":true}]}}