{"id":737305,"date":"2025-08-27T23:25:39","date_gmt":"2025-08-27T20:25:39","guid":{"rendered":"https:\/\/roveyayinevi.com.tr\/index.php\/urun\/1984-21\/"},"modified":"2026-04-16T02:46:45","modified_gmt":"2026-04-15T23:46:45","slug":"1984-21","status":"publish","type":"product","link":"https:\/\/roveyayinevi.com.tr\/index.php\/urun\/1984-21\/","title":{"rendered":"1984"},"content":{"rendered":"<p>\u0130ngiliz edebiyat\u0131n\u0131n \u00f6nde gelen isimlerinden George Orwell&#8217;\u0131n, \u00fclkemizde ku\u015fkusuz en \u00e7ok bilinen roman\u0131 \u201cBin Dokuz Y\u00fcz Seksen D\u00f6rt\u201d olmu\u015ftur. Yazar\u0131n \u0130sko\u00e7ya&#8217;da veremle bo\u011fu\u015ftu\u011fu s\u0131rada (1947-1948) kaleme ald\u0131\u011f\u0131 bu eser, totaliter merkezli tek bir partinin propaganda, manip\u00fclasyon, beyin y\u0131kama ve korku ile y\u00f6netti\u011fi -olas\u0131- gelece\u011fe ili\u015fkin distopik bir k\u00e2bus senaryosu olarak i\u015flenmi\u015ftir.Eser i\u00e7in ilk d\u00fc\u015f\u00fcn\u00fclen isim \u201cAvrupa&#8217;daki Son Adam\u201d olmas\u0131na ra\u011fmen daha sonra de\u011fi\u015ftirilerek bug\u00fcnk\u00fc halini alm\u0131\u015ft\u0131r. Bir\u00e7oklar\u0131 taraf\u0131ndan sosyalizm kar\u015f\u0131t\u0131 olarak nitelendirilse de yazara g\u00f6re bu roman sosyalizme veya (o d\u00f6nem destek\u00e7isi oldu\u011fu) Britanya \u0130\u015f\u00e7i Partisi&#8217;ne bir sald\u0131r\u0131 kast\u0131yla yaz\u0131lmam\u0131\u015f, bununla birlikte kom\u00fcnizm ve fa\u015fizmde k\u0131smen ger\u00e7ekle\u015fmi\u015f olan ve merkezile\u015ftirilmi\u015f ekonomilerin yol a\u00e7abilece\u011fi bozukluklara de\u011finilmektedir.Eser, bireyselli\u011fin ve \u00f6zel hayat\u0131n olmad\u0131\u011f\u0131, insanlar\u0131n manip\u00fcle edilerek zihinlerinin kontrol alt\u0131na al\u0131nd\u0131\u011f\u0131 ve makinele\u015fmi\u015f kitlelere d\u00f6n\u00fc\u015ft\u00fcr\u00fcld\u00fc\u011f\u00fc, ne yaz\u0131k ki ge\u00e7mi\u015fte ve g\u00fcn\u00fcm\u00fczdeki durumlar g\u00f6z \u00f6n\u00fcne al\u0131nd\u0131\u011f\u0131nda her an ya\u015fanmas\u0131 muhtemel bir d\u00f6nemi en ince ayr\u0131nt\u0131s\u0131na kadar detayland\u0131rmas\u0131 \u00f6zelli\u011fi ile de \u00fctopik oldu\u011fu kadar ger\u00e7ek\u00e7i bir roman say\u0131labilir.<\/p>\n","protected":false},"excerpt":{"rendered":"<p>\u0130ngiliz edebiyat\u0131n\u0131n \u00f6nde gelen isimlerinden George Orwell&#8217;\u0131n, \u00fclkemizde ku\u015fkusuz en \u00e7ok bilinen roman\u0131 \u201cBin Dokuz Y\u00fcz Seksen D\u00f6rt\u201d olmu\u015ftur. Yazar\u0131n \u0130sko\u00e7ya&#8217;da veremle bo\u011fu\u015ftu\u011fu s\u0131rada (1947-1948) kaleme<span class=\"excerpt-hellip\"> [\u2026]<\/span><\/p>\n","protected":false},"featured_media":0,"template":"","meta":{"_monsterinsights_skip_tracking":false,"_monsterinsights_sitenote_active":false,"_monsterinsights_sitenote_note":"","_monsterinsights_sitenote_category":0},"product_brand":[],"product_cat":[12291,13872],"product_tag":[],"class_list":{"0":"post-737305","1":"product","2":"type-product","3":"status-publish","5":"product_cat-edebiyat","6":"product_cat-klasikler","7":"pa_cilt-ciltsiz","8":"pa_tur-kitap","9":"pa_yayinevi-theseus-yayinevi","10":"pa_yazar-george-orwell","12":"first","13":"instock","14":"sale","15":"shipping-taxable","16":"purchasable","17":"product-type-simple"},"_links":{"self":[{"href":"https:\/\/roveyayinevi.com.tr\/index.php\/wp-json\/wp\/v2\/product\/737305","targetHints":{"allow":["GET"]}}],"collection":[{"href":"https:\/\/roveyayinevi.com.tr\/index.php\/wp-json\/wp\/v2\/product"}],"about":[{"href":"https:\/\/roveyayinevi.com.tr\/index.php\/wp-json\/wp\/v2\/types\/product"}],"wp:attachment":[{"href":"https:\/\/roveyayinevi.com.tr\/index.php\/wp-json\/wp\/v2\/media?parent=737305"}],"wp:term":[{"taxonomy":"product_brand","embeddable":true,"href":"https:\/\/roveyayinevi.com.tr\/index.php\/wp-json\/wp\/v2\/product_brand?post=737305"},{"taxonomy":"product_cat","embeddable":true,"href":"https:\/\/roveyayinevi.com.tr\/index.php\/wp-json\/wp\/v2\/product_cat?post=737305"},{"taxonomy":"product_tag","embeddable":true,"href":"https:\/\/roveyayinevi.com.tr\/index.php\/wp-json\/wp\/v2\/product_tag?post=737305"}],"curies":[{"name":"wp","href":"https:\/\/api.w.org\/{rel}","templated":true}]}}