{"id":737304,"date":"2025-08-27T23:25:37","date_gmt":"2025-08-27T20:25:37","guid":{"rendered":"https:\/\/roveyayinevi.com.tr\/index.php\/urun\/anatolien-gunceleri\/"},"modified":"2026-04-16T02:46:45","modified_gmt":"2026-04-15T23:46:45","slug":"anatolien-gunceleri","status":"publish","type":"product","link":"https:\/\/roveyayinevi.com.tr\/index.php\/urun\/anatolien-gunceleri\/","title":{"rendered":"Anatolien G\u00fcnceleri"},"content":{"rendered":"<p>Basat; g\u00f6zlerini kald\u0131r\u0131p aynadaki yans\u0131mas\u0131na bakt\u0131, o anda zihninin ona oynad\u0131\u011f\u0131 oyunlar ile kendi yans\u0131mas\u0131 bir anl\u0131\u011f\u0131na Uruz Bey\u2019in \u00e7ehresine b\u00fcr\u00fcnd\u00fc ve kulaklar\u0131nda onun s\u00f6zleri yank\u0131land\u0131.\u201c\u00d6len biri art\u0131k bu d\u00fcnyaya ait de\u011fildir evlat. Onu geri getirsen bile art\u0131k o, o olmayacak.\u201dKorkut Ata veya g\u00fcn\u00fcm\u00fczdeki ad\u0131yla Dede Korkut, O\u011fuz T\u00fcrkleri zaman\u0131nda ya\u015fam\u0131\u015f efsanevi \u00f6zelliklere sahip bir ki\u015fi olarak an\u0131lmaktad\u0131r. Dede Korkut Hikayeleri\u2019nde can bulan kahramanlar ailesine veya halka k\u00f6t\u00fcl\u00fck yapanlara kar\u015f\u0131 ola\u011fan\u00fcst\u00fc yetenekleri ile kar\u015f\u0131 koyar ve zafer kazan\u0131r.Mitolojik polisiye t\u00fcr\u00fcnde yaz\u0131lm\u0131\u015f olan Anatolien G\u00fcnceleri\u2019nde ise Dede Korkut\u2019un efsanevi karakteri Basat\u2019\u0131 k\u00f6pe\u011fi Barak ile birlikte yan\u0131 ba\u015f\u0131n\u0131zda hissedeceksiniz. 16 ayr\u0131 mitolojik yarat\u0131\u011f\u0131n yer ald\u0131\u011f\u0131 hikayelerden olu\u015fan kitapta Basat, bilinmeyen \u00e7a\u011flarda de\u011fil tam olarak i\u00e7inde ya\u015fad\u0131\u011f\u0131m\u0131z zaman diliminde hocas\u0131 Uruz Bey\u2019in \u00f6\u011fretileri ile ger\u00e7ek\u00fcst\u00fc polisiye olaylara \u0131\u015f\u0131k tutmaktad\u0131r.Bir solukta okuyaca\u011f\u0131n\u0131z Anadolu G\u00fcnceleri\u2019nde farkl\u0131 bir tarz deneyen yazar\u0131m\u0131z\u0131n kitab\u0131n sonuna ula\u015fmay\u0131 ba\u015faran okurlara bir de s\u00fcrprizi olacak.<\/p>\n","protected":false},"excerpt":{"rendered":"<p>Basat; g\u00f6zlerini kald\u0131r\u0131p aynadaki yans\u0131mas\u0131na bakt\u0131, o anda zihninin ona oynad\u0131\u011f\u0131 oyunlar ile kendi yans\u0131mas\u0131 bir anl\u0131\u011f\u0131na Uruz Bey\u2019in \u00e7ehresine b\u00fcr\u00fcnd\u00fc ve kulaklar\u0131nda onun s\u00f6zleri yank\u0131land\u0131.\u201c\u00d6len<span class=\"excerpt-hellip\"> [\u2026]<\/span><\/p>\n","protected":false},"featured_media":0,"template":"","meta":{"_monsterinsights_skip_tracking":false,"_monsterinsights_sitenote_active":false,"_monsterinsights_sitenote_note":"","_monsterinsights_sitenote_category":0},"product_brand":[],"product_cat":[12291,14777],"product_tag":[],"class_list":{"0":"post-737304","1":"product","2":"type-product","3":"status-publish","5":"product_cat-edebiyat","6":"product_cat-fantastik","7":"pa_cilt-ciltsiz","8":"pa_tur-kitap","9":"pa_yayinevi-theseus-yayinevi","10":"pa_yazar-h-g-wells","12":"first","13":"instock","14":"sale","15":"shipping-taxable","16":"purchasable","17":"product-type-simple"},"_links":{"self":[{"href":"https:\/\/roveyayinevi.com.tr\/index.php\/wp-json\/wp\/v2\/product\/737304","targetHints":{"allow":["GET"]}}],"collection":[{"href":"https:\/\/roveyayinevi.com.tr\/index.php\/wp-json\/wp\/v2\/product"}],"about":[{"href":"https:\/\/roveyayinevi.com.tr\/index.php\/wp-json\/wp\/v2\/types\/product"}],"wp:attachment":[{"href":"https:\/\/roveyayinevi.com.tr\/index.php\/wp-json\/wp\/v2\/media?parent=737304"}],"wp:term":[{"taxonomy":"product_brand","embeddable":true,"href":"https:\/\/roveyayinevi.com.tr\/index.php\/wp-json\/wp\/v2\/product_brand?post=737304"},{"taxonomy":"product_cat","embeddable":true,"href":"https:\/\/roveyayinevi.com.tr\/index.php\/wp-json\/wp\/v2\/product_cat?post=737304"},{"taxonomy":"product_tag","embeddable":true,"href":"https:\/\/roveyayinevi.com.tr\/index.php\/wp-json\/wp\/v2\/product_tag?post=737304"}],"curies":[{"name":"wp","href":"https:\/\/api.w.org\/{rel}","templated":true}]}}