{"id":737302,"date":"2025-08-27T23:25:35","date_gmt":"2025-08-27T20:25:35","guid":{"rendered":"https:\/\/roveyayinevi.com.tr\/index.php\/urun\/geri-sayim\/"},"modified":"2026-04-16T02:46:45","modified_gmt":"2026-04-15T23:46:45","slug":"geri-sayim","status":"publish","type":"product","link":"https:\/\/roveyayinevi.com.tr\/index.php\/urun\/geri-sayim\/","title":{"rendered":"Geri Say\u0131m"},"content":{"rendered":"<p>Yap\u0131lan ara\u015ft\u0131rmalar, 20 y\u0131l i\u00e7inde y\u00fcz milyonlarca insan\u0131n ya\u015fad\u0131\u011f\u0131 bat\u0131 \u00fclkelerindeki erkeklerin sperm ortancas\u0131n\u0131n s\u0131f\u0131ra d\u00fc\u015fece\u011fini g\u00f6steriyor. Bu, o \u00fclkelerde ya\u015fayan erkeklerin yar\u0131s\u0131n\u0131n spermi olmayaca\u011f\u0131 anlam\u0131na geliyor.   T\u00fcm d\u00fcnyada do\u011furganl\u0131k son 40 y\u0131lda y\u00fczde 50\u2019den fazla azald\u0131. G\u00fcn\u00fcm\u00fczdeki erkeklerin, babalar\u0131n\u0131n ve b\u00fcy\u00fckbabalar\u0131n\u0131n yar\u0131s\u0131 kadar spermi var. D\u00fcnyan\u0131n bir\u00e7ok b\u00f6lgesinde \u015fu an yirmili ya\u015flar\u0131nda olan kad\u0131nlar, anne ve b\u00fcy\u00fckannelerinin 35 ya\u015flar\u0131ndaki h\u00e2llerinden daha d\u00fc\u015f\u00fck do\u011furganl\u0131\u011fa sahip.   1970\u2019lerden bu yana sperm say\u0131lar\u0131nda ve kad\u0131n do\u011furganl\u0131\u011f\u0131nda ya\u015fanan sistemli ve d\u00fczenli bu d\u00fc\u015f\u00fc\u015f, insan \u0131rk\u0131n\u0131 yok etmekle tehdit ediyor. ABD Bal\u0131k ve Vah\u015fi Hayat Hizmetlerinin (FWS) standartlar\u0131nda belirtilen be\u015f kriterden sadece birinin kar\u015f\u0131lanmas\u0131, o t\u00fcr\u00fc soyu t\u00fckenmek \u00fczere olan t\u00fcr yapar. S\u0131k\u0131 durun; insanlar bu kriterlerden en az \u00fc\u00e7\u00fcn\u00fc kar\u015f\u0131l\u0131yor.   \u0130Y\u0130 HABER \u0130SE \u015eU; Geri Say\u0131m kitab\u0131 insan \u0131rk\u0131n\u0131 yok etme riski ta\u015f\u0131yan bu b\u00fcy\u00fck tehdidi bize bilimsel verilerle a\u00e7\u0131klamakla kalm\u0131yor. Ayn\u0131 zamanda g\u00fcnl\u00fck ya\u015fam ve t\u00fcketim pratiklerimizde yapaca\u011f\u0131m\u0131z k\u00fc\u00e7\u00fck de\u011fi\u015fikliklerle \u00fcreme sa\u011fl\u0131\u011f\u0131m\u0131z\u0131 nas\u0131l tekrar kazanaca\u011f\u0131m\u0131z\u0131 da anlat\u0131yor. Kendimiz, e\u015fimiz, \u00e7ocuklar\u0131m\u0131z, torunlar\u0131m\u0131z ve herkes i\u00e7in\u2026   \u201cGeri Say\u0131m o nadir kitaplardan biri: Sadece yang\u0131n alarm\u0131n\u0131 \u00e7almakla kalmay\u0131p ayn\u0131 zamanda yang\u0131n\u0131n nas\u0131l s\u00f6nd\u00fcr\u00fclece\u011fine dair de ikna edici bir g\u00f6r\u00fc\u015f sunuyor. Ailenizin sa\u011fl\u0131\u011f\u0131n\u0131 korumak istiyorsan\u0131z bu kitab\u0131 okuyun.\u201d \u2014Rick Smith, Slow Death by Rubber Duck kitab\u0131n\u0131n yazar\u0131   \u201cModern d\u00fcnyam\u0131z\u0131n kendi varl\u0131\u011f\u0131m\u0131z\u0131 nas\u0131l tehdit etti\u011fini a\u00e7\u0131kl\u0131yor. Hemen bug\u00fcn ba\u015flamak isteyece\u011finiz bireysel ve toplumsal de\u011fi\u015fimler i\u00e7in g\u00f6z\u00fcn\u00fcz\u00fc a\u00e7an bir kitap.\u201d \u2014Dr. Nicole Avena, What to Eat When You Want to Get Pregnant (Hamile Kalmak \u0130stiyorsan\u0131z Ne Yemelisiniz?) kitab\u0131n\u0131n yazar\u0131   \u201cDokunakl\u0131&#8230; \u0130nsanlar\u0131n, soyu h\u0131zla t\u00fckenmek \u00fczere olan bir t\u00fcr oldu\u011funu ortaya \u00e7\u0131kar\u0131yor&#8230; Dr. Swan azalan do\u011furganl\u0131\u011f\u0131m\u0131z i\u00e7in \u00f6nemli \u00f6neriler sunuyor. Hepimiz bu \u00f6nerilere uysak iyi olur.\u201d \u2014Dr. Bruce Blumberg, California \u00dcniversitesi\u2019nde Profes\u00f6r, Obesogen Effect kitab\u0131n\u0131n yazar\u0131   \u201cTekrar tekrar okunabilir&#8230; azalan do\u011furganl\u0131\u011f\u0131n sa\u011fl\u0131\u011f\u0131m\u0131za, ekonomimize ve hatta insan \u0131rk\u0131n\u0131n gelece\u011fine dair tehlikelerine kar\u015f\u0131 bir eylem \u00e7a\u011fr\u0131s\u0131.\u201d \u2014Jeremy Grantham, GMO Yat\u0131r\u0131m Y\u00f6netim \u015eirketi ve Grantham \u00c7evre Koruma Vakf\u0131 kurucu orta\u011f\u0131   \u201cBir\u00e7ok ara\u015ft\u0131rman\u0131n alarm \u00e7anlar\u0131n\u0131 \u00e7alan bir \u00f6zeti&#8230; kitap, yayg\u0131n kimyasallar\u0131n neden oldu\u011fu zarar\u0131n nas\u0131l azalt\u0131laca\u011f\u0131na dair ayr\u0131nt\u0131l\u0131, net a\u00e7\u0131klamalar ve \u00f6nerilerle birlikte g\u00f6zlemlere ve deneylere dayal\u0131 bilimsel \u00e7al\u0131\u015fmalarla dolu.\u201d \u2014New York Review of Books   \u201cBu kitap; konu\u015famad\u0131\u011f\u0131m\u0131z, \u00fcst\u00fc \u00f6rt\u00fcl\u00fc \u015feyleri ortaya \u00e7\u0131kar\u0131yor. Hayat\u0131m\u0131z\u0131n her alan\u0131nda plastik ve FDA taraf\u0131ndan onaylanmam\u0131\u015f kimyasallar\u0131 -ki bu da kimyasallar\u0131n \u00e7o\u011fu demek- giderek daha fazla kullanarak sadece kendi \u00fcreme sa\u011fl\u0131\u011f\u0131m\u0131z\u0131 de\u011fil \u00e7ocuklar\u0131m\u0131z\u0131nkini de tehlikeye at\u0131yoruz. Swan, g\u00fc\u00e7l\u00fc ve s\u00fcr\u00fckleyici Geri Say\u0131m kitab\u0131nda bu trajik durumu a\u00e7\u0131k bi\u00e7imde ortaya koyuyor. Okuyun.\u201d \u2014Dr. Richard J. Jackson, Onursal Direkt\u00f6r, CDC Ulusal \u00c7evresel Sa\u011fl\u0131k Merkezi       \u201cOla\u011fan\u00fcst\u00fc&#8230; Swan, endokrin bozucu ad\u0131 verilen \u00fcretilmi\u015f kimyasallar\u0131n ciddi tehlikelerini a\u00e7\u0131kl\u0131yor, bu kimyasallar her y\u0131l milyonlarca ton \u00fcretiliyor ve say\u0131s\u0131z \u00fcr\u00fcn\u00fcn\u00fcn i\u00e7inde var. \u00c7ok ge\u00e7 olmadan karar al\u0131c\u0131lara ve halka ta\u015f\u0131nmas\u0131 gereken g\u00fc\u00e7l\u00fc bir kitap.\u201d \u2014Dr. Philip J. Landrigan, Boston \u00dcniversitesi K\u00fcresel Halk Sa\u011fl\u0131\u011f\u0131 Program\u0131 kurucu y\u00f6neticisi   \u201c\u00dcreme hormonlar\u0131n\u0131n cinsel meselelerdeki geni\u015f kontrol\u00fc ve endokrin bozucu kimyasallar\u0131n bunlar\u0131 sabote etmedeki rol\u00fc \u00fczerine son derece ayd\u0131nlat\u0131c\u0131 bir kitap. Bu kitap, okuyanlar\u0131 EDC testinde ve kimyasal \u00fcretimini kabul edilebilir bir \u015fekle sokacak olan d\u00fczenlemelerde \u0131srarc\u0131 olmas\u0131n\u0131 sa\u011flayacakt\u0131r.\u201d \u2014Terrence J. Collins, Carnegie Mellon \u00dcniversitesi Ye\u015fil Kimya\u2019da Teresa Heinz Profes\u00f6r\u00fc<\/p>\n","protected":false},"excerpt":{"rendered":"<p>Yap\u0131lan ara\u015ft\u0131rmalar, 20 y\u0131l i\u00e7inde y\u00fcz milyonlarca insan\u0131n ya\u015fad\u0131\u011f\u0131 bat\u0131 \u00fclkelerindeki erkeklerin sperm ortancas\u0131n\u0131n s\u0131f\u0131ra d\u00fc\u015fece\u011fini g\u00f6steriyor. Bu, o \u00fclkelerde ya\u015fayan erkeklerin yar\u0131s\u0131n\u0131n spermi olmayaca\u011f\u0131 anlam\u0131na<span class=\"excerpt-hellip\"> [\u2026]<\/span><\/p>\n","protected":false},"featured_media":0,"template":"","meta":{"_monsterinsights_skip_tracking":false,"_monsterinsights_sitenote_active":false,"_monsterinsights_sitenote_note":"","_monsterinsights_sitenote_category":0},"product_brand":[],"product_cat":[24520,13365],"product_tag":[],"class_list":{"0":"post-737302","1":"product","2":"type-product","3":"status-publish","5":"product_cat-aile-sagligi","6":"product_cat-saglik","7":"pa_cilt-ciltsiz","8":"pa_tur-kitap","9":"pa_yayinevi-buzdagi-yayinlari","10":"pa_yazar-shanna-h-swan-stacey-colino","12":"first","13":"instock","14":"sale","15":"shipping-taxable","16":"purchasable","17":"product-type-simple"},"_links":{"self":[{"href":"https:\/\/roveyayinevi.com.tr\/index.php\/wp-json\/wp\/v2\/product\/737302","targetHints":{"allow":["GET"]}}],"collection":[{"href":"https:\/\/roveyayinevi.com.tr\/index.php\/wp-json\/wp\/v2\/product"}],"about":[{"href":"https:\/\/roveyayinevi.com.tr\/index.php\/wp-json\/wp\/v2\/types\/product"}],"wp:attachment":[{"href":"https:\/\/roveyayinevi.com.tr\/index.php\/wp-json\/wp\/v2\/media?parent=737302"}],"wp:term":[{"taxonomy":"product_brand","embeddable":true,"href":"https:\/\/roveyayinevi.com.tr\/index.php\/wp-json\/wp\/v2\/product_brand?post=737302"},{"taxonomy":"product_cat","embeddable":true,"href":"https:\/\/roveyayinevi.com.tr\/index.php\/wp-json\/wp\/v2\/product_cat?post=737302"},{"taxonomy":"product_tag","embeddable":true,"href":"https:\/\/roveyayinevi.com.tr\/index.php\/wp-json\/wp\/v2\/product_tag?post=737302"}],"curies":[{"name":"wp","href":"https:\/\/api.w.org\/{rel}","templated":true}]}}