{"id":737300,"date":"2025-08-27T23:25:33","date_gmt":"2025-08-27T20:25:33","guid":{"rendered":"https:\/\/roveyayinevi.com.tr\/index.php\/urun\/en-tatli-elma\/"},"modified":"2026-04-16T02:46:45","modified_gmt":"2026-04-15T23:46:45","slug":"en-tatli-elma","status":"publish","type":"product","link":"https:\/\/roveyayinevi.com.tr\/index.php\/urun\/en-tatli-elma\/","title":{"rendered":"En Tatl\u0131 Elma"},"content":{"rendered":"<p>K\u0131rm\u0131z\u0131 yanakl\u0131 \u00e7ocuk daldaki elmalar\u0131 say\u0131yordu: \u201c1, 2, 3\u2026\u201d Babas\u0131 bir a\u011fac\u0131n alt\u0131na uzanm\u0131\u015f dinleniyordu.  G\u00f6ky\u00fcz\u00fc elmalardan g\u00f6r\u00fcnm\u00fcyordu. \u201cBu y\u0131l \u00f6yle \u00e7ok elma var ki t\u00fcm \u00e7ocuklara yeter!\u201d diye ne\u015feyle seslendi o\u011fluna. \u00c7ocuk, saymay\u0131 b\u0131rak\u0131p elmalardan birini kopard\u0131. \u201cHepsini ben yesem, sadece elma yiyerek b\u00fcy\u00fcsem\u2026\u201d \u201cOlur mu \u00f6yle \u015fey?\u201d dedi babas\u0131 g\u00fclerek. Olmaz m\u0131?<\/p>\n","protected":false},"excerpt":{"rendered":"<p>K\u0131rm\u0131z\u0131 yanakl\u0131 \u00e7ocuk daldaki elmalar\u0131 say\u0131yordu: \u201c1, 2, 3\u2026\u201d Babas\u0131 bir a\u011fac\u0131n alt\u0131na uzanm\u0131\u015f dinleniyordu. G\u00f6ky\u00fcz\u00fc elmalardan g\u00f6r\u00fcnm\u00fcyordu. \u201cBu y\u0131l \u00f6yle \u00e7ok elma var ki t\u00fcm<span class=\"excerpt-hellip\"> [\u2026]<\/span><\/p>\n","protected":false},"featured_media":0,"template":"","meta":{"_monsterinsights_skip_tracking":false,"_monsterinsights_sitenote_active":false,"_monsterinsights_sitenote_note":"","_monsterinsights_sitenote_category":0},"product_brand":[],"product_cat":[12274,12284],"product_tag":[],"class_list":{"0":"post-737300","1":"product","2":"type-product","3":"status-publish","5":"product_cat-cocuk-ve-genclik-kitaplari","6":"product_cat-hikayeler","7":"pa_cilt-ciltsiz","8":"pa_tur-kitap","9":"pa_yayinevi-turkuvaz-kitap","10":"pa_yazar-fidan-cobanoglu-kaplan","12":"first","13":"instock","14":"sale","15":"shipping-taxable","16":"purchasable","17":"product-type-simple"},"_links":{"self":[{"href":"https:\/\/roveyayinevi.com.tr\/index.php\/wp-json\/wp\/v2\/product\/737300","targetHints":{"allow":["GET"]}}],"collection":[{"href":"https:\/\/roveyayinevi.com.tr\/index.php\/wp-json\/wp\/v2\/product"}],"about":[{"href":"https:\/\/roveyayinevi.com.tr\/index.php\/wp-json\/wp\/v2\/types\/product"}],"wp:attachment":[{"href":"https:\/\/roveyayinevi.com.tr\/index.php\/wp-json\/wp\/v2\/media?parent=737300"}],"wp:term":[{"taxonomy":"product_brand","embeddable":true,"href":"https:\/\/roveyayinevi.com.tr\/index.php\/wp-json\/wp\/v2\/product_brand?post=737300"},{"taxonomy":"product_cat","embeddable":true,"href":"https:\/\/roveyayinevi.com.tr\/index.php\/wp-json\/wp\/v2\/product_cat?post=737300"},{"taxonomy":"product_tag","embeddable":true,"href":"https:\/\/roveyayinevi.com.tr\/index.php\/wp-json\/wp\/v2\/product_tag?post=737300"}],"curies":[{"name":"wp","href":"https:\/\/api.w.org\/{rel}","templated":true}]}}