{"id":737298,"date":"2025-08-27T23:25:30","date_gmt":"2025-08-27T20:25:30","guid":{"rendered":"https:\/\/roveyayinevi.com.tr\/index.php\/urun\/afrika-turkusu\/"},"modified":"2026-04-16T02:46:45","modified_gmt":"2026-04-15T23:46:45","slug":"afrika-turkusu","status":"publish","type":"product","link":"https:\/\/roveyayinevi.com.tr\/index.php\/urun\/afrika-turkusu\/","title":{"rendered":"Afrika T\u00fcrk\u00fcs\u00fc"},"content":{"rendered":"<p>Mustafa Ruhi \u015eirin 1955 y\u0131l\u0131nda Trabzon\u2019da do\u011fdu. \u00c7ocuklu\u011funu do\u011fdu\u011fu bir da\u011f k\u00f6y\u00fcnde ve Karadeniz\u2019in k\u0131y\u0131s\u0131nda ge\u00e7irdi. Yedi ya\u015f\u0131ndayken vefat eden ve hi\u00e7 unutamad\u0131\u011f\u0131 babas\u0131n\u0131n \u00e7\u0131k\u0131p gelece\u011fi g\u00fcn\u00fc beklemekten yorulmad\u0131. Uzak yol gemilerine kaptan olma hayaliyle b\u00fcy\u00fcd\u00fc. Radyo ve televizyon programc\u0131l\u0131\u011f\u0131 alan\u0131nda y\u00fcksek\u00f6\u011frenim g\u00f6rd\u00fc. \u00dcniversitelerde ileti\u015fim ve \u00e7ocuk edebiyat\u0131 alanlar\u0131nda ders ve konferanslar verdi. 1990 y\u0131l\u0131nda otuz be\u015f ya\u015f\u0131ndayken \u00c7ocuk Vakf\u0131\u2019n\u0131 kurdu. T\u00fcrkiye\u2019de \u00e7ocuk haklar\u0131 savunucusu ve \u00e7ocuk yazar\u0131 olarak tan\u0131n\u0131yor.\u00c7ocuklar \u00fczerinden, hen\u00fcz gelmemi\u015f  zamanlara tutulmu\u015f bir fener gibi bu \u015fiirler. \u015eiirlerin arkas\u0131nda \u00f6mr\u00fcn\u00fc, i\u00e7tenli\u011fini \u00e7ocuklara adam\u0131\u015f bir \u015fair var, gizli bir masumiyet \u00f6rg\u00fct\u00fc gibi tek ba\u015f\u0131na \u00e7al\u0131\u015fan Mustafa Ruhi \u015eirin. Bu \u015fiirlerde karde\u015flik ve adalet duygusunun alt\u0131 derin bi\u00e7imde \u00e7iziliyor. \u00c7ocuklar\u0131n \u00e7al\u0131nan, i\u015fgal edilen haklar\u0131n\u0131n yeniden kazan\u0131lmas\u0131 i\u00e7in c\u00fcmlemizi harflerin aras\u0131na davet ediyor. Bar\u0131\u015f i\u00e7in umudun ve karde\u015fli\u011fin diri kalmas\u0131 gerekti\u011fine inan\u0131yor \u015fair. Hesaps\u0131z, \u00e7\u0131kars\u0131z, bencillikten uzak bir bak\u0131\u015f\u0131 koyultup \u00e7ocuklar \u00fczerinden d\u00fcnya halklar\u0131na ortak bir selam g\u00f6nderiyor. Bu selam\u0131n i\u00e7inde, kalbinin odalar\u0131n\u0131 iyili\u011fe a\u00e7m\u0131\u015f bir \u015fairin \u00e7ocuklar i\u00e7in \u00e7\u0131rp\u0131n\u0131\u015f\u0131 var. \u00dclkelerin, \u00e7ocuklara devredilmi\u015f tarihlerine de dokunuyor \u015fiirler.  Sadece sevincin de\u011fil ac\u0131lar\u0131n, a\u011fr\u0131lar\u0131n da d\u00fc\u015ft\u00fc\u011f\u00fc yeri i\u015faret ediyor Afrika T\u00fcrk\u00fcs\u00fc. Dilden dile, kulaktan kula\u011fa yay\u0131ls\u0131n bu duygular. D\u00fcnyaya \u00e7ocuklardan gidilsin. \u015eeref Bilsel <\/p>\n","protected":false},"excerpt":{"rendered":"<p>Mustafa Ruhi \u015eirin 1955 y\u0131l\u0131nda Trabzon\u2019da do\u011fdu. \u00c7ocuklu\u011funu do\u011fdu\u011fu bir da\u011f k\u00f6y\u00fcnde ve Karadeniz\u2019in k\u0131y\u0131s\u0131nda ge\u00e7irdi. Yedi ya\u015f\u0131ndayken vefat eden ve hi\u00e7 unutamad\u0131\u011f\u0131 babas\u0131n\u0131n \u00e7\u0131k\u0131p gelece\u011fi<span class=\"excerpt-hellip\"> [\u2026]<\/span><\/p>\n","protected":false},"featured_media":0,"template":"","meta":{"_monsterinsights_skip_tracking":false,"_monsterinsights_sitenote_active":false,"_monsterinsights_sitenote_note":"","_monsterinsights_sitenote_category":0},"product_brand":[],"product_cat":[12275,12274],"product_tag":[],"class_list":{"0":"post-737298","1":"product","2":"type-product","3":"status-publish","5":"product_cat-6-12-yas-kitaplari","6":"product_cat-cocuk-ve-genclik-kitaplari","7":"pa_cilt-ciltsiz","8":"pa_tur-kitap","9":"pa_yayinevi-turkuvaz-kitap","10":"pa_yazar-mustafa-ruhi-sirin","12":"first","13":"instock","14":"sale","15":"shipping-taxable","16":"purchasable","17":"product-type-simple"},"_links":{"self":[{"href":"https:\/\/roveyayinevi.com.tr\/index.php\/wp-json\/wp\/v2\/product\/737298","targetHints":{"allow":["GET"]}}],"collection":[{"href":"https:\/\/roveyayinevi.com.tr\/index.php\/wp-json\/wp\/v2\/product"}],"about":[{"href":"https:\/\/roveyayinevi.com.tr\/index.php\/wp-json\/wp\/v2\/types\/product"}],"wp:attachment":[{"href":"https:\/\/roveyayinevi.com.tr\/index.php\/wp-json\/wp\/v2\/media?parent=737298"}],"wp:term":[{"taxonomy":"product_brand","embeddable":true,"href":"https:\/\/roveyayinevi.com.tr\/index.php\/wp-json\/wp\/v2\/product_brand?post=737298"},{"taxonomy":"product_cat","embeddable":true,"href":"https:\/\/roveyayinevi.com.tr\/index.php\/wp-json\/wp\/v2\/product_cat?post=737298"},{"taxonomy":"product_tag","embeddable":true,"href":"https:\/\/roveyayinevi.com.tr\/index.php\/wp-json\/wp\/v2\/product_tag?post=737298"}],"curies":[{"name":"wp","href":"https:\/\/api.w.org\/{rel}","templated":true}]}}