{"id":737297,"date":"2025-08-27T23:25:29","date_gmt":"2025-08-27T20:25:29","guid":{"rendered":"https:\/\/roveyayinevi.com.tr\/index.php\/urun\/babami-beklerken-2\/"},"modified":"2026-04-16T02:46:45","modified_gmt":"2026-04-15T23:46:45","slug":"babami-beklerken-2","status":"publish","type":"product","link":"https:\/\/roveyayinevi.com.tr\/index.php\/urun\/babami-beklerken-2\/","title":{"rendered":"Babam\u0131 Beklerken"},"content":{"rendered":"<p>Sahil kasabas\u0131nda ya\u015fayan \u00e7ocuklar\u0131n hayatlar\u0131n\u0131n tam ortas\u0131nda yer al\u0131r deniz. Parkta oyun oynarken ya da bakkala giderken hep denizi g\u00f6r\u00fcrler. Peki, babas\u0131 k\u00f6m\u00fcr madeninde \u00e7al\u0131\u015fan bir \u00e7ocuk, p\u0131r\u0131l p\u0131r\u0131l denize bak\u0131nca ne d\u00fc\u015f\u00fcn\u00fcr? Joanne Schwartz, yal\u0131n ve dokunakl\u0131 hik\u00e2yesiyle bir madenci kasabas\u0131na \u0131\u015f\u0131k tutuyor. \u015eehirdeki K\u00fc\u00e7\u00fck ve Nehir Gibi Konu\u015furum\u2019un \u00f6d\u00fcll\u00fc ill\u00fcstrat\u00f6r\u00fc Sydney Smith\u2019in etkileyici \u00e7izimleri de \u0131\u015f\u0131l \u0131\u015f\u0131l bir sahil g\u00fcn\u00fc ve madencilerin \u00e7al\u0131\u015ft\u0131\u011f\u0131 yeralt\u0131n\u0131n karanl\u0131\u011f\u0131 aras\u0131ndaki \u00e7arp\u0131c\u0131 z\u0131tl\u0131\u011f\u0131 g\u00f6steriyor. <\/p>\n","protected":false},"excerpt":{"rendered":"<p>Sahil kasabas\u0131nda ya\u015fayan \u00e7ocuklar\u0131n hayatlar\u0131n\u0131n tam ortas\u0131nda yer al\u0131r deniz. Parkta oyun oynarken ya da bakkala giderken hep denizi g\u00f6r\u00fcrler. Peki, babas\u0131 k\u00f6m\u00fcr madeninde \u00e7al\u0131\u015fan bir<span class=\"excerpt-hellip\"> [\u2026]<\/span><\/p>\n","protected":false},"featured_media":0,"template":"","meta":{"_monsterinsights_skip_tracking":false,"_monsterinsights_sitenote_active":false,"_monsterinsights_sitenote_note":"","_monsterinsights_sitenote_category":0},"product_brand":[],"product_cat":[12275,12274],"product_tag":[],"class_list":{"0":"post-737297","1":"product","2":"type-product","3":"status-publish","5":"product_cat-6-12-yas-kitaplari","6":"product_cat-cocuk-ve-genclik-kitaplari","7":"pa_cilt-ciltsiz","8":"pa_tur-kitap","9":"pa_yayinevi-kirmizi-kedi-yayinevi","10":"pa_yazar-joanne-schwartz-sydney-smith","12":"first","13":"instock","14":"sale","15":"shipping-taxable","16":"purchasable","17":"product-type-simple"},"_links":{"self":[{"href":"https:\/\/roveyayinevi.com.tr\/index.php\/wp-json\/wp\/v2\/product\/737297","targetHints":{"allow":["GET"]}}],"collection":[{"href":"https:\/\/roveyayinevi.com.tr\/index.php\/wp-json\/wp\/v2\/product"}],"about":[{"href":"https:\/\/roveyayinevi.com.tr\/index.php\/wp-json\/wp\/v2\/types\/product"}],"wp:attachment":[{"href":"https:\/\/roveyayinevi.com.tr\/index.php\/wp-json\/wp\/v2\/media?parent=737297"}],"wp:term":[{"taxonomy":"product_brand","embeddable":true,"href":"https:\/\/roveyayinevi.com.tr\/index.php\/wp-json\/wp\/v2\/product_brand?post=737297"},{"taxonomy":"product_cat","embeddable":true,"href":"https:\/\/roveyayinevi.com.tr\/index.php\/wp-json\/wp\/v2\/product_cat?post=737297"},{"taxonomy":"product_tag","embeddable":true,"href":"https:\/\/roveyayinevi.com.tr\/index.php\/wp-json\/wp\/v2\/product_tag?post=737297"}],"curies":[{"name":"wp","href":"https:\/\/api.w.org\/{rel}","templated":true}]}}