{"id":737296,"date":"2025-08-27T23:25:28","date_gmt":"2025-08-27T20:25:28","guid":{"rendered":"https:\/\/roveyayinevi.com.tr\/index.php\/urun\/cocuklarda-sinirlar\/"},"modified":"2026-04-16T02:46:45","modified_gmt":"2026-04-15T23:46:45","slug":"cocuklarda-sinirlar","status":"publish","type":"product","link":"https:\/\/roveyayinevi.com.tr\/index.php\/urun\/cocuklarda-sinirlar\/","title":{"rendered":"\u00c7ocuklarda S\u0131n\u0131rlar"},"content":{"rendered":"<p>\u00c7ocuklar kendilerini g\u00fcvende hissetmek i\u00e7in s\u0131n\u0131rlara ve kurallara ihtiya\u00e7 duyarlar. Ama bunlar\u0131 olu\u015fturmak ve uygulamaya ge\u00e7irmek ustal\u0131k ve dikkat gerektiren bir konudur; \u00f6zellikle de zorlama, tehdit ya da kand\u0131rmaca gibi y\u00f6ntemlere ba\u015fvurmaktan ka\u00e7\u0131n\u0131yorsan\u0131z.Dr. Henry Cloud ve Dr. John Townsend; \u00e7ocu\u011funuzla aran\u0131zdaki g\u00fcvenli ili\u015fkiye zarar vermeden ona tehlikelere kar\u015f\u0131 \u00f6nsezi geli\u015ftirebilece\u011fi, do\u011fru ile yanl\u0131\u015f\u0131 ve iyi ile daha iyiyi ay\u0131rt edebilece\u011fi g\u00fcvenli bir ortam sa\u011flayabilmenize yard\u0131mc\u0131 olacak pratik bir rehber sunuyor.\u00c7ocuklarda S\u0131n\u0131rlar kitab\u0131nda:- Ayn\u0131 anda hem s\u0131n\u0131rlar koyup hem de sevecen bir anne-baba olman\u0131n yollar\u0131n\u0131- Kontrolden \u00e7\u0131km\u0131\u015f bir aile hayat\u0131na kontrol\u00fc getirmeyi- Ebeveynlikte s\u0131n\u0131rlar\u0131n on yasas\u0131n\u0131- \u00c7ocuklar\u0131n\u0131z i\u00e7in uygun hale getirebilece\u011fini s\u0131n\u0131rlar\u0131 ve sonu\u00e7lar\u0131n\u0131 tan\u0131mlamay\u0131 ve \u00e7ok daha fazlas\u0131n\u0131 \u00f6\u011freneceksiniz.<\/p>\n","protected":false},"excerpt":{"rendered":"<p>\u00c7ocuklar kendilerini g\u00fcvende hissetmek i\u00e7in s\u0131n\u0131rlara ve kurallara ihtiya\u00e7 duyarlar. Ama bunlar\u0131 olu\u015fturmak ve uygulamaya ge\u00e7irmek ustal\u0131k ve dikkat gerektiren bir konudur; \u00f6zellikle de zorlama, tehdit<span class=\"excerpt-hellip\"> [\u2026]<\/span><\/p>\n","protected":false},"featured_media":0,"template":"","meta":{"_monsterinsights_skip_tracking":false,"_monsterinsights_sitenote_active":false,"_monsterinsights_sitenote_note":"","_monsterinsights_sitenote_category":0},"product_brand":[],"product_cat":[17996,12364],"product_tag":[],"class_list":{"0":"post-737296","1":"product","2":"type-product","3":"status-publish","5":"product_cat-ebeveyn-kitaplari","6":"product_cat-genel-konular","7":"pa_cilt-ciltsiz","8":"pa_tur-kitap","9":"pa_yayinevi-diyojen-yayincilik","10":"pa_yazar-henry-cloud-john-townsend","12":"first","13":"instock","14":"sale","15":"shipping-taxable","16":"purchasable","17":"product-type-simple"},"_links":{"self":[{"href":"https:\/\/roveyayinevi.com.tr\/index.php\/wp-json\/wp\/v2\/product\/737296","targetHints":{"allow":["GET"]}}],"collection":[{"href":"https:\/\/roveyayinevi.com.tr\/index.php\/wp-json\/wp\/v2\/product"}],"about":[{"href":"https:\/\/roveyayinevi.com.tr\/index.php\/wp-json\/wp\/v2\/types\/product"}],"wp:attachment":[{"href":"https:\/\/roveyayinevi.com.tr\/index.php\/wp-json\/wp\/v2\/media?parent=737296"}],"wp:term":[{"taxonomy":"product_brand","embeddable":true,"href":"https:\/\/roveyayinevi.com.tr\/index.php\/wp-json\/wp\/v2\/product_brand?post=737296"},{"taxonomy":"product_cat","embeddable":true,"href":"https:\/\/roveyayinevi.com.tr\/index.php\/wp-json\/wp\/v2\/product_cat?post=737296"},{"taxonomy":"product_tag","embeddable":true,"href":"https:\/\/roveyayinevi.com.tr\/index.php\/wp-json\/wp\/v2\/product_tag?post=737296"}],"curies":[{"name":"wp","href":"https:\/\/api.w.org\/{rel}","templated":true}]}}