{"id":737293,"date":"2025-08-27T23:25:24","date_gmt":"2025-08-27T20:25:24","guid":{"rendered":"https:\/\/roveyayinevi.com.tr\/index.php\/urun\/yasamin-kisa-tarihi-ciltli\/"},"modified":"2026-04-16T02:46:44","modified_gmt":"2026-04-15T23:46:44","slug":"yasamin-kisa-tarihi-ciltli","status":"publish","type":"product","link":"https:\/\/roveyayinevi.com.tr\/index.php\/urun\/yasamin-kisa-tarihi-ciltli\/","title":{"rendered":"Ya\u015fam\u0131n K\u0131sa Tarihi (Ciltli)"},"content":{"rendered":"<p>Ya\u015fam\u0131n nas\u0131l ba\u015flad\u0131\u011f\u0131na dair minik bir anlat\u0131&#8230; Bu Kitab\u0131 Yalama ve \u0130\u00e7inde Bir \u0130skelet Var! kitaplar\u0131n\u0131n yarat\u0131c\u0131s\u0131 Idan Ben-Barak&#8217;tan, tek bir h\u00fccrenin t\u00fcm d\u00fcnyan\u0131n kaderini nas\u0131l de\u011fi\u015ftirdi\u011fine ili\u015fkin \u201cminik\u201d bir anlat\u0131: Ya\u015fam\u0131n K\u0131sa Tarihi\u00c7ocuklar\u0131, canl\u0131l\u0131\u011f\u0131n k\u00f6keni \u00fczerine bilimsel bir zaman yolculu\u011funa \u00e7\u0131karan bu ilgin\u00e7 \u00f6yk\u00fc; insanlar\u0131n y\u00fczy\u0131llard\u0131r a\u00e7\u0131kl\u0131\u011fa kavu\u015fturmaya \u00e7al\u0131\u015ft\u0131\u011f\u0131 \u201cYa\u015fam nedir?\u201d ve \u201cNas\u0131l ortaya \u00e7\u0131km\u0131\u015ft\u0131r?\u201d sorular\u0131na da yan\u0131t ar\u0131yor. Philip Bunting&#8217;in ele avuca s\u0131\u011fmaz g\u00f6rselleriyle renklenen kitap, kolay anla\u015f\u0131l\u0131r ve ikna edici a\u00e7\u0131klamalar e\u015fli\u011finde ya\u015fam\u0131n kayna\u011f\u0131n\u0131 merak uyand\u0131r\u0131c\u0131 bir anlat\u0131ya d\u00f6n\u00fc\u015ft\u00fcr\u00fcyor.Ya\u015fam, harekettir! Enerjidir! G\u00fc\u00e7t\u00fcr! Bilgidir! Sonsuz varyasyonla \u00fcreyen bir in\u015fad\u0131r&#8230;Ya\u015fam\u0131n ortaya \u00e7\u0131k\u0131\u015f\u0131 nas\u0131l m\u0131 oldu peki? Bir ba\u015fka deyi\u015fle, her \u015fey nas\u0131l m\u0131 ba\u015flad\u0131?\u00c7ok, \u00e7ok eskiden, nedenini ve nas\u0131l\u0131n\u0131 kimselerin bilmedi\u011fi tuhaf bir baloncuk \u00e7\u0131kt\u0131 ortaya. \u00d6zel bir baloncuktu bu. \u00d6ncelikle, ya\u015fayan bir h\u00fccreydi ve birazc\u0131k farkl\u0131yd\u0131. Bu ak\u0131ll\u0131 baloncuk asl\u0131nda hepimizin atas\u0131yd\u0131 ve ya\u015fam\u0131n gizemli hik\u00e2yesi de i\u015fte tam olarak b\u00f6yle ba\u015flad\u0131&#8230;Ya\u015fam\u0131n K\u0131sa Tarihi, minik okurlar\u0131n gezegenimize \u00e7ok daha yak\u0131ndan bakmalar\u0131na f\u0131rsat tan\u0131yor ve herkesi, renkli bilgiler \u0131\u015f\u0131\u011f\u0131nda, ge\u00e7mi\u015fi milyarlarca y\u0131l \u00f6ncesine dayanan bir \u00f6yk\u00fcy\u00fc yeniden ke\u015ffetmeye \u00e7a\u011f\u0131r\u0131yor.<\/p>\n","protected":false},"excerpt":{"rendered":"<p>Ya\u015fam\u0131n nas\u0131l ba\u015flad\u0131\u011f\u0131na dair minik bir anlat\u0131&#8230; Bu Kitab\u0131 Yalama ve \u0130\u00e7inde Bir \u0130skelet Var! kitaplar\u0131n\u0131n yarat\u0131c\u0131s\u0131 Idan Ben-Barak&#8217;tan, tek bir h\u00fccrenin t\u00fcm d\u00fcnyan\u0131n kaderini nas\u0131l<span class=\"excerpt-hellip\"> [\u2026]<\/span><\/p>\n","protected":false},"featured_media":0,"template":"","meta":{"_monsterinsights_skip_tracking":false,"_monsterinsights_sitenote_active":false,"_monsterinsights_sitenote_note":"","_monsterinsights_sitenote_category":0},"product_brand":[],"product_cat":[12275,12274],"product_tag":[],"class_list":{"0":"post-737293","1":"product","2":"type-product","3":"status-publish","5":"product_cat-6-12-yas-kitaplari","6":"product_cat-cocuk-ve-genclik-kitaplari","7":"pa_cilt-ciltli","8":"pa_tur-kitap","9":"pa_yayinevi-ucanbalik-yayincilik","10":"pa_yazar-idan-ben-barak","12":"first","13":"instock","14":"sale","15":"shipping-taxable","16":"purchasable","17":"product-type-simple"},"_links":{"self":[{"href":"https:\/\/roveyayinevi.com.tr\/index.php\/wp-json\/wp\/v2\/product\/737293","targetHints":{"allow":["GET"]}}],"collection":[{"href":"https:\/\/roveyayinevi.com.tr\/index.php\/wp-json\/wp\/v2\/product"}],"about":[{"href":"https:\/\/roveyayinevi.com.tr\/index.php\/wp-json\/wp\/v2\/types\/product"}],"wp:attachment":[{"href":"https:\/\/roveyayinevi.com.tr\/index.php\/wp-json\/wp\/v2\/media?parent=737293"}],"wp:term":[{"taxonomy":"product_brand","embeddable":true,"href":"https:\/\/roveyayinevi.com.tr\/index.php\/wp-json\/wp\/v2\/product_brand?post=737293"},{"taxonomy":"product_cat","embeddable":true,"href":"https:\/\/roveyayinevi.com.tr\/index.php\/wp-json\/wp\/v2\/product_cat?post=737293"},{"taxonomy":"product_tag","embeddable":true,"href":"https:\/\/roveyayinevi.com.tr\/index.php\/wp-json\/wp\/v2\/product_tag?post=737293"}],"curies":[{"name":"wp","href":"https:\/\/api.w.org\/{rel}","templated":true}]}}