{"id":737292,"date":"2025-08-27T23:25:23","date_gmt":"2025-08-27T20:25:23","guid":{"rendered":"https:\/\/roveyayinevi.com.tr\/index.php\/urun\/hilda-4-hilda-ve-zaman-solucani\/"},"modified":"2026-04-16T02:46:44","modified_gmt":"2026-04-15T23:46:44","slug":"hilda-4-hilda-ve-zaman-solucani","status":"publish","type":"product","link":"https:\/\/roveyayinevi.com.tr\/index.php\/urun\/hilda-4-hilda-ve-zaman-solucani\/","title":{"rendered":"Hilda 4 &#8211; Hilda ve Zaman Solucan\u0131"},"content":{"rendered":"<p>Mavi sa\u00e7l\u0131 maceraperestimiz Hilda, Ser\u00e7e \u0130zcileri tezg\u00e2h\u0131nda \u00e7orba da\u011f\u0131t\u0131yor. Tek istedi\u011fi toplad\u0131\u011f\u0131 bah\u015fi\u015flerle annesine bir kar k\u00fcresi almak! Ama trollere kar\u015f\u0131 sava\u015f a\u00e7an yeni bir \u00e7an sisteminin Trolberg\u2019e yerle\u015ftirilece\u011fini \u00f6\u011frenince planlar de\u011fi\u015fiyor. Korkusuz ve engel tan\u0131maz Hilda, evde cezal\u0131yken bile pe\u015fine zaman solucan\u0131n\u0131 da tak\u0131p b\u00fct\u00fcn zamanlar\u0131n alt\u0131ndan girip \u00fcst\u00fcnden \u00e7\u0131k\u0131yor. Bu da yetmezmi\u015f gibi Trolberg\u2019in \u00e7ocuklar\u0131n\u0131n hayat\u0131n\u0131 kurtarmak i\u00e7in de planlar haz\u0131rl\u0131yor. Hilda her zamanki gibi h\u0131z kesmeden maceralar\u0131na d\u00f6rd\u00fcnc\u00fc kitab\u0131nda da devam ediyor.   Hilda ve Zaman Solucan\u0131, maceradan uzak kalamayan tatl\u0131 m\u0131 tatl\u0131 mavi sa\u00e7l\u0131 kahraman\u0131m\u0131z\u0131n fantastik canl\u0131larla \u00e7evrili e\u011flenceli ve ser\u00fcven dolu \u00f6yk\u00fcs\u00fc. <\/p>\n","protected":false},"excerpt":{"rendered":"<p>Mavi sa\u00e7l\u0131 maceraperestimiz Hilda, Ser\u00e7e \u0130zcileri tezg\u00e2h\u0131nda \u00e7orba da\u011f\u0131t\u0131yor. Tek istedi\u011fi toplad\u0131\u011f\u0131 bah\u015fi\u015flerle annesine bir kar k\u00fcresi almak! Ama trollere kar\u015f\u0131 sava\u015f a\u00e7an yeni bir \u00e7an<span class=\"excerpt-hellip\"> [\u2026]<\/span><\/p>\n","protected":false},"featured_media":0,"template":"","meta":{"_monsterinsights_skip_tracking":false,"_monsterinsights_sitenote_active":false,"_monsterinsights_sitenote_note":"","_monsterinsights_sitenote_category":0},"product_brand":[],"product_cat":[12275,12274],"product_tag":[],"class_list":{"0":"post-737292","1":"product","2":"type-product","3":"status-publish","5":"product_cat-6-12-yas-kitaplari","6":"product_cat-cocuk-ve-genclik-kitaplari","7":"pa_cilt-ciltsiz","8":"pa_tur-kitap","9":"pa_yayinevi-taze-kitap","10":"pa_yazar-stephen-davies","12":"first","13":"instock","14":"sale","15":"shipping-taxable","16":"purchasable","17":"product-type-simple"},"_links":{"self":[{"href":"https:\/\/roveyayinevi.com.tr\/index.php\/wp-json\/wp\/v2\/product\/737292","targetHints":{"allow":["GET"]}}],"collection":[{"href":"https:\/\/roveyayinevi.com.tr\/index.php\/wp-json\/wp\/v2\/product"}],"about":[{"href":"https:\/\/roveyayinevi.com.tr\/index.php\/wp-json\/wp\/v2\/types\/product"}],"wp:attachment":[{"href":"https:\/\/roveyayinevi.com.tr\/index.php\/wp-json\/wp\/v2\/media?parent=737292"}],"wp:term":[{"taxonomy":"product_brand","embeddable":true,"href":"https:\/\/roveyayinevi.com.tr\/index.php\/wp-json\/wp\/v2\/product_brand?post=737292"},{"taxonomy":"product_cat","embeddable":true,"href":"https:\/\/roveyayinevi.com.tr\/index.php\/wp-json\/wp\/v2\/product_cat?post=737292"},{"taxonomy":"product_tag","embeddable":true,"href":"https:\/\/roveyayinevi.com.tr\/index.php\/wp-json\/wp\/v2\/product_tag?post=737292"}],"curies":[{"name":"wp","href":"https:\/\/api.w.org\/{rel}","templated":true}]}}