{"id":737291,"date":"2025-08-27T23:25:22","date_gmt":"2025-08-27T20:25:22","guid":{"rendered":"https:\/\/roveyayinevi.com.tr\/index.php\/urun\/gizli-kumes-tiyatrosu\/"},"modified":"2025-08-31T17:57:22","modified_gmt":"2025-08-31T14:57:22","slug":"gizli-kumes-tiyatrosu","status":"publish","type":"product","link":"https:\/\/roveyayinevi.com.tr\/index.php\/urun\/gizli-kumes-tiyatrosu\/","title":{"rendered":"Gizli K\u00fcmes Tiyatrosu"},"content":{"rendered":"<p>Annesinin \u00f6l\u00fcm\u00fcnden sonra Hannah\u2019n\u0131n aile ya\u015fant\u0131s\u0131 biraz kar\u0131\u015f\u0131k bir hal al\u0131r. Babas\u0131n\u0131n tek d\u00fc\u015f\u00fcnd\u00fc\u011f\u00fc harap durumdaki \u00e7iftliklerini idare etmektir, bu y\u00fczden d\u00f6rt karde\u015f de kendi haline b\u0131rak\u0131lm\u0131\u015ft\u0131r. \u00c7ocuklar evin her odas\u0131nda kendi \u00e7iftliklerini kurmakta, Jasper ad\u0131nda kocaman evcil bir koyunu beslemekte ve tiyatro oyunlar\u0131 yaz\u0131p y\u00f6netmektedirler. Peki ya \u00e7iftlikleri y\u0131k\u0131lmak \u00fczereyse? Bunu \u00f6\u011frenen Hannah hem evini kurtarmak hem de hayallerini ger\u00e7ekle\u015ftirmek i\u00e7in elinden ne geliyorsa yapmaya kararl\u0131d\u0131r.   \u201cHi\u00e7 bitmesin isteyeceksiniz.\u201d The Guardian   \u201c\u00c7iftlik hayat\u0131n\u0131n s\u0131k\u0131nt\u0131lar\u0131 ve sihirli yanlar\u0131, karakterlerin arkada\u015flar\u0131n\u0131z gibi g\u00f6r\u00fcnmeye ba\u015flad\u0131\u011f\u0131 bir d\u00fcnya yarat\u0131yor.\u201d The Independent <\/p>\n","protected":false},"excerpt":{"rendered":"<p>Annesinin \u00f6l\u00fcm\u00fcnden sonra Hannah\u2019n\u0131n aile ya\u015fant\u0131s\u0131 biraz kar\u0131\u015f\u0131k bir hal al\u0131r. Babas\u0131n\u0131n tek d\u00fc\u015f\u00fcnd\u00fc\u011f\u00fc harap durumdaki \u00e7iftliklerini idare etmektir, bu y\u00fczden d\u00f6rt karde\u015f de kendi haline<span class=\"excerpt-hellip\"> [\u2026]<\/span><\/p>\n","protected":false},"featured_media":0,"template":"","meta":{"_monsterinsights_skip_tracking":false,"_monsterinsights_sitenote_active":false,"_monsterinsights_sitenote_note":"","_monsterinsights_sitenote_category":0},"product_brand":[],"product_cat":[12291,12711],"product_tag":[],"class_list":{"0":"post-737291","1":"product","2":"type-product","3":"status-publish","5":"product_cat-edebiyat","6":"product_cat-roman-oyku","7":"pa_cilt-ciltsiz","8":"pa_tur-kitap","9":"pa_yayinevi-artemis-yayinlari","10":"pa_yazar-helen-peters","12":"first","13":"instock","14":"sale","15":"shipping-taxable","16":"purchasable","17":"product-type-simple"},"_links":{"self":[{"href":"https:\/\/roveyayinevi.com.tr\/index.php\/wp-json\/wp\/v2\/product\/737291","targetHints":{"allow":["GET"]}}],"collection":[{"href":"https:\/\/roveyayinevi.com.tr\/index.php\/wp-json\/wp\/v2\/product"}],"about":[{"href":"https:\/\/roveyayinevi.com.tr\/index.php\/wp-json\/wp\/v2\/types\/product"}],"wp:attachment":[{"href":"https:\/\/roveyayinevi.com.tr\/index.php\/wp-json\/wp\/v2\/media?parent=737291"}],"wp:term":[{"taxonomy":"product_brand","embeddable":true,"href":"https:\/\/roveyayinevi.com.tr\/index.php\/wp-json\/wp\/v2\/product_brand?post=737291"},{"taxonomy":"product_cat","embeddable":true,"href":"https:\/\/roveyayinevi.com.tr\/index.php\/wp-json\/wp\/v2\/product_cat?post=737291"},{"taxonomy":"product_tag","embeddable":true,"href":"https:\/\/roveyayinevi.com.tr\/index.php\/wp-json\/wp\/v2\/product_tag?post=737291"}],"curies":[{"name":"wp","href":"https:\/\/api.w.org\/{rel}","templated":true}]}}