{"id":737290,"date":"2025-08-27T23:25:21","date_gmt":"2025-08-27T20:25:21","guid":{"rendered":"https:\/\/roveyayinevi.com.tr\/index.php\/urun\/sanri-ve-dus-gradiva\/"},"modified":"2026-04-16T02:46:44","modified_gmt":"2026-04-15T23:46:44","slug":"sanri-ve-dus-gradiva","status":"publish","type":"product","link":"https:\/\/roveyayinevi.com.tr\/index.php\/urun\/sanri-ve-dus-gradiva\/","title":{"rendered":"Sanr\u0131 ve D\u00fc\u015f &#8211; Gradiva"},"content":{"rendered":"<p>\u00b7         W. Jensen &#8211; Sigmund Freud&#8230; \u00b7         D\u00fc\u015flerin gelecekle ilgili olmad\u0131\u011f\u0131n\u0131, insan ruhunun bilin\u00e7d\u0131\u015f\u0131 yan\u0131na dair ipu\u00e7lar\u0131 i\u00e7erdi\u011fini s\u00f6yleyen ve psikanalizin babas\u0131 olarak kabul edilen Freud\u2019un yard\u0131m\u0131yla okur, Gradiva\u2019daki ayr\u0131nt\u0131lar\u0131 derinlemesine fark eder. \u00b7         Wilhelm Jensen\u2019in Gradiva adl\u0131 roman\u0131, Freud\u2019un bir edebiyat eserini psikanalitik y\u00f6ntemle ele almas\u0131n\u0131n bas\u0131l\u0131 ilk ve en kapsaml\u0131 \u00f6rne\u011fini olu\u015fturuyor. \u00b7         Freud\u2019a g\u00f6re, fark ederek ya da etmeyerek reddetti\u011fimiz duygular, bilin\u00e7 d\u00fczeyinden daha derinlere hapsolarak olduklar\u0131 yerden bizlere rahats\u0131zl\u0131k vermektedirler. \u00b7         Yazar, Gradiva\u2019daki a\u015fk \u00f6yk\u00fcs\u00fcnden yola \u00e7\u0131karak d\u00fc\u015ften sanr\u0131ya giden yolu ve sanr\u0131n\u0131n iyile\u015ftirilmesinin y\u00f6ntemini irdelerken insan ruhunun derinliklerine de \u0131\u015f\u0131k tutuyor. <\/p>\n","protected":false},"excerpt":{"rendered":"<p>\u00b7 W. Jensen &#8211; Sigmund Freud&#8230; \u00b7 D\u00fc\u015flerin gelecekle ilgili olmad\u0131\u011f\u0131n\u0131, insan ruhunun bilin\u00e7d\u0131\u015f\u0131 yan\u0131na dair ipu\u00e7lar\u0131 i\u00e7erdi\u011fini s\u00f6yleyen ve psikanalizin babas\u0131 olarak kabul edilen Freud\u2019un<span class=\"excerpt-hellip\"> [\u2026]<\/span><\/p>\n","protected":false},"featured_media":0,"template":"","meta":{"_monsterinsights_skip_tracking":false,"_monsterinsights_sitenote_active":false,"_monsterinsights_sitenote_note":"","_monsterinsights_sitenote_category":0},"product_brand":[],"product_cat":[12358,12357],"product_tag":[],"class_list":{"0":"post-737290","1":"product","2":"type-product","3":"status-publish","5":"product_cat-genel-psikoloji","6":"product_cat-psikoloji","7":"pa_cilt-ciltsiz","8":"pa_tur-kitap","9":"pa_yayinevi-oda-yayinlari","10":"pa_yazar-w-jensen-freud","12":"first","13":"instock","14":"sale","15":"shipping-taxable","16":"purchasable","17":"product-type-simple"},"_links":{"self":[{"href":"https:\/\/roveyayinevi.com.tr\/index.php\/wp-json\/wp\/v2\/product\/737290","targetHints":{"allow":["GET"]}}],"collection":[{"href":"https:\/\/roveyayinevi.com.tr\/index.php\/wp-json\/wp\/v2\/product"}],"about":[{"href":"https:\/\/roveyayinevi.com.tr\/index.php\/wp-json\/wp\/v2\/types\/product"}],"wp:attachment":[{"href":"https:\/\/roveyayinevi.com.tr\/index.php\/wp-json\/wp\/v2\/media?parent=737290"}],"wp:term":[{"taxonomy":"product_brand","embeddable":true,"href":"https:\/\/roveyayinevi.com.tr\/index.php\/wp-json\/wp\/v2\/product_brand?post=737290"},{"taxonomy":"product_cat","embeddable":true,"href":"https:\/\/roveyayinevi.com.tr\/index.php\/wp-json\/wp\/v2\/product_cat?post=737290"},{"taxonomy":"product_tag","embeddable":true,"href":"https:\/\/roveyayinevi.com.tr\/index.php\/wp-json\/wp\/v2\/product_tag?post=737290"}],"curies":[{"name":"wp","href":"https:\/\/api.w.org\/{rel}","templated":true}]}}