{"id":737289,"date":"2025-08-27T23:25:20","date_gmt":"2025-08-27T20:25:20","guid":{"rendered":"https:\/\/roveyayinevi.com.tr\/index.php\/urun\/bir-histeri-vakasi-analizi\/"},"modified":"2026-04-16T02:46:44","modified_gmt":"2026-04-15T23:46:44","slug":"bir-histeri-vakasi-analizi","status":"publish","type":"product","link":"https:\/\/roveyayinevi.com.tr\/index.php\/urun\/bir-histeri-vakasi-analizi\/","title":{"rendered":"Bir Histeri Vakas\u0131 Analizi"},"content":{"rendered":"<p>\u00b7         Sigmund Freud&#8230; \u00b7         Bir Histeri Vakas\u0131 Analizi, Freud\u2019un vaka analizlerinde hastalarla nas\u0131l ileti\u015fim kurdu\u011fu ve hastalar\u0131n anlatt\u0131klar\u0131n\u0131 nas\u0131l yorumlad\u0131\u011f\u0131 hakk\u0131nda fikir veren \u00f6zel bir \u00e7al\u0131\u015fmad\u0131r. \u00b7         Baz\u0131 durumlarda fiziksel semptomlar\u0131n asl\u0131nda ruhsal hastal\u0131klar\u0131n tezah\u00fcr\u00fc oldu\u011funu ve r\u00fcyalar\u0131n da hastal\u0131klar\u0131n belirtileri aras\u0131nda yer alabilece\u011fini ileri s\u00fcren Freud, histeri \u00fczerine yapt\u0131\u011f\u0131 \u00e7al\u0131\u015fmalar\u0131 ve yeni r\u00fcya yorumlama teorisini, cinsellik geli\u015fimine ili\u015fkin erken d\u00f6nem anlay\u0131\u015fla birle\u015ftirerek teorilerinin evriminde \u00f6nemli bir metin haline getirmi\u015ftir. \u00b7         Bir\u00e7ok esere ilham kayna\u011f\u0131 olmu\u015f Bir Histeri Vakas\u0131 Analizi\u2019ni okudu\u011fumuzda kendimizi, yak\u0131nlar\u0131m\u0131z\u0131, \u00f6zellikle de \u00e7ocuklar\u0131m\u0131z\u0131 daha iyi anlad\u0131\u011f\u0131m\u0131z\u0131 fark ederiz. \u00b7         \u0130nsanlar\u0131n g\u00f6rd\u00fckleri r\u00fcyalar\u0131 rahatl\u0131kla analitik incelemeye tabi tutabilece\u011fini ve r\u00fcyalar\u0131 yorumlamay\u0131 da verdi\u011fi talimat ve \u00f6rneklerden kolayl\u0131kla \u00f6\u011frenebilece\u011fini belirten Freud, r\u00fcyalar sorunu \u00fczerinde yap\u0131lacak eksiksiz bir incelemenin, histeride ve di\u011fer psikonevrozlarda ya\u015fanan zihinsel s\u00fcre\u00e7lerin anla\u015f\u0131lmas\u0131n\u0131n vazge\u00e7ilmez bir \u00f6nko\u015fulu oldu\u011funu belirtir. \u00b7         Psikanalizde evrensel olan kitap, sosyolojik a\u00e7\u0131dan da kayda de\u011fer bilgi i\u00e7erir. \u00b7         Medeni bir toplumun olu\u015fabilmesi bak\u0131m\u0131ndan bask\u0131lanan kad\u0131n cinselli\u011finin \u00f6zg\u00fcrl\u00fc\u011f\u00fc ve kad\u0131n-erkek e\u015fitli\u011fine \u00e7a\u011fr\u0131 niteli\u011findeki bu y\u00fcz y\u0131ll\u0131k esere hak edilen de\u011ferin verilece\u011fini d\u00fc\u015f\u00fcn\u00fcyoruz. <\/p>\n","protected":false},"excerpt":{"rendered":"<p>\u00b7 Sigmund Freud&#8230; \u00b7 Bir Histeri Vakas\u0131 Analizi, Freud\u2019un vaka analizlerinde hastalarla nas\u0131l ileti\u015fim kurdu\u011fu ve hastalar\u0131n anlatt\u0131klar\u0131n\u0131 nas\u0131l yorumlad\u0131\u011f\u0131 hakk\u0131nda fikir veren \u00f6zel bir \u00e7al\u0131\u015fmad\u0131r.<span class=\"excerpt-hellip\"> [\u2026]<\/span><\/p>\n","protected":false},"featured_media":0,"template":"","meta":{"_monsterinsights_skip_tracking":false,"_monsterinsights_sitenote_active":false,"_monsterinsights_sitenote_note":"","_monsterinsights_sitenote_category":0},"product_brand":[],"product_cat":[20502,12357],"product_tag":[],"class_list":{"0":"post-737289","1":"product","2":"type-product","3":"status-publish","5":"product_cat-basvuru-kitaplari-psikoloji","6":"product_cat-psikoloji","7":"pa_cilt-ciltsiz","8":"pa_tur-kitap","9":"pa_yayinevi-oda-yayinlari","10":"pa_yazar-freud","12":"first","13":"instock","14":"sale","15":"shipping-taxable","16":"purchasable","17":"product-type-simple"},"_links":{"self":[{"href":"https:\/\/roveyayinevi.com.tr\/index.php\/wp-json\/wp\/v2\/product\/737289","targetHints":{"allow":["GET"]}}],"collection":[{"href":"https:\/\/roveyayinevi.com.tr\/index.php\/wp-json\/wp\/v2\/product"}],"about":[{"href":"https:\/\/roveyayinevi.com.tr\/index.php\/wp-json\/wp\/v2\/types\/product"}],"wp:attachment":[{"href":"https:\/\/roveyayinevi.com.tr\/index.php\/wp-json\/wp\/v2\/media?parent=737289"}],"wp:term":[{"taxonomy":"product_brand","embeddable":true,"href":"https:\/\/roveyayinevi.com.tr\/index.php\/wp-json\/wp\/v2\/product_brand?post=737289"},{"taxonomy":"product_cat","embeddable":true,"href":"https:\/\/roveyayinevi.com.tr\/index.php\/wp-json\/wp\/v2\/product_cat?post=737289"},{"taxonomy":"product_tag","embeddable":true,"href":"https:\/\/roveyayinevi.com.tr\/index.php\/wp-json\/wp\/v2\/product_tag?post=737289"}],"curies":[{"name":"wp","href":"https:\/\/api.w.org\/{rel}","templated":true}]}}