{"id":737287,"date":"2025-08-27T23:25:18","date_gmt":"2025-08-27T20:25:18","guid":{"rendered":"https:\/\/roveyayinevi.com.tr\/index.php\/urun\/cocuklar-icin-kodlama-2\/"},"modified":"2026-04-16T02:46:44","modified_gmt":"2026-04-15T23:46:44","slug":"cocuklar-icin-kodlama-2","status":"publish","type":"product","link":"https:\/\/roveyayinevi.com.tr\/index.php\/urun\/cocuklar-icin-kodlama-2\/","title":{"rendered":"\u00c7ocuklar \u0130\u00e7in Kodlama"},"content":{"rendered":"<p>&#8220;\u00c7ocuklar \u0130\u00e7in Kodlama&#8221; i\u00e7erdi\u011fi renkli karikat\u00fcrler, ilham veren oyunlar sayesinde \u00e7ocu\u011funuzun bilgisayar kullanmadan kodlaman\u0131n temel kavramlar\u0131n\u0131 ke\u015ffetmesini sa\u011flar. Sayfalar\u0131ndaki zihin kurcalayan bulmacalar\u0131 ve sayfan\u0131n d\u0131\u015f\u0131na ta\u015fan e\u011flenceli etkinlikleriyle \u00e7ocuklara farkl\u0131 \u015fekillerde pratik yapma \u015fans\u0131 verir. Bu kitapla bir yaz\u0131l\u0131mc\u0131n\u0131n kodlama yaparken kulland\u0131\u011f\u0131 analitik d\u00fc\u015f\u00fcnme ve problem \u00e7\u00f6zme gibi becerileri g\u00fcnl\u00fck hayattaki basit nesne ve eylemlerden faydalanarak geli\u015ftirmenin yollar\u0131n\u0131 bulacaks\u0131n\u0131z. Minik yaz\u0131l\u0131mc\u0131lar bu kitab\u0131n kapa\u011f\u0131n\u0131 a\u00e7t\u0131klar\u0131 an, onlar\u0131 bir dizi karakter kar\u015f\u0131layacak. Yard\u0131mc\u0131 Al, yarat\u0131c\u0131 uzman Piksel, problem \u00e7\u00f6z\u00fcc\u00fc Man, hata ve \u00f6r\u00fcnt\u00fc belirleyici Bug ve robot k\u00f6pekleri Bot Spot&#8217;un bulundu\u011fu \u015fahane bir ekip \u00f6\u011frenme yolculuklar\u0131nda onlara e\u015flik edecek. Birlikte algoritmalar, d\u00f6ng\u00fcler, ko\u015fullar, optimizasyon, hata ay\u0131klama ve de\u011fi\u015fkenler \u00fczerinde \u00e7al\u0131\u015facaklar. Bir yaz\u0131l\u0131mc\u0131 gibi d\u00fc\u015f\u00fcnmelerine yard\u0131mc\u0131 olan aktivitelerle dolu her b\u00f6l\u00fcm\u00fcn sonunda \u00f6\u011frendiklerini uygulayabilir hale gelip kendi algoritma fikirlerini de tasarlayabilecekler. Kodlama \u00f6\u011frenmeye yeni ba\u015flayan \u00e7ocu\u011funuzun kendi algoritmalar\u0131n\u0131 yazabildi\u011fini g\u00f6rd\u00fc\u011f\u00fcn\u00fczde \u00e7ok \u015fa\u015f\u0131racaks\u0131n\u0131z.<\/p>\n","protected":false},"excerpt":{"rendered":"<p>&#8220;\u00c7ocuklar \u0130\u00e7in Kodlama&#8221; i\u00e7erdi\u011fi renkli karikat\u00fcrler, ilham veren oyunlar sayesinde \u00e7ocu\u011funuzun bilgisayar kullanmadan kodlaman\u0131n temel kavramlar\u0131n\u0131 ke\u015ffetmesini sa\u011flar. Sayfalar\u0131ndaki zihin kurcalayan bulmacalar\u0131 ve sayfan\u0131n d\u0131\u015f\u0131na ta\u015fan<span class=\"excerpt-hellip\"> [\u2026]<\/span><\/p>\n","protected":false},"featured_media":0,"template":"","meta":{"_monsterinsights_skip_tracking":false,"_monsterinsights_sitenote_active":false,"_monsterinsights_sitenote_note":"","_monsterinsights_sitenote_category":0},"product_brand":[],"product_cat":[12274,15842],"product_tag":[],"class_list":{"0":"post-737287","1":"product","2":"type-product","3":"status-publish","5":"product_cat-cocuk-ve-genclik-kitaplari","6":"product_cat-egitici-kitaplar","7":"pa_cilt-ciltsiz","8":"pa_tur-kitap","9":"pa_yayinevi-profil-kitap","10":"pa_yazar-randy-lynn","12":"first","13":"instock","14":"sale","15":"shipping-taxable","16":"purchasable","17":"product-type-simple"},"_links":{"self":[{"href":"https:\/\/roveyayinevi.com.tr\/index.php\/wp-json\/wp\/v2\/product\/737287","targetHints":{"allow":["GET"]}}],"collection":[{"href":"https:\/\/roveyayinevi.com.tr\/index.php\/wp-json\/wp\/v2\/product"}],"about":[{"href":"https:\/\/roveyayinevi.com.tr\/index.php\/wp-json\/wp\/v2\/types\/product"}],"wp:attachment":[{"href":"https:\/\/roveyayinevi.com.tr\/index.php\/wp-json\/wp\/v2\/media?parent=737287"}],"wp:term":[{"taxonomy":"product_brand","embeddable":true,"href":"https:\/\/roveyayinevi.com.tr\/index.php\/wp-json\/wp\/v2\/product_brand?post=737287"},{"taxonomy":"product_cat","embeddable":true,"href":"https:\/\/roveyayinevi.com.tr\/index.php\/wp-json\/wp\/v2\/product_cat?post=737287"},{"taxonomy":"product_tag","embeddable":true,"href":"https:\/\/roveyayinevi.com.tr\/index.php\/wp-json\/wp\/v2\/product_tag?post=737287"}],"curies":[{"name":"wp","href":"https:\/\/api.w.org\/{rel}","templated":true}]}}