{"id":737286,"date":"2025-08-27T23:25:17","date_gmt":"2025-08-27T20:25:17","guid":{"rendered":"https:\/\/roveyayinevi.com.tr\/index.php\/urun\/iki-kere-iyi-geceler\/"},"modified":"2026-04-16T02:46:44","modified_gmt":"2026-04-15T23:46:44","slug":"iki-kere-iyi-geceler","status":"publish","type":"product","link":"https:\/\/roveyayinevi.com.tr\/index.php\/urun\/iki-kere-iyi-geceler\/","title":{"rendered":"\u0130ki Kere \u0130yi Geceler"},"content":{"rendered":"<p>En yak\u0131n arkada\u015f\u0131ndan ayr\u0131lmay\u0131 kim ister, Yank\u0131 da istemiyor. Ama babas\u0131n\u0131n i\u015fi nedeniyle ta\u015f\u0131nmak zorundalar. Sevdi\u011fi her \u015feyi geride b\u0131rakacak olmas\u0131 yetmezmi\u015f gibi bir de geceleri geziyor, hem de uyurken! Uyumak i\u00e7in yata\u011f\u0131na yat\u0131yor, g\u00f6zlerini mutfakta a\u00e7\u0131yor. Yank\u0131\u2019ya g\u00f6re her \u015feyin sorumlusu zorla i\u00e7ti\u011fi sebze \u00e7orbas\u0131!   \u00c7a\u011fda\u015f \u00e7ocuk edebiyat\u0131m\u0131z\u0131n sevilen yazar\u0131 Nazl\u0131 Deniz G\u00fcler, \u015fehir de\u011fi\u015ftirmenin yaratt\u0131\u011f\u0131 f\u0131rt\u0131nalar\u0131 mizahi bir \u00fcslupla anlat\u0131yor. <\/p>\n","protected":false},"excerpt":{"rendered":"<p>En yak\u0131n arkada\u015f\u0131ndan ayr\u0131lmay\u0131 kim ister, Yank\u0131 da istemiyor. Ama babas\u0131n\u0131n i\u015fi nedeniyle ta\u015f\u0131nmak zorundalar. Sevdi\u011fi her \u015feyi geride b\u0131rakacak olmas\u0131 yetmezmi\u015f gibi bir de geceleri<span class=\"excerpt-hellip\"> [\u2026]<\/span><\/p>\n","protected":false},"featured_media":0,"template":"","meta":{"_monsterinsights_skip_tracking":false,"_monsterinsights_sitenote_active":false,"_monsterinsights_sitenote_note":"","_monsterinsights_sitenote_category":0},"product_brand":[],"product_cat":[12275,12274],"product_tag":[],"class_list":{"0":"post-737286","1":"product","2":"type-product","3":"status-publish","5":"product_cat-6-12-yas-kitaplari","6":"product_cat-cocuk-ve-genclik-kitaplari","7":"pa_cilt-ciltsiz","8":"pa_tur-kitap","9":"pa_yayinevi-cinar-yayinlari","10":"pa_yazar-nazli-deniz-guler","12":"first","13":"instock","14":"sale","15":"shipping-taxable","16":"purchasable","17":"product-type-simple"},"_links":{"self":[{"href":"https:\/\/roveyayinevi.com.tr\/index.php\/wp-json\/wp\/v2\/product\/737286","targetHints":{"allow":["GET"]}}],"collection":[{"href":"https:\/\/roveyayinevi.com.tr\/index.php\/wp-json\/wp\/v2\/product"}],"about":[{"href":"https:\/\/roveyayinevi.com.tr\/index.php\/wp-json\/wp\/v2\/types\/product"}],"wp:attachment":[{"href":"https:\/\/roveyayinevi.com.tr\/index.php\/wp-json\/wp\/v2\/media?parent=737286"}],"wp:term":[{"taxonomy":"product_brand","embeddable":true,"href":"https:\/\/roveyayinevi.com.tr\/index.php\/wp-json\/wp\/v2\/product_brand?post=737286"},{"taxonomy":"product_cat","embeddable":true,"href":"https:\/\/roveyayinevi.com.tr\/index.php\/wp-json\/wp\/v2\/product_cat?post=737286"},{"taxonomy":"product_tag","embeddable":true,"href":"https:\/\/roveyayinevi.com.tr\/index.php\/wp-json\/wp\/v2\/product_tag?post=737286"}],"curies":[{"name":"wp","href":"https:\/\/api.w.org\/{rel}","templated":true}]}}