{"id":737285,"date":"2025-08-27T23:25:15","date_gmt":"2025-08-27T20:25:15","guid":{"rendered":"https:\/\/roveyayinevi.com.tr\/index.php\/urun\/dongu-2\/"},"modified":"2026-04-11T14:06:05","modified_gmt":"2026-04-11T11:06:05","slug":"dongu-2","status":"publish","type":"product","link":"https:\/\/roveyayinevi.com.tr\/index.php\/urun\/dongu-2\/","title":{"rendered":"D\u00f6ng\u00fc"},"content":{"rendered":"<p>\u00d6l\u00fcm h\u00fccreleriyle dolu D\u00f6ng\u00fc\u2019n\u00fcn i\u00e7indeki ya\u015fam, tekrarlanan ve bitmek bilmez bir araft\u0131r. Mahkumlar \u00e7arpt\u0131r\u0131ld\u0131klar\u0131 \u00f6l\u00fcm cezalar\u0131n\u0131, se\u00e7kinlerin yarar\u0131na bilimsel ve t\u0131bbi deneylere kat\u0131lmay\u0131 se\u00e7erlerse alt\u0131 ayl\u0131\u011f\u0131na geciktirebiliyorlar. Ancak d\u0131\u015f d\u00fcnyadaki kaos haberleri mahkumlara bula\u015f\u0131p karga\u015fa ba\u015f g\u00f6sterdi\u011finde, D\u00f6ng\u00fc, mahkumlar\u0131n endi\u015felerinin en k\u00fc\u00e7\u00fc\u011f\u00fc haline gelir. Luka Kane, iki y\u0131l\u0131 a\u015fk\u0131n s\u00fcredir D\u00f6ng\u00fc\u2019de mahkumdur. Yay\u0131lan sava\u015f s\u00f6ylentileriyle ailesine dair duydu\u011fu endi\u015feler git gide artar. Onlar\u0131 kurtarabilmesi ve d\u00fcnyan\u0131n ba\u015f\u0131na gelen kaosun sorumlusunu ke\u015ffedebilmesinin yolu ise hayli zordur. Kendisini \u00f6ld\u00fcrmeye kararl\u0131 canavarlara d\u00f6nm\u00fc\u015f mahkumlardan, akl\u0131n\u0131 yitirmi\u015f bir gardiyandan ve kuduz farelerden kurtulmal\u0131, D\u00f6ng\u00fc\u2019den ka\u00e7mal\u0131d\u0131r.     \u201cA\u00e7l\u0131k Oyunlar\u0131 ve Labirent serisi hayranlar\u0131 ba\u015fka yere bakmay\u0131n\u2026Heyacan verici ve \u00fcrk\u00fct\u00fcc\u00fc.\u201d <\/p>\n","protected":false},"excerpt":{"rendered":"<p>\u00d6l\u00fcm h\u00fccreleriyle dolu D\u00f6ng\u00fc\u2019n\u00fcn i\u00e7indeki ya\u015fam, tekrarlanan ve bitmek bilmez bir araft\u0131r. Mahkumlar \u00e7arpt\u0131r\u0131ld\u0131klar\u0131 \u00f6l\u00fcm cezalar\u0131n\u0131, se\u00e7kinlerin yarar\u0131na bilimsel ve t\u0131bbi deneylere kat\u0131lmay\u0131 se\u00e7erlerse alt\u0131 ayl\u0131\u011f\u0131na<span class=\"excerpt-hellip\"> [\u2026]<\/span><\/p>\n","protected":false},"featured_media":0,"template":"","meta":{"_monsterinsights_skip_tracking":false,"_monsterinsights_sitenote_active":false,"_monsterinsights_sitenote_note":"","_monsterinsights_sitenote_category":0},"product_brand":[],"product_cat":[12291,12711],"product_tag":[],"class_list":{"0":"post-737285","1":"product","2":"type-product","3":"status-publish","5":"product_cat-edebiyat","6":"product_cat-roman-oyku","7":"pa_cilt-ciltsiz","8":"pa_tur-kitap","9":"pa_yayinevi-cinar-yayinlari","10":"pa_yazar-ben-oliver","12":"first","13":"instock","14":"sale","15":"shipping-taxable","16":"purchasable","17":"product-type-simple"},"_links":{"self":[{"href":"https:\/\/roveyayinevi.com.tr\/index.php\/wp-json\/wp\/v2\/product\/737285","targetHints":{"allow":["GET"]}}],"collection":[{"href":"https:\/\/roveyayinevi.com.tr\/index.php\/wp-json\/wp\/v2\/product"}],"about":[{"href":"https:\/\/roveyayinevi.com.tr\/index.php\/wp-json\/wp\/v2\/types\/product"}],"wp:attachment":[{"href":"https:\/\/roveyayinevi.com.tr\/index.php\/wp-json\/wp\/v2\/media?parent=737285"}],"wp:term":[{"taxonomy":"product_brand","embeddable":true,"href":"https:\/\/roveyayinevi.com.tr\/index.php\/wp-json\/wp\/v2\/product_brand?post=737285"},{"taxonomy":"product_cat","embeddable":true,"href":"https:\/\/roveyayinevi.com.tr\/index.php\/wp-json\/wp\/v2\/product_cat?post=737285"},{"taxonomy":"product_tag","embeddable":true,"href":"https:\/\/roveyayinevi.com.tr\/index.php\/wp-json\/wp\/v2\/product_tag?post=737285"}],"curies":[{"name":"wp","href":"https:\/\/api.w.org\/{rel}","templated":true}]}}