{"id":737283,"date":"2025-08-27T23:25:13","date_gmt":"2025-08-27T20:25:13","guid":{"rendered":"https:\/\/roveyayinevi.com.tr\/index.php\/urun\/olimposa-donus-yalan-dusler-ve-gercekler\/"},"modified":"2026-04-16T02:46:44","modified_gmt":"2026-04-15T23:46:44","slug":"olimposa-donus-yalan-dusler-ve-gercekler","status":"publish","type":"product","link":"https:\/\/roveyayinevi.com.tr\/index.php\/urun\/olimposa-donus-yalan-dusler-ve-gercekler\/","title":{"rendered":"Olimpos\u2019a D\u00f6n\u00fc\u015f &#8211; Yalan D\u00fc\u015fler ve Ger\u00e7ekler"},"content":{"rendered":"<p>Sald\u0131rgan\u0131n han\u00e7erle zemine bir i\u015faret kaz\u0131d\u0131\u011f\u0131n\u0131 g\u00f6rmemi\u015fti. T\u0131pk\u0131 onu kurtarmaya gelen kurtar\u0131c\u0131s\u0131n\u0131 g\u00f6remedi\u011fi gibi\u2026 Kurtar\u0131c\u0131 ge\u00e7 kalm\u0131\u015ft\u0131. Ya\u015fad\u0131\u011f\u0131 hayattan ac\u0131mas\u0131zca kopar\u0131lan Sade, art\u0131k Hades&#8217;e aitti.Olimpos&#8217;a D\u00f6n\u00fc\u015f serisinin ikinci kitab\u0131 ile Sade, \u00f6teki ger\u00e7eklik ile y\u00fczle\u015fiyor. O art\u0131k Olimposlular\u0131n bir par\u00e7as\u0131 de\u011fil. Bu yeni ger\u00e7eklik i\u00e7inde Sade, bamba\u015fka biri h\u00e2line gelecek. S\u0131radan hayat\u0131 olan, s\u0131radan k\u0131z art\u0131k Cehennemin Krali\u00e7esi!\u0130stanbul&#8217;dan Nekropolis&#8217;e ve Tartaros&#8217;a, \u00d6zbekistan&#8217;dan Hasankeyf&#8217;e s\u00fcr\u00fckleyici macera devam ediyor.Sava\u015flar, m\u00fccadeleler, s\u00fcrg\u00fcnler ve a\u015fk. Sade, cehenneme ad\u0131m at\u0131yor.\u201cHay\u0131r,\u201d dedi Sade tek nefeste, \u201cm\u00fcmk\u00fcn de\u011fil!\u201d\u201c\u00dczme kendini bo\u015funa, g\u00f6receksin az sonra endi\u015fenin ne kadar yersiz, korkunun ne kadar temelsiz oldu\u011funu.\u201dDeh\u015fetti hissetti\u011fi Sade&#8217;nin, i\u00e7 organlar\u0131n\u0131 kemiren can ac\u0131tan bir deh\u015fet. \u201cAz sonra?\u201d\u201cH\u00fck\u00fcmdar\u0131m\u0131zla evleneceksin az sonra.\u201d<\/p>\n","protected":false},"excerpt":{"rendered":"<p>Sald\u0131rgan\u0131n han\u00e7erle zemine bir i\u015faret kaz\u0131d\u0131\u011f\u0131n\u0131 g\u00f6rmemi\u015fti. T\u0131pk\u0131 onu kurtarmaya gelen kurtar\u0131c\u0131s\u0131n\u0131 g\u00f6remedi\u011fi gibi\u2026 Kurtar\u0131c\u0131 ge\u00e7 kalm\u0131\u015ft\u0131. Ya\u015fad\u0131\u011f\u0131 hayattan ac\u0131mas\u0131zca kopar\u0131lan Sade, art\u0131k Hades&#8217;e aitti.Olimpos&#8217;a D\u00f6n\u00fc\u015f<span class=\"excerpt-hellip\"> [\u2026]<\/span><\/p>\n","protected":false},"featured_media":0,"template":"","meta":{"_monsterinsights_skip_tracking":false,"_monsterinsights_sitenote_active":false,"_monsterinsights_sitenote_note":"","_monsterinsights_sitenote_category":0},"product_brand":[],"product_cat":[12291,14777],"product_tag":[],"class_list":{"0":"post-737283","1":"product","2":"type-product","3":"status-publish","5":"product_cat-edebiyat","6":"product_cat-fantastik","7":"pa_cilt-ciltsiz","8":"pa_tur-kitap","9":"pa_yayinevi-perseus","10":"pa_yazar-asli-eren","12":"first","13":"instock","14":"sale","15":"shipping-taxable","16":"purchasable","17":"product-type-simple"},"_links":{"self":[{"href":"https:\/\/roveyayinevi.com.tr\/index.php\/wp-json\/wp\/v2\/product\/737283","targetHints":{"allow":["GET"]}}],"collection":[{"href":"https:\/\/roveyayinevi.com.tr\/index.php\/wp-json\/wp\/v2\/product"}],"about":[{"href":"https:\/\/roveyayinevi.com.tr\/index.php\/wp-json\/wp\/v2\/types\/product"}],"wp:attachment":[{"href":"https:\/\/roveyayinevi.com.tr\/index.php\/wp-json\/wp\/v2\/media?parent=737283"}],"wp:term":[{"taxonomy":"product_brand","embeddable":true,"href":"https:\/\/roveyayinevi.com.tr\/index.php\/wp-json\/wp\/v2\/product_brand?post=737283"},{"taxonomy":"product_cat","embeddable":true,"href":"https:\/\/roveyayinevi.com.tr\/index.php\/wp-json\/wp\/v2\/product_cat?post=737283"},{"taxonomy":"product_tag","embeddable":true,"href":"https:\/\/roveyayinevi.com.tr\/index.php\/wp-json\/wp\/v2\/product_tag?post=737283"}],"curies":[{"name":"wp","href":"https:\/\/api.w.org\/{rel}","templated":true}]}}