{"id":737279,"date":"2025-08-27T23:25:07","date_gmt":"2025-08-27T20:25:07","guid":{"rendered":"https:\/\/roveyayinevi.com.tr\/index.php\/urun\/olimposa-donus\/"},"modified":"2026-04-16T02:46:44","modified_gmt":"2026-04-15T23:46:44","slug":"olimposa-donus","status":"publish","type":"product","link":"https:\/\/roveyayinevi.com.tr\/index.php\/urun\/olimposa-donus\/","title":{"rendered":"Olimpos\u2019a D\u00f6n\u00fc\u015f"},"content":{"rendered":"<p>Olimpos tanr\u0131lar\u0131 aram\u0131zda. Buhara&#8217;da, Pretorya&#8217;da, Hong Kong&#8217;da, Granada&#8217;da, Banff&#8217;ta, S\u00e3o Paulo&#8217;da ve \u0130stanbul&#8217;da!S\u0131radan bir g\u00fcnde, s\u0131radan bir k\u0131z, s\u0131ra d\u0131\u015f\u0131 r\u00fcyalar\u0131 y\u00fcz\u00fcnden Olimposlular ile kar\u015f\u0131la\u015ft\u0131. Art\u0131k ne o ne de onun g\u00fcnleri s\u0131radan olabilir. Art\u0131k o d\u00fcnyan\u0131n ruhunu ke\u015ffetmeli, kim oldu\u011funu \u00f6\u011frenmeli ve Hades&#8217;in planlar\u0131n\u0131 suya d\u00fc\u015f\u00fcrmeli. B\u00fct\u00fcn bunlar\u0131 yaparken her an \u00f6l\u00fcmle y\u00fczle\u015fecek, r\u00fcyalar\u0131na teslim olmamak i\u00e7in m\u00fccadele edecek ve korumak istediklerini ke\u015ffedecek.G\u00f6zlerini k\u0131rp\u0131p benim dikkatimi da\u011f\u0131tt\u0131ktan sonra kendini geriye \u00e7ekti. Yeniden mavi bak\u0131yor ve beni izliyordu. Az \u00f6nce ne olmu\u015ftu? G\u00f6zlerinin rengi neden maviye geri d\u00f6nm\u00fc\u015ft\u00fc? Hayal g\u00f6rmedi\u011fime emindim! Akl\u0131mda ko\u015fu\u015fturan onca d\u00fc\u015f\u00fcnceye ra\u011fmen hi\u00e7birini dile getiremiyordum.\u201cBiz evrenin bir par\u00e7as\u0131y\u0131z,\u201d dedi.\u201cEvrimin ilk ve son halkas\u0131y\u0131z.\u201dHades&#8217;i yenmek i\u00e7in,Olimpos&#8217;a d\u00f6nmek i\u00e7in,<\/p>\n","protected":false},"excerpt":{"rendered":"<p>Olimpos tanr\u0131lar\u0131 aram\u0131zda. Buhara&#8217;da, Pretorya&#8217;da, Hong Kong&#8217;da, Granada&#8217;da, Banff&#8217;ta, S\u00e3o Paulo&#8217;da ve \u0130stanbul&#8217;da!S\u0131radan bir g\u00fcnde, s\u0131radan bir k\u0131z, s\u0131ra d\u0131\u015f\u0131 r\u00fcyalar\u0131 y\u00fcz\u00fcnden Olimposlular ile kar\u015f\u0131la\u015ft\u0131. Art\u0131k<span class=\"excerpt-hellip\"> [\u2026]<\/span><\/p>\n","protected":false},"featured_media":0,"template":"","meta":{"_monsterinsights_skip_tracking":false,"_monsterinsights_sitenote_active":false,"_monsterinsights_sitenote_note":"","_monsterinsights_sitenote_category":0},"product_brand":[],"product_cat":[12291,14777],"product_tag":[],"class_list":{"0":"post-737279","1":"product","2":"type-product","3":"status-publish","5":"product_cat-edebiyat","6":"product_cat-fantastik","7":"pa_cilt-ciltsiz","8":"pa_tur-kitap","9":"pa_yayinevi-perseus","10":"pa_yazar-asli-eren","12":"first","13":"instock","14":"sale","15":"shipping-taxable","16":"purchasable","17":"product-type-simple"},"_links":{"self":[{"href":"https:\/\/roveyayinevi.com.tr\/index.php\/wp-json\/wp\/v2\/product\/737279","targetHints":{"allow":["GET"]}}],"collection":[{"href":"https:\/\/roveyayinevi.com.tr\/index.php\/wp-json\/wp\/v2\/product"}],"about":[{"href":"https:\/\/roveyayinevi.com.tr\/index.php\/wp-json\/wp\/v2\/types\/product"}],"wp:attachment":[{"href":"https:\/\/roveyayinevi.com.tr\/index.php\/wp-json\/wp\/v2\/media?parent=737279"}],"wp:term":[{"taxonomy":"product_brand","embeddable":true,"href":"https:\/\/roveyayinevi.com.tr\/index.php\/wp-json\/wp\/v2\/product_brand?post=737279"},{"taxonomy":"product_cat","embeddable":true,"href":"https:\/\/roveyayinevi.com.tr\/index.php\/wp-json\/wp\/v2\/product_cat?post=737279"},{"taxonomy":"product_tag","embeddable":true,"href":"https:\/\/roveyayinevi.com.tr\/index.php\/wp-json\/wp\/v2\/product_tag?post=737279"}],"curies":[{"name":"wp","href":"https:\/\/api.w.org\/{rel}","templated":true}]}}