{"id":737278,"date":"2025-08-27T23:25:06","date_gmt":"2025-08-27T20:25:06","guid":{"rendered":"https:\/\/roveyayinevi.com.tr\/index.php\/urun\/laya-3-mukemmeller-akademisi\/"},"modified":"2026-04-16T02:46:44","modified_gmt":"2026-04-15T23:46:44","slug":"laya-3-mukemmeller-akademisi","status":"publish","type":"product","link":"https:\/\/roveyayinevi.com.tr\/index.php\/urun\/laya-3-mukemmeller-akademisi\/","title":{"rendered":"Laya 3 &#8211; M\u00fckemmeller Akademisi"},"content":{"rendered":"<p>\u201cDeblos saray\u0131n\u0131n gizemli b\u00f6l\u00fcm\u00fcnde siyah kap\u0131n\u0131n ard\u0131ndaki karanl\u0131kta kay\u0131plara kar\u0131\u015fan Laya ve Leon&#8217;a ne mi oldu? \u201dO kap\u0131dan girip kay\u0131plara kar\u0131\u015fan Laya ve Leon i\u00e7in art\u0131k hi\u00e7bir \u015fey eskisi gibi de\u011fildi\u2026 Onlar \u015fimdi \u00f6\u011frencilerini d\u00fcnyaya gelmi\u015f en m\u00fckemmel gen\u00e7lerden se\u00e7en Y\u00f6r\u00fcnge \u015eirketi&#8217;ne ba\u011fl\u0131 bir akademide \u00f6\u011frenciydiler. Daha akademiye ba\u015flar ba\u015flamaz birbirlerine olan a\u015fklar\u0131n\u0131 yok sayd\u0131lar ve yeni arkada\u015flar edindiler.Kar\u015f\u0131la\u015ft\u0131klar\u0131 \u00e7ok \u00fcst d\u00fczey bir teknolojiye sahip bu akademide, \u201cTek D\u00fcnya, Tek Millet, Tek Din, Tek Cinsiyet, Herkes \u0130\u00e7in E\u015fitlik, Herkes \u0130\u00e7in Adalet\u201d prensipleri do\u011frultusunda e\u011fitim almaya ba\u015flad\u0131lar. Y\u00f6r\u00fcnge \u015eirketi&#8217;nin amac\u0131 akademide s\u0131k\u0131 bir e\u011fitimden ge\u00e7irdi\u011fi m\u00fckemmelleri, e\u011fitim sonras\u0131 kitleleri etkileyecek birer d\u00fcnya star\u0131 olarak sanat, spor ve e\u011flence d\u00fcnyas\u0131na servis ederek yukar\u0131da say\u0131lan prensiplerinin t\u00fcm d\u00fcnyada kabul g\u00f6rmesini sa\u011flamakt\u0131. B\u00f6ylelikle d\u00fcnyada sadece haz almak i\u00e7in ya\u015fayan tek tip birey modeli olu\u015fturarak b\u00fcy\u00fck patronun ahdini yerine getirmeyi ama\u00e7l\u0131yorlard\u0131. Y\u00f6r\u00fcnge \u015eirketi&#8217;nin b\u00fcy\u00fck patronu kimdi? \u00d6zellikle cinsiyet kavram\u0131n\u0131 reddeden; modern \u00e7a\u011f\u0131n ki\u015fisini kad\u0131n ya da erkek de\u011fil birey olarak g\u00f6ren, d\u00fcnya bireylerinin hayat\u0131n\u0131 haz merkezli hale getirmeye \u00e7al\u0131\u015fan Y\u00f6r\u00fcnge \u015eirketi mi hakl\u0131yd\u0131 yoksa onlara kar\u015f\u0131 \u00e7\u0131kan muhafazak\u00e2rlar m\u0131? Laya, Leon ve dostlar\u0131 akademinin b\u00fcy\u00fcs\u00fcne kap\u0131l\u0131p, kendilerine verilen g\u00f6revleri kabul edip \u015firketin yan\u0131nda m\u0131 yer alacaklar yoksa kar\u015f\u0131s\u0131nda m\u0131?G\u00fcn\u00fcm\u00fcz insanlar\u0131na hayat tarz\u0131 se\u00e7imlerini sorgulatan bu kitapta, herkesin gitmek isteyece\u011fi bir okul ortam\u0131n\u0131, s\u0131nanan a\u015fklar\u0131, a\u011flatan dostluklar\u0131, u\u011fruna \u00f6l\u00fcnecek de\u011ferleri, unutmay\u0131 bilmeyen kalpleri ve g\u00fc\u00e7l\u00fc ile g\u00fc\u00e7s\u00fcz\u00fcn m\u00fccadelesini okuyacaks\u0131n\u0131z.<\/p>\n","protected":false},"excerpt":{"rendered":"<p>\u201cDeblos saray\u0131n\u0131n gizemli b\u00f6l\u00fcm\u00fcnde siyah kap\u0131n\u0131n ard\u0131ndaki karanl\u0131kta kay\u0131plara kar\u0131\u015fan Laya ve Leon&#8217;a ne mi oldu? \u201dO kap\u0131dan girip kay\u0131plara kar\u0131\u015fan Laya ve Leon i\u00e7in art\u0131k<span class=\"excerpt-hellip\"> [\u2026]<\/span><\/p>\n","protected":false},"featured_media":0,"template":"","meta":{"_monsterinsights_skip_tracking":false,"_monsterinsights_sitenote_active":false,"_monsterinsights_sitenote_note":"","_monsterinsights_sitenote_category":0},"product_brand":[],"product_cat":[12291,12711],"product_tag":[],"class_list":{"0":"post-737278","1":"product","2":"type-product","3":"status-publish","5":"product_cat-edebiyat","6":"product_cat-roman-oyku","7":"pa_cilt-ciltsiz","8":"pa_tur-kitap","9":"pa_yayinevi-perseus","10":"pa_yazar-aytul-degerli","12":"first","13":"instock","14":"sale","15":"shipping-taxable","16":"purchasable","17":"product-type-simple"},"_links":{"self":[{"href":"https:\/\/roveyayinevi.com.tr\/index.php\/wp-json\/wp\/v2\/product\/737278","targetHints":{"allow":["GET"]}}],"collection":[{"href":"https:\/\/roveyayinevi.com.tr\/index.php\/wp-json\/wp\/v2\/product"}],"about":[{"href":"https:\/\/roveyayinevi.com.tr\/index.php\/wp-json\/wp\/v2\/types\/product"}],"wp:attachment":[{"href":"https:\/\/roveyayinevi.com.tr\/index.php\/wp-json\/wp\/v2\/media?parent=737278"}],"wp:term":[{"taxonomy":"product_brand","embeddable":true,"href":"https:\/\/roveyayinevi.com.tr\/index.php\/wp-json\/wp\/v2\/product_brand?post=737278"},{"taxonomy":"product_cat","embeddable":true,"href":"https:\/\/roveyayinevi.com.tr\/index.php\/wp-json\/wp\/v2\/product_cat?post=737278"},{"taxonomy":"product_tag","embeddable":true,"href":"https:\/\/roveyayinevi.com.tr\/index.php\/wp-json\/wp\/v2\/product_tag?post=737278"}],"curies":[{"name":"wp","href":"https:\/\/api.w.org\/{rel}","templated":true}]}}