{"id":737277,"date":"2025-08-27T23:25:04","date_gmt":"2025-08-27T20:25:04","guid":{"rendered":"https:\/\/roveyayinevi.com.tr\/index.php\/urun\/laya\/"},"modified":"2026-04-16T02:46:44","modified_gmt":"2026-04-15T23:46:44","slug":"laya","status":"publish","type":"product","link":"https:\/\/roveyayinevi.com.tr\/index.php\/urun\/laya\/","title":{"rendered":"Laya"},"content":{"rendered":"<p>Laya\u2026. Kimsin sen? Rami mi?&#8230; Bigem mi?&#8230; Sava\u015f\u0131n i\u00e7inde do\u011fan masum bir bebek mi?Bu sefer kap\u0131lar bamba\u015fka bir d\u00fcnyaya a\u00e7\u0131l\u0131yor. Farkl\u0131 \u0131rklar\u0131n d\u00fcnyas\u0131n\u0131 tan\u0131maya haz\u0131r m\u0131s\u0131n\u0131z?\u0130sminin anlam\u0131n\u0131 yans\u0131tan sureti ile ne\u015feli, adil, bilge ki\u015filik \u00f6zelliklerini tatl\u0131 h\u0131r\u00e7\u0131nl\u0131klar ve asi tav\u0131rlarla s\u00fcsleyen gen\u00e7 k\u0131z di\u011ferlerini derin uykular\u0131ndan uyand\u0131rabilecek mi? Topraklar\u0131nda ya\u015fanan sava\u015fa sebep olan sinsi d\u00fc\u015fman\u0131 denize d\u00f6kmenin yolunu bulabilecek mi? Kimli\u011finde ve bedeninde ortaya \u00e7\u0131kan sentez nas\u0131l sonu\u00e7lar do\u011furacak? T\u00fcm bu heng\u00e2menin i\u00e7inde Laya, masum kalbini hangi gen\u00e7 adama verecek?Bu sorular\u0131n cevab\u0131n\u0131n yan\u0131 s\u0131ra \u00f6zg\u00fcrl\u00fc\u011f\u00fcn anahtar\u0131n\u0131, g\u00fczel dostluklar\u0131, ilk a\u015fklar\u0131, tatl\u0131 \u015eenjoy\u2019lar\u0131, t\u00fcrl\u00fc \u00f6zellikleri olan tuhaf Babgis\u2019leri bulabilece\u011finiz heyecan dolu bir ser\u00fcven sizleri bekliyor.Laya\u2019y\u0131 tan\u0131y\u0131nca kitab\u0131n hi\u00e7 bitmemesini isteyeceksiniz. Bu kitap bitecek elbette ama Laya\u2019n\u0131n ser\u00fcvenleri bitecek mi acaba? Laya\u2019ya h\u00e2l\u00e2 \u201cMerhaba\u201d demediyseniz \u201cDaha fazla beklemeyin\u201d derim, pi\u015fman olmayaca\u011f\u0131n\u0131z efsanevi bir kitap okumu\u015f olacaks\u0131n\u0131z.\u201cHer milletin a\u015fa\u011f\u0131l\u0131klar\u0131 da vard\u0131r, y\u00fcceleri de vard\u0131r. Asl\u0131na bakarsan Tanr\u0131 g\u00f6r\u00fcn\u00fc\u015fte envai \u00e7e\u015fit, \u00f6z\u00fcnde ise iki \u00e7e\u015fit \u0131rk yarat\u0131p d\u00fcnyaya b\u0131rakm\u0131\u015ft\u0131r. A\u015fa\u011f\u0131l\u0131klar ve y\u00fcceler bir di\u011fer deyi\u015fle; iyiler ve k\u00f6t\u00fcler. Bu iki millet i\u00e7in de iki yurt yaratm\u0131\u015ft\u0131r: Cennet ve cehennem.\u2019\u2019<\/p>\n","protected":false},"excerpt":{"rendered":"<p>Laya\u2026. Kimsin sen? Rami mi?&#8230; Bigem mi?&#8230; Sava\u015f\u0131n i\u00e7inde do\u011fan masum bir bebek mi?Bu sefer kap\u0131lar bamba\u015fka bir d\u00fcnyaya a\u00e7\u0131l\u0131yor. Farkl\u0131 \u0131rklar\u0131n d\u00fcnyas\u0131n\u0131 tan\u0131maya haz\u0131r m\u0131s\u0131n\u0131z?\u0130sminin<span class=\"excerpt-hellip\"> [\u2026]<\/span><\/p>\n","protected":false},"featured_media":0,"template":"","meta":{"_monsterinsights_skip_tracking":false,"_monsterinsights_sitenote_active":false,"_monsterinsights_sitenote_note":"","_monsterinsights_sitenote_category":0},"product_brand":[],"product_cat":[12291,14777],"product_tag":[],"class_list":{"0":"post-737277","1":"product","2":"type-product","3":"status-publish","5":"product_cat-edebiyat","6":"product_cat-fantastik","7":"pa_cilt-ciltsiz","8":"pa_tur-kitap","9":"pa_yayinevi-perseus","10":"pa_yazar-aytul-degerli","12":"first","13":"instock","14":"sale","15":"shipping-taxable","16":"purchasable","17":"product-type-simple"},"_links":{"self":[{"href":"https:\/\/roveyayinevi.com.tr\/index.php\/wp-json\/wp\/v2\/product\/737277","targetHints":{"allow":["GET"]}}],"collection":[{"href":"https:\/\/roveyayinevi.com.tr\/index.php\/wp-json\/wp\/v2\/product"}],"about":[{"href":"https:\/\/roveyayinevi.com.tr\/index.php\/wp-json\/wp\/v2\/types\/product"}],"wp:attachment":[{"href":"https:\/\/roveyayinevi.com.tr\/index.php\/wp-json\/wp\/v2\/media?parent=737277"}],"wp:term":[{"taxonomy":"product_brand","embeddable":true,"href":"https:\/\/roveyayinevi.com.tr\/index.php\/wp-json\/wp\/v2\/product_brand?post=737277"},{"taxonomy":"product_cat","embeddable":true,"href":"https:\/\/roveyayinevi.com.tr\/index.php\/wp-json\/wp\/v2\/product_cat?post=737277"},{"taxonomy":"product_tag","embeddable":true,"href":"https:\/\/roveyayinevi.com.tr\/index.php\/wp-json\/wp\/v2\/product_tag?post=737277"}],"curies":[{"name":"wp","href":"https:\/\/api.w.org\/{rel}","templated":true}]}}