{"id":737276,"date":"2025-08-27T23:25:03","date_gmt":"2025-08-27T20:25:03","guid":{"rendered":"https:\/\/roveyayinevi.com.tr\/index.php\/urun\/mistik-konagin-koruyucalari\/"},"modified":"2026-04-16T02:46:44","modified_gmt":"2026-04-15T23:46:44","slug":"mistik-konagin-koruyucalari","status":"publish","type":"product","link":"https:\/\/roveyayinevi.com.tr\/index.php\/urun\/mistik-konagin-koruyucalari\/","title":{"rendered":"Mistik Kona\u011f\u0131n Koruyucalar\u0131"},"content":{"rendered":"<p>\u201cBunlar \u015fu ana kadarki sorumluluklar\u0131nd\u0131. Koca kurdu tekrar hapsetmek, ejderha devrinde iyinin yan\u0131nda saf tutmak, \u00fc\u00e7 ba\u015fl\u0131 k\u00f6pe\u011fi alt etmek\u2026 Sorumluluklar\u0131n daha yeni ba\u015flayacak. Her zaman i\u00e7 sesini dinle. Sana yol g\u00f6sterir. Fani ya\u015famlar, okyanuslardaki birer gemidir. K\u00e2hinler konu\u015fur r\u00fczg\u00e2r gibi. R\u00fczg\u00e2r onlar\u0131 nereye g\u00f6t\u00fcr\u00fcrse gider. Faniler ne kadar \u00e7abalarsa \u00e7abalas\u0131n. K\u00e2hinler o \u00e7abalara bak\u0131p g\u00fcler.\u201d demi\u015fti k\u00e2hin.K\u00e2hinin dedikleri fazlas\u0131 ile ger\u00e7ekle\u015fmeye ba\u015flam\u0131\u015ft\u0131. Enke ise hem yeni sorumluluklar\u0131na al\u0131\u015fmaya hem de kald\u0131\u011f\u0131 ikilemden kurtulmaya \u00e7al\u0131\u015f\u0131yordu. Di\u011fer yanda ise k\u00f6t\u00fcl\u00fck art\u0131yor, karanl\u0131k yakla\u015f\u0131yordu\u2026Serinin ikinci kitab\u0131nda yine heyecan bir an bile sizi yaln\u0131z b\u0131rakmayacak. Bir yandan mitolojik \u00f6yk\u00fcler okurken bir yandan da Enke&#8217;nin k\u00f6t\u00fcl\u00fckle sava\u015f\u0131nda Enke&#8217;ye yolda\u015f olacaks\u0131n\u0131z.\u201cBu y\u00fczden k\u00f6t\u00fcl\u00fck en beklenmeyen zamanda ortaya \u00e7\u0131kar. Sinsice ve kalle\u015f\u00e7e bekler onun i\u00e7in do\u011fru an\u0131.\u201d<\/p>\n","protected":false},"excerpt":{"rendered":"<p>\u201cBunlar \u015fu ana kadarki sorumluluklar\u0131nd\u0131. Koca kurdu tekrar hapsetmek, ejderha devrinde iyinin yan\u0131nda saf tutmak, \u00fc\u00e7 ba\u015fl\u0131 k\u00f6pe\u011fi alt etmek\u2026 Sorumluluklar\u0131n daha yeni ba\u015flayacak. Her zaman<span class=\"excerpt-hellip\"> [\u2026]<\/span><\/p>\n","protected":false},"featured_media":0,"template":"","meta":{"_monsterinsights_skip_tracking":false,"_monsterinsights_sitenote_active":false,"_monsterinsights_sitenote_note":"","_monsterinsights_sitenote_category":0},"product_brand":[],"product_cat":[12291,14777],"product_tag":[],"class_list":{"0":"post-737276","1":"product","2":"type-product","3":"status-publish","5":"product_cat-edebiyat","6":"product_cat-fantastik","7":"pa_cilt-ciltsiz","8":"pa_tur-kitap","9":"pa_yayinevi-perseus","10":"pa_yazar-onur-omer-duzgun","12":"first","13":"instock","14":"sale","15":"shipping-taxable","16":"purchasable","17":"product-type-simple"},"_links":{"self":[{"href":"https:\/\/roveyayinevi.com.tr\/index.php\/wp-json\/wp\/v2\/product\/737276","targetHints":{"allow":["GET"]}}],"collection":[{"href":"https:\/\/roveyayinevi.com.tr\/index.php\/wp-json\/wp\/v2\/product"}],"about":[{"href":"https:\/\/roveyayinevi.com.tr\/index.php\/wp-json\/wp\/v2\/types\/product"}],"wp:attachment":[{"href":"https:\/\/roveyayinevi.com.tr\/index.php\/wp-json\/wp\/v2\/media?parent=737276"}],"wp:term":[{"taxonomy":"product_brand","embeddable":true,"href":"https:\/\/roveyayinevi.com.tr\/index.php\/wp-json\/wp\/v2\/product_brand?post=737276"},{"taxonomy":"product_cat","embeddable":true,"href":"https:\/\/roveyayinevi.com.tr\/index.php\/wp-json\/wp\/v2\/product_cat?post=737276"},{"taxonomy":"product_tag","embeddable":true,"href":"https:\/\/roveyayinevi.com.tr\/index.php\/wp-json\/wp\/v2\/product_tag?post=737276"}],"curies":[{"name":"wp","href":"https:\/\/api.w.org\/{rel}","templated":true}]}}