{"id":737274,"date":"2025-08-27T23:25:00","date_gmt":"2025-08-27T20:25:00","guid":{"rendered":"https:\/\/roveyayinevi.com.tr\/index.php\/urun\/namus-namina-tutuklusun\/"},"modified":"2026-04-16T02:46:44","modified_gmt":"2026-04-15T23:46:44","slug":"namus-namina-tutuklusun","status":"publish","type":"product","link":"https:\/\/roveyayinevi.com.tr\/index.php\/urun\/namus-namina-tutuklusun\/","title":{"rendered":"Namus Nam\u0131na Tutuklusun"},"content":{"rendered":"<p>\u201cSan\u0131r\u0131m aileler \u00e7ocuklar\u0131na namuslu, akl\u0131 ba\u015f\u0131nda, bacaklar\u0131n\u0131 kapal\u0131 tutmay\u0131 bilen, ahlakl\u0131, elinden her i\u015f gelen ya da gelmese bile ba\u015fa i\u015f a\u00e7ma-yan, maa\u015fl\u0131, okumu\u015f ya da okumasa bile g\u00f6rg\u00fcl\u00fc, bilgili bir gelin ya da da-mat aramak yerine, ONLARI VAR ETMEL\u0130.\u201dAvukat Sebahattin.K\u0131zlar\u0131 taraf\u0131ndan su\u00e7lanan babalar\u2026K\u0131z karde\u015fleri taraf\u0131ndan su\u00e7lanan abiler\u2026\u00d6\u011frencileri taraf\u0131ndan su\u00e7lanan \u00f6\u011fretmenler\u2026Kom\u015fular\u0131 taraf\u0131ndan su\u00e7lanan amcalar, dedeler\u2026\u00c7al\u0131\u015fan\u0131 taraf\u0131ndan su\u00e7lanan patronlar ve hatta tan\u0131mad\u0131\u011f\u0131 kad\u0131nlar taraf\u0131ndan su\u00e7lanan erkekler.Hem de tecav\u00fczle.Avukat Sebahattin, her ge\u00e7en g\u00fcn bir yenisini \u00e7i\u011fnedi\u011fi kanunlarla, su\u00e7suz oldu\u011funa inand\u0131\u011f\u0131 san\u0131klar\u0131 kurtarmak i\u00e7in adalet sistemine sava\u015f a\u00e7\u0131yor. Ya\u015fad\u0131\u011f\u0131 sapk\u0131n hayatla bata\u011fa biraz daha saplan\u0131rken tek amac\u0131; i\u00e7inde kalan son adalet k\u0131r\u0131nt\u0131s\u0131yla, iftiradan tecav\u00fczlerin ger\u00e7ek ma\u011fdurlar\u0131n\u0131 bataktan \u00e7\u0131karmak.\u0130nsanlar\u0131n i\u00e7indeki seks\u00fcel d\u00fcrt\u00fcleri t\u00fcm \u00e7\u0131plakl\u0131\u011f\u0131yla anlatan yazar\u0131n ak\u0131c\u0131 \u00fcslubu, bol kahkaha att\u0131ran mizah\u0131, \u0131\u015f\u0131k tuttu\u011fu ger\u00e7ekler, fahi\u015feler ve seksle dolu hayat\u0131na ra\u011fmen t\u00fcm kalbiyle sevdi\u011fi platonik a\u015fk\u0131 Suna\u2019y\u0131, bir solukta okuyacak ve devam kitab\u0131n gelmesini sab\u0131rs\u0131zl\u0131kla bekleyeceksiniz.Namus Nam\u0131na Tutuklusun!<\/p>\n","protected":false},"excerpt":{"rendered":"<p>\u201cSan\u0131r\u0131m aileler \u00e7ocuklar\u0131na namuslu, akl\u0131 ba\u015f\u0131nda, bacaklar\u0131n\u0131 kapal\u0131 tutmay\u0131 bilen, ahlakl\u0131, elinden her i\u015f gelen ya da gelmese bile ba\u015fa i\u015f a\u00e7ma-yan, maa\u015fl\u0131, okumu\u015f ya da<span class=\"excerpt-hellip\"> [\u2026]<\/span><\/p>\n","protected":false},"featured_media":0,"template":"","meta":{"_monsterinsights_skip_tracking":false,"_monsterinsights_sitenote_active":false,"_monsterinsights_sitenote_note":"","_monsterinsights_sitenote_category":0},"product_brand":[],"product_cat":[12291,12711],"product_tag":[],"class_list":{"0":"post-737274","1":"product","2":"type-product","3":"status-publish","5":"product_cat-edebiyat","6":"product_cat-roman-oyku","7":"pa_cilt-ciltsiz","8":"pa_tur-kitap","9":"pa_yayinevi-perseus","10":"pa_yazar-mehmet-batak","12":"first","13":"instock","14":"sale","15":"shipping-taxable","16":"purchasable","17":"product-type-simple"},"_links":{"self":[{"href":"https:\/\/roveyayinevi.com.tr\/index.php\/wp-json\/wp\/v2\/product\/737274","targetHints":{"allow":["GET"]}}],"collection":[{"href":"https:\/\/roveyayinevi.com.tr\/index.php\/wp-json\/wp\/v2\/product"}],"about":[{"href":"https:\/\/roveyayinevi.com.tr\/index.php\/wp-json\/wp\/v2\/types\/product"}],"wp:attachment":[{"href":"https:\/\/roveyayinevi.com.tr\/index.php\/wp-json\/wp\/v2\/media?parent=737274"}],"wp:term":[{"taxonomy":"product_brand","embeddable":true,"href":"https:\/\/roveyayinevi.com.tr\/index.php\/wp-json\/wp\/v2\/product_brand?post=737274"},{"taxonomy":"product_cat","embeddable":true,"href":"https:\/\/roveyayinevi.com.tr\/index.php\/wp-json\/wp\/v2\/product_cat?post=737274"},{"taxonomy":"product_tag","embeddable":true,"href":"https:\/\/roveyayinevi.com.tr\/index.php\/wp-json\/wp\/v2\/product_tag?post=737274"}],"curies":[{"name":"wp","href":"https:\/\/api.w.org\/{rel}","templated":true}]}}