{"id":737272,"date":"2025-08-27T23:24:57","date_gmt":"2025-08-27T20:24:57","guid":{"rendered":"https:\/\/roveyayinevi.com.tr\/index.php\/urun\/denizin-ruyalari-daginik-bonbon\/"},"modified":"2026-04-16T02:46:44","modified_gmt":"2026-04-15T23:46:44","slug":"denizin-ruyalari-daginik-bonbon","status":"publish","type":"product","link":"https:\/\/roveyayinevi.com.tr\/index.php\/urun\/denizin-ruyalari-daginik-bonbon\/","title":{"rendered":"Deniz\u2019in R\u00fcyalar\u0131 &#8211; Da\u011f\u0131n\u0131k Bonbon"},"content":{"rendered":"<p>T\u00fcm maceralarda ba\u015far\u0131l\u0131 olman\u0131n s\u0131rr\u0131 bu kitapta gizli!Elinde en sevdi\u011fi kitab\u0131yla uyuyakalan Deniz, g\u00f6zlerini a\u00e7t\u0131\u011f\u0131nda kar\u015f\u0131s\u0131nda Kartalo\u2019yu g\u00f6r\u00fcyor ve kendini yeni bir maceran\u0131n i\u00e7inde buluyor. Hadi gelin birlikte sayfalar\u0131 \u00e7evirelim ve Kartalo\u2019nun Deniz\u2019e verdi\u011fi \u00f6nemli g\u00f6revi \u00f6\u011frenelim. Bakal\u0131m Deniz ba\u015far\u0131l\u0131 olabilmi\u015f mi ve bu maceran\u0131n sonunda neler \u00f6\u011frenmi\u015f?<\/p>\n","protected":false},"excerpt":{"rendered":"<p>T\u00fcm maceralarda ba\u015far\u0131l\u0131 olman\u0131n s\u0131rr\u0131 bu kitapta gizli!Elinde en sevdi\u011fi kitab\u0131yla uyuyakalan Deniz, g\u00f6zlerini a\u00e7t\u0131\u011f\u0131nda kar\u015f\u0131s\u0131nda Kartalo\u2019yu g\u00f6r\u00fcyor ve kendini yeni bir maceran\u0131n i\u00e7inde buluyor. Hadi<span class=\"excerpt-hellip\"> [\u2026]<\/span><\/p>\n","protected":false},"featured_media":0,"template":"","meta":{"_monsterinsights_skip_tracking":false,"_monsterinsights_sitenote_active":false,"_monsterinsights_sitenote_note":"","_monsterinsights_sitenote_category":0},"product_brand":[],"product_cat":[12274,12284],"product_tag":[],"class_list":{"0":"post-737272","1":"product","2":"type-product","3":"status-publish","5":"product_cat-cocuk-ve-genclik-kitaplari","6":"product_cat-hikayeler","7":"pa_cilt-ciltsiz","8":"pa_tur-kitap","9":"pa_yayinevi-perseus","10":"pa_yazar-oguzhan-cakir","12":"first","13":"instock","14":"sale","15":"shipping-taxable","16":"purchasable","17":"product-type-simple"},"_links":{"self":[{"href":"https:\/\/roveyayinevi.com.tr\/index.php\/wp-json\/wp\/v2\/product\/737272","targetHints":{"allow":["GET"]}}],"collection":[{"href":"https:\/\/roveyayinevi.com.tr\/index.php\/wp-json\/wp\/v2\/product"}],"about":[{"href":"https:\/\/roveyayinevi.com.tr\/index.php\/wp-json\/wp\/v2\/types\/product"}],"wp:attachment":[{"href":"https:\/\/roveyayinevi.com.tr\/index.php\/wp-json\/wp\/v2\/media?parent=737272"}],"wp:term":[{"taxonomy":"product_brand","embeddable":true,"href":"https:\/\/roveyayinevi.com.tr\/index.php\/wp-json\/wp\/v2\/product_brand?post=737272"},{"taxonomy":"product_cat","embeddable":true,"href":"https:\/\/roveyayinevi.com.tr\/index.php\/wp-json\/wp\/v2\/product_cat?post=737272"},{"taxonomy":"product_tag","embeddable":true,"href":"https:\/\/roveyayinevi.com.tr\/index.php\/wp-json\/wp\/v2\/product_tag?post=737272"}],"curies":[{"name":"wp","href":"https:\/\/api.w.org\/{rel}","templated":true}]}}