{"id":737271,"date":"2025-08-27T23:24:56","date_gmt":"2025-08-27T20:24:56","guid":{"rendered":"https:\/\/roveyayinevi.com.tr\/index.php\/urun\/farelerin-gunlugu\/"},"modified":"2026-04-16T02:46:44","modified_gmt":"2026-04-15T23:46:44","slug":"farelerin-gunlugu","status":"publish","type":"product","link":"https:\/\/roveyayinevi.com.tr\/index.php\/urun\/farelerin-gunlugu\/","title":{"rendered":"Farelerin G\u00fcnl\u00fc\u011f\u00fc"},"content":{"rendered":"<p>Olamaz!Safran, K\u00f6m\u00fcrc\u00fck, F\u0131nd\u0131k, F\u0131st\u0131k ve Pofuduk\u2019un ba\u015f\u0131 dertte.Fare karde\u015fler, kar\u0131nlar\u0131n\u0131 doyurmak i\u00e7in yer alt\u0131ndaki s\u0131cac\u0131k yuvalar\u0131ndan \u00e7\u0131kmal\u0131.Fakat Bayku\u015f Efendi, Yaban Domuzu ve Tilki Han\u0131m ormanda onlar\u0131 bekliyor.Karde\u015fler ormanda yiyecek ararken, siz de her \u015feyin birlikte yap\u0131l\u0131nca daha g\u00fczel oldu\u011funu ke\u015ffedeceksiniz.<\/p>\n","protected":false},"excerpt":{"rendered":"<p>Olamaz!Safran, K\u00f6m\u00fcrc\u00fck, F\u0131nd\u0131k, F\u0131st\u0131k ve Pofuduk\u2019un ba\u015f\u0131 dertte.Fare karde\u015fler, kar\u0131nlar\u0131n\u0131 doyurmak i\u00e7in yer alt\u0131ndaki s\u0131cac\u0131k yuvalar\u0131ndan \u00e7\u0131kmal\u0131.Fakat Bayku\u015f Efendi, Yaban Domuzu ve Tilki Han\u0131m ormanda onlar\u0131<span class=\"excerpt-hellip\"> [\u2026]<\/span><\/p>\n","protected":false},"featured_media":0,"template":"","meta":{"_monsterinsights_skip_tracking":false,"_monsterinsights_sitenote_active":false,"_monsterinsights_sitenote_note":"","_monsterinsights_sitenote_category":0},"product_brand":[],"product_cat":[12274,12284],"product_tag":[],"class_list":{"0":"post-737271","1":"product","2":"type-product","3":"status-publish","5":"product_cat-cocuk-ve-genclik-kitaplari","6":"product_cat-hikayeler","7":"pa_cilt-ciltsiz","8":"pa_tur-kitap","9":"pa_yayinevi-perseus","10":"pa_yazar-victoria-irina-eraslan","12":"first","13":"instock","14":"sale","15":"shipping-taxable","16":"purchasable","17":"product-type-simple"},"_links":{"self":[{"href":"https:\/\/roveyayinevi.com.tr\/index.php\/wp-json\/wp\/v2\/product\/737271","targetHints":{"allow":["GET"]}}],"collection":[{"href":"https:\/\/roveyayinevi.com.tr\/index.php\/wp-json\/wp\/v2\/product"}],"about":[{"href":"https:\/\/roveyayinevi.com.tr\/index.php\/wp-json\/wp\/v2\/types\/product"}],"wp:attachment":[{"href":"https:\/\/roveyayinevi.com.tr\/index.php\/wp-json\/wp\/v2\/media?parent=737271"}],"wp:term":[{"taxonomy":"product_brand","embeddable":true,"href":"https:\/\/roveyayinevi.com.tr\/index.php\/wp-json\/wp\/v2\/product_brand?post=737271"},{"taxonomy":"product_cat","embeddable":true,"href":"https:\/\/roveyayinevi.com.tr\/index.php\/wp-json\/wp\/v2\/product_cat?post=737271"},{"taxonomy":"product_tag","embeddable":true,"href":"https:\/\/roveyayinevi.com.tr\/index.php\/wp-json\/wp\/v2\/product_tag?post=737271"}],"curies":[{"name":"wp","href":"https:\/\/api.w.org\/{rel}","templated":true}]}}