{"id":737259,"date":"2025-08-27T23:24:41","date_gmt":"2025-08-27T20:24:41","guid":{"rendered":"https:\/\/roveyayinevi.com.tr\/index.php\/urun\/olyapole\/"},"modified":"2026-04-16T02:46:43","modified_gmt":"2026-04-15T23:46:43","slug":"olyapole","status":"publish","type":"product","link":"https:\/\/roveyayinevi.com.tr\/index.php\/urun\/olyapole\/","title":{"rendered":"Olyapole"},"content":{"rendered":"<p>\u015eiir idrak edilenin s\u0131n\u0131r d\u0131\u015f\u0131na vurulan kanatt\u0131r. \u0130nsan \u015fuurunun anlam havzas\u0131ndan ta\u015fan ve anla\u015f\u0131lmaktan ziyade duyumsanmaya ayarl\u0131 bir cihet ta\u015f\u0131r. \u015eiir; \u00f6r\u00fclm\u00fc\u015f sa\u00e7lar\u0131n\u0131 yaz\u0131dan \u00e7ok m\u00fczi\u011fe kenetler. Bu kenetlenen \u00e7entik bir doru tay ve k\u0131zg\u0131n nal kadar ebed\u00eedir. \u015eiir potansiyel olarak bir n\u00fckleer ba\u015fl\u0131k kadar g\u00fc\u00e7l\u00fcd\u00fcr. Akl\u0131m\u0131za gelebilecek her end\u00fcstriden daha g\u00fc\u00e7l\u00fc bir potansiyeldir bu bahsetti\u011fim.Size bir s\u0131r: B\u00fcy\u00fck \u015fairleri okumak fazla s\u0131k\u0131c\u0131d\u0131r. \u015eiirin hayata temas edenine az rastlan\u0131r. Bir tebess\u00fcm bile yaratmaz \u00e7o\u011fu&#8230; Bana \u00fcniversite y\u0131llar\u0131mda \u015fiir getirenler olmu\u015ftur. Sorarlar \u201c\u015eiiri nas\u0131l buldun?\u201d Ne yaz\u0131k ki zor buldum derim onlara. Bu benim harika, \u015fair oldu\u011fum manas\u0131na gelmez. Ben \u00e7ok iyi de\u011filim ama onlar fazlas\u0131yla k\u00f6t\u00fc. Onlara \u015funu s\u00f6ylerim: \u201cBir pire kar\u015f\u0131dan kar\u015f\u0131ya ge\u00e7er.\u201d Hadi bundan bir \u015fiir yarat\u0131n derim. Bundan \u015fiir olmaz derler genelde. Basit bir \u015feyi d\u00e2hiyane bir \u015fekilde anlatmakt\u0131r aslolan sakat m\u0131sralar yazmak de\u011fil oysa&#8230; \u00d6rne\u011fin kendi \u015fiir tan\u0131m\u0131n\u0131 yapamayan \u015fairler var \u00e7evremde. G\u00fclerim onlara arada da g\u00fcl\u00fc\u015f\u00fcm s\u0131zlamaz de\u011fil hani. \u015eiir hap\u015f\u0131raca\u011f\u0131 yere \u00e7\u0131\u011fl\u0131k atmak gibidir. \u00d6rne\u011fin b\u00fcy\u00fck \u015fairler\u2026 Onlar\u0131 okurum sonra \u201cBunca adam\u0131 \u00f6zel yapan \u015fey nedir?\u201d derim. Bazen \u00e7arp\u0131k gramerle dans edenler de vard\u0131r ama yeterince \u00f6zel de\u011fil. Biz hala o b\u00fcy\u00fck adam\u0131 bekliyoruz. Bir Antichrist (Deccal) edas\u0131nda bu sa\u00e7ma inan\u00e7lar\u0131 \u00f6zel yapan \u015feyi putsavar dizelerle y\u0131kacak adam\u0131. Bukowski&#8217;nin dedi\u011fi s\u00f6z\u00fc evrensel edebiyata uyarlarsak: \u00d6l\u00fc bir Yunan tanr\u0131s\u0131ndan daha fazla \u00f6nemsenmesi gereken \u015feyin, ya\u015fayan d\u00fcnya ayya\u015flar\u0131 oldu\u011funu ispat edecek birisi hala beklenmektedir.Hayata temas eden ve umursamaz. Kendini ciddiye almayan fakat ger\u00e7ekleri anlatmak i\u00e7in yalan s\u00f6yleyen bir \u015fiir. \u015eiir kendimizi g\u00fcncelleme vas\u0131tas\u0131 ve en ba\u015ftan varolu\u015fumuzu tan\u0131mlama \u015fans\u0131na neden olmazsa; bir hi\u00e7tir.\u00d6yleyse:Orada bir g\u00f6lgesine yaslanan m\u0131 var?Orada cennetten seslenen mi var?Orada; tam senin g\u00f6zlerindeCehennemden alev g\u00f6zleri \u0131slanan m\u0131 var?G\u00f6zlerin esrarl\u0131 an\u0131n mabediG\u00f6zlerin, \u0131srarl\u0131, \u015fan\u0131n ebediG\u00f6zlerin, fasih Fars\u00e7a&#8217;dan bediG\u00f6zlerin ve ruhun bana s\u00f6yledi&#8230;<\/p>\n","protected":false},"excerpt":{"rendered":"<p>\u015eiir idrak edilenin s\u0131n\u0131r d\u0131\u015f\u0131na vurulan kanatt\u0131r. \u0130nsan \u015fuurunun anlam havzas\u0131ndan ta\u015fan ve anla\u015f\u0131lmaktan ziyade duyumsanmaya ayarl\u0131 bir cihet ta\u015f\u0131r. \u015eiir; \u00f6r\u00fclm\u00fc\u015f sa\u00e7lar\u0131n\u0131 yaz\u0131dan \u00e7ok m\u00fczi\u011fe<span class=\"excerpt-hellip\"> [\u2026]<\/span><\/p>\n","protected":false},"featured_media":0,"template":"","meta":{"_monsterinsights_skip_tracking":false,"_monsterinsights_sitenote_active":false,"_monsterinsights_sitenote_note":"","_monsterinsights_sitenote_category":0},"product_brand":[],"product_cat":[12291,12509],"product_tag":[],"class_list":{"0":"post-737259","1":"product","2":"type-product","3":"status-publish","5":"product_cat-edebiyat","6":"product_cat-siir","7":"pa_cilt-ciltsiz","8":"pa_tur-kitap","9":"pa_yayinevi-elpis-yayinlari","10":"pa_yazar-hasan-safer","12":"first","13":"instock","14":"sale","15":"shipping-taxable","16":"purchasable","17":"product-type-simple"},"_links":{"self":[{"href":"https:\/\/roveyayinevi.com.tr\/index.php\/wp-json\/wp\/v2\/product\/737259","targetHints":{"allow":["GET"]}}],"collection":[{"href":"https:\/\/roveyayinevi.com.tr\/index.php\/wp-json\/wp\/v2\/product"}],"about":[{"href":"https:\/\/roveyayinevi.com.tr\/index.php\/wp-json\/wp\/v2\/types\/product"}],"wp:attachment":[{"href":"https:\/\/roveyayinevi.com.tr\/index.php\/wp-json\/wp\/v2\/media?parent=737259"}],"wp:term":[{"taxonomy":"product_brand","embeddable":true,"href":"https:\/\/roveyayinevi.com.tr\/index.php\/wp-json\/wp\/v2\/product_brand?post=737259"},{"taxonomy":"product_cat","embeddable":true,"href":"https:\/\/roveyayinevi.com.tr\/index.php\/wp-json\/wp\/v2\/product_cat?post=737259"},{"taxonomy":"product_tag","embeddable":true,"href":"https:\/\/roveyayinevi.com.tr\/index.php\/wp-json\/wp\/v2\/product_tag?post=737259"}],"curies":[{"name":"wp","href":"https:\/\/api.w.org\/{rel}","templated":true}]}}