{"id":737258,"date":"2025-08-27T23:24:39","date_gmt":"2025-08-27T20:24:39","guid":{"rendered":"https:\/\/roveyayinevi.com.tr\/index.php\/urun\/kimse-masum-degil\/"},"modified":"2026-04-16T02:46:43","modified_gmt":"2026-04-15T23:46:43","slug":"kimse-masum-degil","status":"publish","type":"product","link":"https:\/\/roveyayinevi.com.tr\/index.php\/urun\/kimse-masum-degil\/","title":{"rendered":"Kimse Masum De\u011fil"},"content":{"rendered":"<p>\u201cHayat, biz ba\u015fka planlar yaparken ba\u015f\u0131m\u0131za gelenlerdir.\u201d\u0130nsan, hayat\u0131nda en fazla ka\u00e7 kez \u201cDaha k\u00f6t\u00fc ne olabilir ki?\u201d diyebilir? Bazen beklemedi\u011fimiz durumlarla kar\u015f\u0131la\u015f\u0131r\u0131z ve bu a\u015famada bir yol ayr\u0131m\u0131 \u00e7\u0131kar kar\u015f\u0131m\u0131za; ya ge\u00e7mi\u015fe tak\u0131l\u0131p kalaca\u011f\u0131z ya da ya\u015fad\u0131\u011f\u0131m\u0131z\u0131n en k\u00f6t\u00fcs\u00fcne inat, unutup devam edece\u011fiz. Fatmanur \u00fcniversiteye ba\u015flarken, cebinde son kalan \u00fc\u00e7 be\u015f par\u00e7a k\u0131r\u0131lm\u0131\u015fl\u0131k ile devam etmeyi se\u00e7ti. \u201cDaha k\u00f6t\u00fc ne olabilir ki?\u201d dedi, daha k\u00f6t\u00fcs\u00fc oldu. Bir anda t\u00fcm hayat\u0131 alt\u00fcst oldu Fatmanur&#8217;un. G\u00f6zlerini a\u00e7t\u0131\u011f\u0131nda bir hastane odas\u0131ndayd\u0131, babas\u0131n\u0131n son s\u00f6zleri \u00e7\u0131nlad\u0131 kula\u011f\u0131nda. Her \u015fey bir anda olmu\u015ftu. Komodinin \u00fczerindeki mektubu okumaktan vazge\u00e7meseydi, belki bir \u015feyleri de\u011fi\u015ftirebilirdi\u2026 S\u0131\u011f\u0131nabilece\u011fi bir tek ki\u015fi kalm\u0131\u015ft\u0131 art\u0131k ama eline ge\u00e7en, o son mektup ile k\u00f6t\u00fcn\u00fcn daha da k\u00f6t\u00fcs\u00fc olabilece\u011fi ger\u00e7e\u011fini \u00e7ok ac\u0131 bir \u015fekilde kabul etmek zorunda kald\u0131\u2026 Kalan son umut par\u00e7as\u0131n\u0131 da al\u0131p g\u00f6t\u00fcren mektuptan sonra art\u0131k yapayaln\u0131zd\u0131. Yine o yol ayr\u0131m\u0131na gelmi\u015fti i\u015fte, ayn\u0131 yolu se\u00e7ti ve veda mektuplar\u0131n\u0131 yaz\u0131p sabaha kar\u015f\u0131 ayr\u0131ld\u0131 evinden t\u00fcm kalp k\u0131r\u0131kl\u0131klar\u0131n\u0131 da yan\u0131na alarak\u2026Okurken Fatmanur&#8217;un yolculu\u011funda ona e\u015flik edecek, yol ayr\u0131mlar\u0131na \u015fahit olacak ve kendinizden izler bulacaks\u0131n\u0131z.Unutmay\u0131n; \u201cEn k\u00f6t\u00fcs\u00fc bu!\u201d dedi\u011finiz her yol ayr\u0131m\u0131na belki de bir g\u00fcn te\u015fekk\u00fcr edeceksiniz\u2026<\/p>\n","protected":false},"excerpt":{"rendered":"<p>\u201cHayat, biz ba\u015fka planlar yaparken ba\u015f\u0131m\u0131za gelenlerdir.\u201d\u0130nsan, hayat\u0131nda en fazla ka\u00e7 kez \u201cDaha k\u00f6t\u00fc ne olabilir ki?\u201d diyebilir? Bazen beklemedi\u011fimiz durumlarla kar\u015f\u0131la\u015f\u0131r\u0131z ve bu a\u015famada bir<span class=\"excerpt-hellip\"> [\u2026]<\/span><\/p>\n","protected":false},"featured_media":0,"template":"","meta":{"_monsterinsights_skip_tracking":false,"_monsterinsights_sitenote_active":false,"_monsterinsights_sitenote_note":"","_monsterinsights_sitenote_category":0},"product_brand":[],"product_cat":[12291,12711],"product_tag":[],"class_list":{"0":"post-737258","1":"product","2":"type-product","3":"status-publish","5":"product_cat-edebiyat","6":"product_cat-roman-oyku","7":"pa_cilt-ciltsiz","8":"pa_tur-kitap","9":"pa_yayinevi-elpis-yayinlari","10":"pa_yazar-aynur-balci-kurt","12":"first","13":"instock","14":"sale","15":"shipping-taxable","16":"purchasable","17":"product-type-simple"},"_links":{"self":[{"href":"https:\/\/roveyayinevi.com.tr\/index.php\/wp-json\/wp\/v2\/product\/737258","targetHints":{"allow":["GET"]}}],"collection":[{"href":"https:\/\/roveyayinevi.com.tr\/index.php\/wp-json\/wp\/v2\/product"}],"about":[{"href":"https:\/\/roveyayinevi.com.tr\/index.php\/wp-json\/wp\/v2\/types\/product"}],"wp:attachment":[{"href":"https:\/\/roveyayinevi.com.tr\/index.php\/wp-json\/wp\/v2\/media?parent=737258"}],"wp:term":[{"taxonomy":"product_brand","embeddable":true,"href":"https:\/\/roveyayinevi.com.tr\/index.php\/wp-json\/wp\/v2\/product_brand?post=737258"},{"taxonomy":"product_cat","embeddable":true,"href":"https:\/\/roveyayinevi.com.tr\/index.php\/wp-json\/wp\/v2\/product_cat?post=737258"},{"taxonomy":"product_tag","embeddable":true,"href":"https:\/\/roveyayinevi.com.tr\/index.php\/wp-json\/wp\/v2\/product_tag?post=737258"}],"curies":[{"name":"wp","href":"https:\/\/api.w.org\/{rel}","templated":true}]}}