{"id":737257,"date":"2025-08-27T23:24:38","date_gmt":"2025-08-27T20:24:38","guid":{"rendered":"https:\/\/roveyayinevi.com.tr\/index.php\/urun\/kanadaya-ilk-adim\/"},"modified":"2026-04-16T02:46:43","modified_gmt":"2026-04-15T23:46:43","slug":"kanadaya-ilk-adim","status":"publish","type":"product","link":"https:\/\/roveyayinevi.com.tr\/index.php\/urun\/kanadaya-ilk-adim\/","title":{"rendered":"Kanada&#8217;ya \u0130lk Ad\u0131m"},"content":{"rendered":"<p>\u201cYe\u015fillik o kadar \u00e7ok ki burada, binalar aras\u0131nda ye\u015fillikler de\u011fil de ye\u015filliklerin i\u00e7inde binalar kaybolmu\u015f sanki. Yeni binalar\u0131n tamam\u0131n\u0131n d\u0131\u015f cephesi cam. Ak\u015fam olunca \u015fahane bir g\u00f6r\u00fcnt\u00fc var. Evlerin \u0131\u015f\u0131klar\u0131 yanmaya ba\u015flay\u0131nca sanki binalar simden elbise giymi\u015f gibi g\u00f6r\u00fcn\u00fcyorlar uzaktan.\u201dEllili ya\u015flardan sonra ikinci evlili\u011fini yaparak Kanada\u2019ya yerle\u015fen yazar\u0131n, her \u015feyi ile yabanc\u0131 bir \u00fclkede ya\u015fama s\u0131f\u0131rdan ba\u015flamas\u0131 i\u00e7inizde umut ye\u015fertecek. G\u00f6zlemleri ufkunuzu a\u015facak, hayata ve insanlara bak\u0131\u015f a\u00e7\u0131n\u0131z\u0131 geni\u015fletecek.Yazar hem Kanada\u2019y\u0131 hem ya\u015fad\u0131klar\u0131n\u0131 anlat\u0131rken kaleminden d\u00f6k\u00fclen her c\u00fcmle sizi Kanada\u2019ya g\u00f6t\u00fcrecek, orada gezdirecek ve hatta size orada ya\u015fad\u0131\u011f\u0131n\u0131z hissini verecek. Ye\u015fillikler i\u00e7inde nefes alacak, bin bir t\u00fcrl\u00fc insan tan\u0131yacak, aile, arkada\u015fl\u0131k ve kom\u015fuluk ili\u015fkilerinin \u00f6nemini anlayacaks\u0131n\u0131z.Sa\u011fl\u0131ktan e\u011fitime, trafikten ye\u015filli\u011fe, \u00f6zg\u00fcrl\u00fckten yaln\u0131zl\u0131\u011fa, aileden evsizli\u011fe kadar merak etti\u011finiz her sorunun cevab\u0131n\u0131 samimi, yal\u0131n ve d\u00fcr\u00fcst bir anlat\u0131mla bu kitapta bulacak ve bitirdi\u011finizde, hayata yeniden ba\u015flaman\u0131n ya\u015f\u0131 olmad\u0131\u011f\u0131n\u0131 kabul edeceksiniz.<\/p>\n","protected":false},"excerpt":{"rendered":"<p>\u201cYe\u015fillik o kadar \u00e7ok ki burada, binalar aras\u0131nda ye\u015fillikler de\u011fil de ye\u015filliklerin i\u00e7inde binalar kaybolmu\u015f sanki. Yeni binalar\u0131n tamam\u0131n\u0131n d\u0131\u015f cephesi cam. Ak\u015fam olunca \u015fahane bir<span class=\"excerpt-hellip\"> [\u2026]<\/span><\/p>\n","protected":false},"featured_media":0,"template":"","meta":{"_monsterinsights_skip_tracking":false,"_monsterinsights_sitenote_active":false,"_monsterinsights_sitenote_note":"","_monsterinsights_sitenote_category":0},"product_brand":[],"product_cat":[12777,12291],"product_tag":[],"class_list":{"0":"post-737257","1":"product","2":"type-product","3":"status-publish","5":"product_cat-deneme","6":"product_cat-edebiyat","7":"pa_cilt-ciltsiz","8":"pa_tur-kitap","9":"pa_yayinevi-elpis-yayinlari","10":"pa_yazar-yilsan-tavsanli","12":"first","13":"instock","14":"sale","15":"shipping-taxable","16":"purchasable","17":"product-type-simple"},"_links":{"self":[{"href":"https:\/\/roveyayinevi.com.tr\/index.php\/wp-json\/wp\/v2\/product\/737257","targetHints":{"allow":["GET"]}}],"collection":[{"href":"https:\/\/roveyayinevi.com.tr\/index.php\/wp-json\/wp\/v2\/product"}],"about":[{"href":"https:\/\/roveyayinevi.com.tr\/index.php\/wp-json\/wp\/v2\/types\/product"}],"wp:attachment":[{"href":"https:\/\/roveyayinevi.com.tr\/index.php\/wp-json\/wp\/v2\/media?parent=737257"}],"wp:term":[{"taxonomy":"product_brand","embeddable":true,"href":"https:\/\/roveyayinevi.com.tr\/index.php\/wp-json\/wp\/v2\/product_brand?post=737257"},{"taxonomy":"product_cat","embeddable":true,"href":"https:\/\/roveyayinevi.com.tr\/index.php\/wp-json\/wp\/v2\/product_cat?post=737257"},{"taxonomy":"product_tag","embeddable":true,"href":"https:\/\/roveyayinevi.com.tr\/index.php\/wp-json\/wp\/v2\/product_tag?post=737257"}],"curies":[{"name":"wp","href":"https:\/\/api.w.org\/{rel}","templated":true}]}}