{"id":737256,"date":"2025-08-27T23:24:36","date_gmt":"2025-08-27T20:24:36","guid":{"rendered":"https:\/\/roveyayinevi.com.tr\/index.php\/urun\/iki-biskuvi-arasi-lokum\/"},"modified":"2026-04-16T02:46:43","modified_gmt":"2026-04-15T23:46:43","slug":"iki-biskuvi-arasi-lokum","status":"publish","type":"product","link":"https:\/\/roveyayinevi.com.tr\/index.php\/urun\/iki-biskuvi-arasi-lokum\/","title":{"rendered":"\u0130ki Bisk\u00fcvi Aras\u0131 Lokum"},"content":{"rendered":"<p>\u201cElindeki paketten bisk\u00fcvilerin ve g\u00fcl kokulu lokumlar\u0131n kokusu geliyordu Edip&#8217;in burnuna, ayn\u0131 seneler \u00f6ncesinde oldu\u011fu gibi.Bir an \u00f6nce iki bisk\u00fcvinin aras\u0131na koyaca\u011f\u0131 g\u00fcl kokulu lokumu \u015ferbetle yemek i\u00e7in sab\u0131rs\u0131zlan\u0131yordu, heyecanl\u0131yd\u0131, seneler \u00f6ncesinde oldu\u011fu gibi.\u201dYazamaman\u0131n sanc\u0131lar\u0131n\u0131 ya\u015fayan Edip, elli y\u0131l \u00f6nce ya\u015fad\u0131\u011f\u0131 k\u00f6y\u00fcn\u00fc ziyaret etmeye karar vermi\u015fti. Otuz be\u015f y\u0131l \u00f6nce T\u00fcrkiye&#8217;den Almanya&#8217;ya giden u\u00e7a\u011fa bindi\u011fi gibi bu sefer de Almanya&#8217;dan \u00e7ocuklu\u011funa giden bir u\u00e7a\u011fa binmi\u015fti. Otuz be\u015f y\u0131l \u00f6nce, tan\u0131mad\u0131\u011f\u0131 insanlar ve bilmedi\u011fi bir k\u00fclt\u00fcr i\u00e7in kilometrelerce yol katetmi\u015fti. \u015eimdi ise \u00e7ocuklu\u011funun ge\u00e7ti\u011fi k\u00f6ye gitmesine ra\u011fmen durum farkl\u0131 de\u011fildi. Elli y\u0131l \u00f6nce k\u00f6y\u00fcnden, otuz be\u015f y\u0131l \u00f6nce ise \u0130stanbul&#8217;dan ayr\u0131lm\u0131\u015ft\u0131. \u00c7ocuklu\u011funu, gen\u00e7li\u011fini, do\u011fdu\u011fu k\u00f6y\u00fcn\u00fc ve b\u00fcy\u00fcd\u00fc\u011f\u00fc \u0130stanbul&#8217;u geride b\u0131rakm\u0131\u015ft\u0131. \u015eimdi, elli y\u0131l sonra k\u00f6y\u00fcne d\u00f6nen Edip, eski tatlar, kokular ve tan\u0131d\u0131klar ile ge\u00e7mi\u015ften gelen, unutulmu\u015f ve yar\u0131m kalm\u0131\u015f an\u0131lar\u0131 su y\u00fcz\u00fcne \u00e7\u0131kar\u0131yor.\u201cEdip, derin bir nefes alarak ba\u015flad\u0131 anlatmaya.T\u0131pk\u0131 elli sene \u00f6ncesinde oldu\u011fu gibi.\u201d<\/p>\n","protected":false},"excerpt":{"rendered":"<p>\u201cElindeki paketten bisk\u00fcvilerin ve g\u00fcl kokulu lokumlar\u0131n kokusu geliyordu Edip&#8217;in burnuna, ayn\u0131 seneler \u00f6ncesinde oldu\u011fu gibi.Bir an \u00f6nce iki bisk\u00fcvinin aras\u0131na koyaca\u011f\u0131 g\u00fcl kokulu lokumu \u015ferbetle<span class=\"excerpt-hellip\"> [\u2026]<\/span><\/p>\n","protected":false},"featured_media":0,"template":"","meta":{"_monsterinsights_skip_tracking":false,"_monsterinsights_sitenote_active":false,"_monsterinsights_sitenote_note":"","_monsterinsights_sitenote_category":0},"product_brand":[],"product_cat":[12291,12711],"product_tag":[],"class_list":{"0":"post-737256","1":"product","2":"type-product","3":"status-publish","5":"product_cat-edebiyat","6":"product_cat-roman-oyku","7":"pa_cilt-ciltsiz","8":"pa_tur-kitap","9":"pa_yayinevi-elpis-yayinlari","10":"pa_yazar-adem-dursun","12":"first","13":"instock","14":"sale","15":"shipping-taxable","16":"purchasable","17":"product-type-simple"},"_links":{"self":[{"href":"https:\/\/roveyayinevi.com.tr\/index.php\/wp-json\/wp\/v2\/product\/737256","targetHints":{"allow":["GET"]}}],"collection":[{"href":"https:\/\/roveyayinevi.com.tr\/index.php\/wp-json\/wp\/v2\/product"}],"about":[{"href":"https:\/\/roveyayinevi.com.tr\/index.php\/wp-json\/wp\/v2\/types\/product"}],"wp:attachment":[{"href":"https:\/\/roveyayinevi.com.tr\/index.php\/wp-json\/wp\/v2\/media?parent=737256"}],"wp:term":[{"taxonomy":"product_brand","embeddable":true,"href":"https:\/\/roveyayinevi.com.tr\/index.php\/wp-json\/wp\/v2\/product_brand?post=737256"},{"taxonomy":"product_cat","embeddable":true,"href":"https:\/\/roveyayinevi.com.tr\/index.php\/wp-json\/wp\/v2\/product_cat?post=737256"},{"taxonomy":"product_tag","embeddable":true,"href":"https:\/\/roveyayinevi.com.tr\/index.php\/wp-json\/wp\/v2\/product_tag?post=737256"}],"curies":[{"name":"wp","href":"https:\/\/api.w.org\/{rel}","templated":true}]}}