{"id":737252,"date":"2025-08-27T23:24:31","date_gmt":"2025-08-27T20:24:31","guid":{"rendered":"https:\/\/roveyayinevi.com.tr\/index.php\/urun\/felaketler-cagi\/"},"modified":"2026-04-16T02:46:43","modified_gmt":"2026-04-15T23:46:43","slug":"felaketler-cagi","status":"publish","type":"product","link":"https:\/\/roveyayinevi.com.tr\/index.php\/urun\/felaketler-cagi\/","title":{"rendered":"Felaketler \u00c7a\u011f\u0131"},"content":{"rendered":"<p>Prof. Dr. \u0130lyas G\u00f6khan; Felaketler \u00c7a\u011f\u0131: Orta Do\u011fu\u2019da K\u0131tl\u0131k, Kara Veba ve Salg\u0131n Hastal\u0131klar (1200-1405) isimli bu \u00e7al\u0131\u015fmas\u0131yla, T\u00fcrk etkisinin bin y\u0131l s\u00fcrd\u00fc\u011f\u00fc Orta Do\u011fu\u2019yu, \u00f6zellikle, 13. ve 14. y\u00fczy\u0131llarda M\u0131s\u0131r ve Suriye\u2019yi merkeze almakla birlikte bu co\u011frafyan\u0131n geni\u015f hinterland\u0131nda g\u00f6r\u00fclen k\u0131tl\u0131k, Kara Veba ve salg\u0131n hastal\u0131klar\u0131, bunlar\u0131n \u00e7\u0131k\u0131\u015f sebeplerini, yay\u0131lmalar\u0131n\u0131, etkilerini ve sonu\u00e7lar\u0131n\u0131 anlat\u0131yor. Bilhassa bir pandemi haline gelen Kara Veba\u2019n\u0131n Asya\u2019da \u00e7\u0131k\u0131\u015f\u0131 ile Avrupa ve Afrika k\u0131talar\u0131na yay\u0131l\u0131\u015f\u0131n\u0131 ayr\u0131nt\u0131l\u0131 \u015fekilde ortaya koyuyor. Bunun yan\u0131 s\u0131ra s\u00f6z konusu d\u00f6nemlerde h\u00fck\u00fcm s\u00fcren Eyy\u00fbb\u00ee ve Meml\u00fbk devletlerinin y\u00f6netici unsurlar\u0131yla halk\u0131n ya\u015fanan bu felaketler kar\u015f\u0131s\u0131ndaki tutumlar\u0131n\u0131 da g\u00f6zler \u00f6n\u00fcne seriyor.K\u0131tl\u0131k ve salg\u0131n hastal\u0131klar\u0131n kent, kasaba ve k\u00f6ylerin demografik yap\u0131s\u0131n\u0131 nas\u0131l etkiledi\u011fine de\u011finen \u0130lyas G\u00f6khan; \u00f6l\u00fcmler ve g\u00f6\u00e7ler nedeniyle M\u0131s\u0131r\u2019da tar\u0131m alanlar\u0131n\u0131n, \u00e7iftliklerin ve k\u00f6ylerin terk edildi\u011fini, kentlerde ise pek \u00e7ok mal, m\u00fclk ve servetin sahipsiz kald\u0131\u011f\u0131 i\u00e7in devlet hazinesine aktar\u0131ld\u0131\u011f\u0131n\u0131 belirtiyor. K\u0131tl\u0131k nedeniyle g\u0131da maddelerinin fiyatlar\u0131n\u0131n a\u015f\u0131r\u0131 artt\u0131\u011f\u0131n\u0131, baz\u0131 \u00fcr\u00fcnlerinin ise y\u00fcz kat pahaland\u0131\u011f\u0131n\u0131 ifade eden G\u00f6khan, k\u0131tl\u0131\u011f\u0131n a\u00e7l\u0131\u011fa d\u00f6n\u00fc\u015ft\u00fc\u011f\u00fc d\u00f6nemlerde insanlar\u0131n hayatta kalabilmek i\u00e7in kedi, k\u00f6pek ve hatta insan eti yemek zorunda kald\u0131\u011f\u0131na dikkat \u00e7ekiyor.As\u0131rlar \u00f6nce milyonlarca insan\u0131n \u00f6l\u00fcm\u00fcne neden olan Kara Veba ile g\u00fcn\u00fcm\u00fczde d\u00fcnyay\u0131 kas\u0131p kavuran koronavir\u00fcs (Covid19) aras\u0131ndaki benzerliklere de\u011finen \u0130lyas G\u00f6khan, her iki salg\u0131n aras\u0131nda y\u00fczlerce y\u0131l olmas\u0131na ra\u011fmen ortak siyasi, sosyal, ekonomik ve k\u00fclt\u00fcrel sonu\u00e7lar do\u011furdu\u011funun alt\u0131n\u0131 \u00e7iziyor.<\/p>\n","protected":false},"excerpt":{"rendered":"<p>Prof. Dr. \u0130lyas G\u00f6khan; Felaketler \u00c7a\u011f\u0131: Orta Do\u011fu\u2019da K\u0131tl\u0131k, Kara Veba ve Salg\u0131n Hastal\u0131klar (1200-1405) isimli bu \u00e7al\u0131\u015fmas\u0131yla, T\u00fcrk etkisinin bin y\u0131l s\u00fcrd\u00fc\u011f\u00fc Orta Do\u011fu\u2019yu, \u00f6zellikle,<span class=\"excerpt-hellip\"> [\u2026]<\/span><\/p>\n","protected":false},"featured_media":0,"template":"","meta":{"_monsterinsights_skip_tracking":false,"_monsterinsights_sitenote_active":false,"_monsterinsights_sitenote_note":"","_monsterinsights_sitenote_category":0},"product_brand":[],"product_cat":[12370,12304],"product_tag":[],"class_list":{"0":"post-737252","1":"product","2":"type-product","3":"status-publish","5":"product_cat-arastirma-inceleme","6":"product_cat-tarih","7":"pa_cilt-ciltsiz","8":"pa_tur-kitap","9":"pa_yayinevi-timas-akademi-yayinlari","10":"pa_yazar-ilyas-gokhan","12":"first","13":"instock","14":"sale","15":"shipping-taxable","16":"purchasable","17":"product-type-simple"},"_links":{"self":[{"href":"https:\/\/roveyayinevi.com.tr\/index.php\/wp-json\/wp\/v2\/product\/737252","targetHints":{"allow":["GET"]}}],"collection":[{"href":"https:\/\/roveyayinevi.com.tr\/index.php\/wp-json\/wp\/v2\/product"}],"about":[{"href":"https:\/\/roveyayinevi.com.tr\/index.php\/wp-json\/wp\/v2\/types\/product"}],"wp:attachment":[{"href":"https:\/\/roveyayinevi.com.tr\/index.php\/wp-json\/wp\/v2\/media?parent=737252"}],"wp:term":[{"taxonomy":"product_brand","embeddable":true,"href":"https:\/\/roveyayinevi.com.tr\/index.php\/wp-json\/wp\/v2\/product_brand?post=737252"},{"taxonomy":"product_cat","embeddable":true,"href":"https:\/\/roveyayinevi.com.tr\/index.php\/wp-json\/wp\/v2\/product_cat?post=737252"},{"taxonomy":"product_tag","embeddable":true,"href":"https:\/\/roveyayinevi.com.tr\/index.php\/wp-json\/wp\/v2\/product_tag?post=737252"}],"curies":[{"name":"wp","href":"https:\/\/api.w.org\/{rel}","templated":true}]}}