{"id":737251,"date":"2025-08-27T23:24:30","date_gmt":"2025-08-27T20:24:30","guid":{"rendered":"https:\/\/roveyayinevi.com.tr\/index.php\/urun\/bir-harf-bir-medeniyet-mim-kitabi\/"},"modified":"2026-04-16T02:46:43","modified_gmt":"2026-04-15T23:46:43","slug":"bir-harf-bir-medeniyet-mim-kitabi","status":"publish","type":"product","link":"https:\/\/roveyayinevi.com.tr\/index.php\/urun\/bir-harf-bir-medeniyet-mim-kitabi\/","title":{"rendered":"Bir Harf Bir Medeniyet &#8211; Mim Kitab\u0131"},"content":{"rendered":"<p>Prof. Dr. \u0130lhami Yurdakul\u2019dan, k\u00fclt\u00fcr ve medeniyetimizin \u201cmim\u201d s\u00fczgecinden ge\u00e7irildi\u011fi yepyeni bir k\u00fclt\u00fcr tarihi \u00e7al\u0131\u015fmas\u0131: Bir Harf Bir Medeniyet: Mim Kitab\u0131. Yurdakul, yaz\u0131n\u0131n tarihinden ba\u015flayarak genelde medeniyetleri \u00f6zelde ise T\u00fcrk-\u0130slam medeniyetini \u201cmim\u201d harfi sembolizmi \u00fczerinden adeta resmediyor. Sanattan edebiyata, siyasetten tasavvufa, s\u00f6zl\u00fc k\u00fclt\u00fcrden b\u00fcrokrasiye, mistisizmden r\u00fcya tabirlerine, medreseden mektebe, ebced hesab\u0131ndan musikiye ve gizli te\u015fkilatlara kadar hemen her alanda kullan\u0131lan \u201cmim\u201d harfi sembolizmi, ilk defa bir harf monografisi olarak bir arada.Orduda, maliyede, yarg\u0131da, \u0130slam hukukunda ve merkez b\u00fcrokrasisinde \u201cmim\u201d rumuzu hangi anlamlarda kullan\u0131lm\u0131\u015ft\u0131r?Sultan II. Abd\u00fclhamid, sadrazam\u0131n m\u00fch\u00fcr ve mim rumuzu kullanmas\u0131n\u0131 neden yasaklam\u0131\u015ft\u0131r?Matbaada \u201cmim ba\u015f\u0131\u201d ve \u201cmim uzatmak\u201d deyimi ne anlama gelmektedir?Hat sanat\u0131nda \u201cmim\u201d harfi hangi usulle yaz\u0131lm\u0131\u015ft\u0131r?Edebiyatta sevgilinin a\u011fz\u0131 neden \u201cmim\u201de benzetilmi\u015ftir?Tasavvufta \u201cmim perdesi\u201d ifadesi ve \u201cyedi mim duas\u0131\u201d nas\u0131l izah edilmi\u015ftir?R\u00fcya tabirlerinde \u201cmim\u201d rumuzu hangi anlamlara gelmektedir?\u0130stikl\u00e2l Sava\u015f\u0131\u2019nda kurulan \u201cMim Mim Grubu\u201d nas\u0131l \u00e7al\u0131\u015fm\u0131\u015ft\u0131r?\u0130ttihat ve Terakki Cemiyeti \u00fcyelerinin \u015fifreli kelimesi ve \u201cmim\u201d rumuzunun anlam\u0131 nedir?T\u00fcrk-\u0130slam k\u00fclt\u00fcr ve medeniyetinin maddi k\u00fclt\u00fcr varl\u0131klar\u0131 ve d\u00fc\u015f\u00fcncesinin izah\u0131nda \u201cmim\u201d harfinin daha nice gizemli bir sembol olarak yeri tek kitapta\u2026Prof. Dr. \u0130lhami Yurdakul, tek bir harfin bile ara\u015ft\u0131rma konusu olabilece\u011fini, hakk\u0131nda zengin malzemelerin bulunabilece\u011fini ve alana \u00f6zg\u00fcn katk\u0131 sunabilece\u011fini g\u00f6steriyor. K\u00fclt\u00fcr tarihini \u201cmim\u201d perspektifinden, belgeler ve g\u00f6rseller e\u015fli\u011finde okumak isteyenler i\u00e7in vazge\u00e7ilmez bir \u00e7al\u0131\u015fma.<\/p>\n","protected":false},"excerpt":{"rendered":"<p>Prof. Dr. \u0130lhami Yurdakul\u2019dan, k\u00fclt\u00fcr ve medeniyetimizin \u201cmim\u201d s\u00fczgecinden ge\u00e7irildi\u011fi yepyeni bir k\u00fclt\u00fcr tarihi \u00e7al\u0131\u015fmas\u0131: Bir Harf Bir Medeniyet: Mim Kitab\u0131. Yurdakul, yaz\u0131n\u0131n tarihinden ba\u015flayarak genelde<span class=\"excerpt-hellip\"> [\u2026]<\/span><\/p>\n","protected":false},"featured_media":0,"template":"","meta":{"_monsterinsights_skip_tracking":false,"_monsterinsights_sitenote_active":false,"_monsterinsights_sitenote_note":"","_monsterinsights_sitenote_category":0},"product_brand":[],"product_cat":[12312,12304],"product_tag":[],"class_list":{"0":"post-737251","1":"product","2":"type-product","3":"status-publish","5":"product_cat-diger","6":"product_cat-tarih","7":"pa_cilt-ciltsiz","8":"pa_tur-kitap","9":"pa_yayinevi-timas-yayinlari","10":"pa_yazar-ilhami-yurdakul","12":"first","13":"instock","14":"sale","15":"shipping-taxable","16":"purchasable","17":"product-type-simple"},"_links":{"self":[{"href":"https:\/\/roveyayinevi.com.tr\/index.php\/wp-json\/wp\/v2\/product\/737251","targetHints":{"allow":["GET"]}}],"collection":[{"href":"https:\/\/roveyayinevi.com.tr\/index.php\/wp-json\/wp\/v2\/product"}],"about":[{"href":"https:\/\/roveyayinevi.com.tr\/index.php\/wp-json\/wp\/v2\/types\/product"}],"wp:attachment":[{"href":"https:\/\/roveyayinevi.com.tr\/index.php\/wp-json\/wp\/v2\/media?parent=737251"}],"wp:term":[{"taxonomy":"product_brand","embeddable":true,"href":"https:\/\/roveyayinevi.com.tr\/index.php\/wp-json\/wp\/v2\/product_brand?post=737251"},{"taxonomy":"product_cat","embeddable":true,"href":"https:\/\/roveyayinevi.com.tr\/index.php\/wp-json\/wp\/v2\/product_cat?post=737251"},{"taxonomy":"product_tag","embeddable":true,"href":"https:\/\/roveyayinevi.com.tr\/index.php\/wp-json\/wp\/v2\/product_tag?post=737251"}],"curies":[{"name":"wp","href":"https:\/\/api.w.org\/{rel}","templated":true}]}}