{"id":737250,"date":"2025-08-27T23:24:29","date_gmt":"2025-08-27T20:24:29","guid":{"rendered":"https:\/\/roveyayinevi.com.tr\/index.php\/urun\/son-ayi-ciltli\/"},"modified":"2026-04-16T02:46:43","modified_gmt":"2026-04-15T23:46:43","slug":"son-ayi-ciltli","status":"publish","type":"product","link":"https:\/\/roveyayinevi.com.tr\/index.php\/urun\/son-ayi-ciltli\/","title":{"rendered":"Son Ay\u0131 (Ciltli)"},"content":{"rendered":"<p>\u201cUfukta, g\u00fcne\u015fte bir siluet, bir \u015fey hareket etmi\u015fti. G\u00f6z a\u00e7\u0131p kapay\u0131ncaya kadar olmu\u015ftu. O kadar h\u0131zl\u0131yd\u0131 ki April az daha g\u00f6zden ka\u00e7\u0131racakt\u0131. B\u00fcy\u00fck, uzun ad\u0131mlarla y\u00fcr\u00fcyen ve \u00e7ok beklenmedik bir \u015feydi. Yeniden g\u00f6zlerini k\u0131rpt\u0131. Her ne ise gitmi\u015fti.Ancak April bir kutup ay\u0131s\u0131 g\u00f6rd\u00fc\u011f\u00fcne yemin edebilirdi.\u201dAy\u0131 Adas\u0131\u2019nda hi\u00e7 kutup ay\u0131s\u0131 kalmad\u0131.Ara\u015ft\u0131rmas\u0131 onlar\u0131 alt\u0131 ayl\u0131\u011f\u0131na Kuzey Kutbu\u2019na g\u00f6t\u00fcrd\u00fc\u011f\u00fcnde April\u2019\u0131n babas\u0131 ona b\u00f6yle s\u00f6yler. Ancak bir gece April, ufukta belirgin bir ay\u0131 siluetinin hareket etti\u011fini g\u00f6r\u00fcr. Orada olmamas\u0131 gereken, a\u00e7, yaln\u0131z ve evinden \u00e7ok uzakta olan bir kutup ay\u0131s\u0131. Bir \u015feylerden mahrum kalm\u0131\u015f bir ay\u0131, t\u0131pk\u0131 April gibi.Aralar\u0131ndaki beklenmedik ba\u011f b\u00fcy\u00fcrken April yeni en iyi arkada\u015f\u0131n\u0131 kurtarmaya kararl\u0131d\u0131r ve b\u00f6ylece hayat\u0131n\u0131n en b\u00fcy\u00fck ve en \u00f6nemli yolculu\u011fu ba\u015flar.Ay\u0131y\u0131 kurtarmak i\u00e7in bir yolculuk&#8230; Ve belki bu, April\u2019\u0131n kendini de kurtarmas\u0131 i\u00e7in bir \u015fanst\u0131r&#8230;<\/p>\n","protected":false},"excerpt":{"rendered":"<p>\u201cUfukta, g\u00fcne\u015fte bir siluet, bir \u015fey hareket etmi\u015fti. G\u00f6z a\u00e7\u0131p kapay\u0131ncaya kadar olmu\u015ftu. O kadar h\u0131zl\u0131yd\u0131 ki April az daha g\u00f6zden ka\u00e7\u0131racakt\u0131. B\u00fcy\u00fck, uzun ad\u0131mlarla y\u00fcr\u00fcyen<span class=\"excerpt-hellip\"> [\u2026]<\/span><\/p>\n","protected":false},"featured_media":0,"template":"","meta":{"_monsterinsights_skip_tracking":false,"_monsterinsights_sitenote_active":false,"_monsterinsights_sitenote_note":"","_monsterinsights_sitenote_category":0},"product_brand":[],"product_cat":[12275,12274],"product_tag":[],"class_list":{"0":"post-737250","1":"product","2":"type-product","3":"status-publish","5":"product_cat-6-12-yas-kitaplari","6":"product_cat-cocuk-ve-genclik-kitaplari","7":"pa_cilt-ciltli","8":"pa_tur-kitap","9":"pa_yayinevi-genc-timas","10":"pa_yazar-hannah-gold","12":"first","13":"instock","14":"sale","15":"shipping-taxable","16":"purchasable","17":"product-type-simple"},"_links":{"self":[{"href":"https:\/\/roveyayinevi.com.tr\/index.php\/wp-json\/wp\/v2\/product\/737250","targetHints":{"allow":["GET"]}}],"collection":[{"href":"https:\/\/roveyayinevi.com.tr\/index.php\/wp-json\/wp\/v2\/product"}],"about":[{"href":"https:\/\/roveyayinevi.com.tr\/index.php\/wp-json\/wp\/v2\/types\/product"}],"wp:attachment":[{"href":"https:\/\/roveyayinevi.com.tr\/index.php\/wp-json\/wp\/v2\/media?parent=737250"}],"wp:term":[{"taxonomy":"product_brand","embeddable":true,"href":"https:\/\/roveyayinevi.com.tr\/index.php\/wp-json\/wp\/v2\/product_brand?post=737250"},{"taxonomy":"product_cat","embeddable":true,"href":"https:\/\/roveyayinevi.com.tr\/index.php\/wp-json\/wp\/v2\/product_cat?post=737250"},{"taxonomy":"product_tag","embeddable":true,"href":"https:\/\/roveyayinevi.com.tr\/index.php\/wp-json\/wp\/v2\/product_tag?post=737250"}],"curies":[{"name":"wp","href":"https:\/\/api.w.org\/{rel}","templated":true}]}}