{"id":737248,"date":"2025-08-27T23:24:26","date_gmt":"2025-08-27T20:24:26","guid":{"rendered":"https:\/\/roveyayinevi.com.tr\/index.php\/urun\/hayaldi-roman-oldu\/"},"modified":"2026-04-16T02:46:42","modified_gmt":"2026-04-15T23:46:42","slug":"hayaldi-roman-oldu","status":"publish","type":"product","link":"https:\/\/roveyayinevi.com.tr\/index.php\/urun\/hayaldi-roman-oldu\/","title":{"rendered":"Hayaldi Roman Oldu"},"content":{"rendered":"<p>Upuzun bir yolculuktu bu. Hi\u00e7 bitmeyecek izlenimi veriyordu. Yorucuydu. Nihayet \u00f6zg\u00fcn olaylarla \u00f6r\u00fcl\u00fc bir metin \u00e7\u0131kt\u0131 ortaya.Hayaldi, roman oldu.Kitab\u0131 bu gece bitirdim. Tan vakti girdi. \u00dcsk\u00fcdar g\u00f6kleri k\u0131z\u0131la boyand\u0131. Birazdan sabah olacak, sonucu merakla bekleyen yay\u0131nc\u0131m metni almaya gelecek.Kitap yay\u0131nland\u0131ktan sonra bir n\u00fcshas\u0131n\u0131 sana kendi elimle vermek isterim. Kim bilir, belki yine gelirsin. G\u00fcnbat\u0131m\u0131na yak\u0131n sahilde oluyorum. Gelemezsen, sonsuzluk sahilinde bekle beni. Yolday\u0131m, geliyorum.<\/p>\n","protected":false},"excerpt":{"rendered":"<p>Upuzun bir yolculuktu bu. Hi\u00e7 bitmeyecek izlenimi veriyordu. Yorucuydu. Nihayet \u00f6zg\u00fcn olaylarla \u00f6r\u00fcl\u00fc bir metin \u00e7\u0131kt\u0131 ortaya.Hayaldi, roman oldu.Kitab\u0131 bu gece bitirdim. Tan vakti girdi. \u00dcsk\u00fcdar<span class=\"excerpt-hellip\"> [\u2026]<\/span><\/p>\n","protected":false},"featured_media":0,"template":"","meta":{"_monsterinsights_skip_tracking":false,"_monsterinsights_sitenote_active":false,"_monsterinsights_sitenote_note":"","_monsterinsights_sitenote_category":0},"product_brand":[],"product_cat":[12291,12711],"product_tag":[],"class_list":{"0":"post-737248","1":"product","2":"type-product","3":"status-publish","5":"product_cat-edebiyat","6":"product_cat-roman-oyku","7":"pa_cilt-ciltsiz","8":"pa_tur-kitap","9":"pa_yayinevi-carpe-diem-kitaplari","10":"pa_yazar-omer-sevincgul","12":"first","13":"instock","14":"sale","15":"shipping-taxable","16":"purchasable","17":"product-type-simple"},"_links":{"self":[{"href":"https:\/\/roveyayinevi.com.tr\/index.php\/wp-json\/wp\/v2\/product\/737248","targetHints":{"allow":["GET"]}}],"collection":[{"href":"https:\/\/roveyayinevi.com.tr\/index.php\/wp-json\/wp\/v2\/product"}],"about":[{"href":"https:\/\/roveyayinevi.com.tr\/index.php\/wp-json\/wp\/v2\/types\/product"}],"wp:attachment":[{"href":"https:\/\/roveyayinevi.com.tr\/index.php\/wp-json\/wp\/v2\/media?parent=737248"}],"wp:term":[{"taxonomy":"product_brand","embeddable":true,"href":"https:\/\/roveyayinevi.com.tr\/index.php\/wp-json\/wp\/v2\/product_brand?post=737248"},{"taxonomy":"product_cat","embeddable":true,"href":"https:\/\/roveyayinevi.com.tr\/index.php\/wp-json\/wp\/v2\/product_cat?post=737248"},{"taxonomy":"product_tag","embeddable":true,"href":"https:\/\/roveyayinevi.com.tr\/index.php\/wp-json\/wp\/v2\/product_tag?post=737248"}],"curies":[{"name":"wp","href":"https:\/\/api.w.org\/{rel}","templated":true}]}}