{"id":737246,"date":"2025-08-27T23:24:24","date_gmt":"2025-08-27T20:24:24","guid":{"rendered":"https:\/\/roveyayinevi.com.tr\/index.php\/urun\/dervis-pusulasi\/"},"modified":"2026-04-16T02:46:42","modified_gmt":"2026-04-15T23:46:42","slug":"dervis-pusulasi","status":"publish","type":"product","link":"https:\/\/roveyayinevi.com.tr\/index.php\/urun\/dervis-pusulasi\/","title":{"rendered":"Dervi\u015f Pusulas\u0131"},"content":{"rendered":"<p>Dervi\u015f Pusulas\u0131 ba\u015fl\u0131\u011f\u0131yla ne\u015fredilen bu g\u00fczide eser, tasavvuf semas\u0131n\u0131n \u201cb\u00e2zu\u2019l-e\u015fheb\u201di yani \u201cbeyaz \u015fahini\u201d y\u00fcce veli Abd\u00fclk\u00e2dir-i Geyl\u00e2n\u00ee hazretlerinin el-Gunye li-t\u00e2lib-i tar\u00eek-\u0131 hakk adl\u0131 eserinin son k\u0131sm\u0131 olan Tasavvuf Kitab\u0131\u2019d\u0131r. Bu \u00f6nemli eserde Geyl\u00e2n\u00ee hazretleri, tasavvufun bir tak\u0131m temel \u0131st\u0131lahlar\u0131na, kavramlar\u0131na a\u00e7\u0131kl\u0131k getiriyor. Daha sonra sufilerin hem kendi i\u00e7lerinde hem de sosyal hayatta tak\u0131nmas\u0131 gerekli olan tav\u0131rlar\u0131n\u0131 \u00f6yle detayl\u0131 bir surette anlat\u0131yor ki bu eser tasavvuf yoluna s\u00fcl\u00fck eden dervi\u015flerin en temel rehberi haline geliyor. S\u00fcnnet-i seniyyeye ittiba eden insan kemal vas\u0131flar kazan\u0131r; ger\u00e7ek kullu\u011fa giden yollar da esasen s\u00fcnnet-i seniyyeden ge\u00e7er.\u0130\u015fte tarikat adab\u0131 haddi zat\u0131nda m\u00fcntesiplerine en ba\u015ftan itibaren s\u00fcnnet y\u00f6r\u00fcngeli bir hayat\u0131 talim ve terbiye eder. Elinizdeki kitap bu anlamda tam da toplum i\u00e7erisinde k\u0131lavuzluk g\u00f6revi ifa eden hakiki m\u00fcr\u015fitlerin ve hakiki dervi\u015flerin hem Allah\u2019\u0131n hem de Allah\u2019\u0131n kullar\u0131n\u0131n haklar\u0131n\u0131 ne \u015fekilde g\u00f6zetmesi gerekti\u011fini g\u00f6steriyor. Yemek yeme adab\u0131, arkada\u015fl\u0131k adab\u0131, zikir ve sema adab\u0131 gibi g\u00fcndelik edepleri izah ederken tasavvuf yolunda ilerlemek isteyenler i\u00e7in gerekli olan m\u00fccahede, tevekk\u00fcl, g\u00fczel ahlak, \u015f\u00fck\u00fcr, sab\u0131r, r\u0131za ve s\u0131dk gibi kavramlar\u0131 da \u015ferh ediyor. <\/p>\n","protected":false},"excerpt":{"rendered":"<p>Dervi\u015f Pusulas\u0131 ba\u015fl\u0131\u011f\u0131yla ne\u015fredilen bu g\u00fczide eser, tasavvuf semas\u0131n\u0131n \u201cb\u00e2zu\u2019l-e\u015fheb\u201di yani \u201cbeyaz \u015fahini\u201d y\u00fcce veli Abd\u00fclk\u00e2dir-i Geyl\u00e2n\u00ee hazretlerinin el-Gunye li-t\u00e2lib-i tar\u00eek-\u0131 hakk adl\u0131 eserinin son k\u0131sm\u0131<span class=\"excerpt-hellip\"> [\u2026]<\/span><\/p>\n","protected":false},"featured_media":0,"template":"","meta":{"_monsterinsights_skip_tracking":false,"_monsterinsights_sitenote_active":false,"_monsterinsights_sitenote_note":"","_monsterinsights_sitenote_category":0},"product_brand":[],"product_cat":[12718,12719,12720],"product_tag":[],"class_list":{"0":"post-737246","1":"product","2":"type-product","3":"status-publish","5":"product_cat-din","6":"product_cat-islam","7":"product_cat-tasavvuf-mezhepler-tarikatlar","8":"pa_cilt-ciltsiz","9":"pa_tur-kitap","10":"pa_yayinevi-sufi-kitap","11":"pa_yazar-abdulkadir-geylani","13":"first","14":"instock","15":"sale","16":"shipping-taxable","17":"purchasable","18":"product-type-simple"},"_links":{"self":[{"href":"https:\/\/roveyayinevi.com.tr\/index.php\/wp-json\/wp\/v2\/product\/737246","targetHints":{"allow":["GET"]}}],"collection":[{"href":"https:\/\/roveyayinevi.com.tr\/index.php\/wp-json\/wp\/v2\/product"}],"about":[{"href":"https:\/\/roveyayinevi.com.tr\/index.php\/wp-json\/wp\/v2\/types\/product"}],"wp:attachment":[{"href":"https:\/\/roveyayinevi.com.tr\/index.php\/wp-json\/wp\/v2\/media?parent=737246"}],"wp:term":[{"taxonomy":"product_brand","embeddable":true,"href":"https:\/\/roveyayinevi.com.tr\/index.php\/wp-json\/wp\/v2\/product_brand?post=737246"},{"taxonomy":"product_cat","embeddable":true,"href":"https:\/\/roveyayinevi.com.tr\/index.php\/wp-json\/wp\/v2\/product_cat?post=737246"},{"taxonomy":"product_tag","embeddable":true,"href":"https:\/\/roveyayinevi.com.tr\/index.php\/wp-json\/wp\/v2\/product_tag?post=737246"}],"curies":[{"name":"wp","href":"https:\/\/api.w.org\/{rel}","templated":true}]}}