{"id":737243,"date":"2025-08-27T23:24:21","date_gmt":"2025-08-27T20:24:21","guid":{"rendered":"https:\/\/roveyayinevi.com.tr\/index.php\/urun\/dolunayin-ozgur-kadinlari\/"},"modified":"2026-04-16T02:46:42","modified_gmt":"2026-04-15T23:46:42","slug":"dolunayin-ozgur-kadinlari","status":"publish","type":"product","link":"https:\/\/roveyayinevi.com.tr\/index.php\/urun\/dolunayin-ozgur-kadinlari\/","title":{"rendered":"Dolunay\u0131n \u00d6zg\u00fcr Kad\u0131nlar\u0131"},"content":{"rendered":"<p>Zihin-beden, insan-do\u011fa ayr\u0131\u015fmalar\u0131n\u0131n olmad\u0131\u011f\u0131 k\u00fclt\u00fcrlerde, \u00f6z\u00fcn\u00fcn bilincindeki kad\u0131nlara g\u00f6re ay hali kutlanmaya de\u011fer bir do\u011fu\u015f, bir yenilenmeydi. Peki ne oldu da bu durum de\u011fi\u015fti? Kad\u0131n\u0131n do\u011fas\u0131na ait menstrual d\u00f6ng\u00fc nas\u0131l \u201chastal\u0131k\u201d olarak alg\u0131lanmaya ba\u015flad\u0131. Dolunay\u0131n \u00d6zg\u00fcr Kad\u0131nlar\u0131, bu sorular\u0131n cevaplar\u0131n\u0131 bulmak i\u00e7in sizi 28 g\u00fcnl\u00fck bir yolculu\u011fa \u00e7\u0131kar\u0131yor.Op. Dr. Ay\u015fe Duman, kitap boyunca \u00e7ok \u00f6nemli bir sorunun pe\u015fine d\u00fc\u015f\u00fcyor: Hi\u00e7bir organ\u0131n fonksiyonu a\u011fr\u0131l\u0131 de\u011filken menstruasyon neden a\u011fr\u0131l\u0131 olsun?Siz de bu soruyu sormaya ba\u015flad\u0131ktan sonra kitapta yer alan her g\u00fcnde katman katman a\u00e7\u0131lan \u201cnedenler silsilesi\u201d ile kar\u015f\u0131la\u015facaks\u0131n\u0131z. Silsilenin i\u00e7inde menstrual d\u00f6ng\u00fc esnas\u0131nda de\u011fi\u015fen hormonlar ve duygular da var; tarihsel s\u00fcre\u00e7te ve g\u00fcn\u00fcm\u00fczde kad\u0131n\u0131n ritmini bozan tutum, tav\u0131r ve inan\u0131\u015flar da\u2026 T\u00fcm bunlar\u0131n dolunay ile ne gibi bir ili\u015fkisi oldu\u011fu ise kitab\u0131n en keyifli s\u00fcrprizi\u2026Dolunay\u0131n \u00d6zg\u00fcr Kad\u0131nlar\u0131, kad\u0131n\u0131n kendini, g\u00fcc\u00fcn\u00fc, bedenini ve varolu\u015funu, ruh-zihin-beden b\u00fct\u00fcnl\u00fc\u011f\u00fcnde anlamas\u0131n\u0131 sa\u011flayacak yolun ta\u015flar\u0131n\u0131 d\u00f6\u015feyen, ba\u015fvuru niteli\u011finde \u00f6nemli bir kaynak\u2026<\/p>\n","protected":false},"excerpt":{"rendered":"<p>Zihin-beden, insan-do\u011fa ayr\u0131\u015fmalar\u0131n\u0131n olmad\u0131\u011f\u0131 k\u00fclt\u00fcrlerde, \u00f6z\u00fcn\u00fcn bilincindeki kad\u0131nlara g\u00f6re ay hali kutlanmaya de\u011fer bir do\u011fu\u015f, bir yenilenmeydi. Peki ne oldu da bu durum de\u011fi\u015fti? Kad\u0131n\u0131n do\u011fas\u0131na<span class=\"excerpt-hellip\"> [\u2026]<\/span><\/p>\n","protected":false},"featured_media":0,"template":"","meta":{"_monsterinsights_skip_tracking":false,"_monsterinsights_sitenote_active":false,"_monsterinsights_sitenote_note":"","_monsterinsights_sitenote_category":0},"product_brand":[],"product_cat":[13005,13006],"product_tag":[],"class_list":{"0":"post-737243","1":"product","2":"type-product","3":"status-publish","5":"product_cat-bilim-muhendislik","6":"product_cat-populer-bilim","7":"pa_cilt-ciltsiz","8":"pa_tur-kitap","9":"pa_yayinevi-timas-yayinlari","10":"pa_yazar-ayse-duman","12":"first","13":"instock","14":"sale","15":"shipping-taxable","16":"purchasable","17":"product-type-simple"},"_links":{"self":[{"href":"https:\/\/roveyayinevi.com.tr\/index.php\/wp-json\/wp\/v2\/product\/737243","targetHints":{"allow":["GET"]}}],"collection":[{"href":"https:\/\/roveyayinevi.com.tr\/index.php\/wp-json\/wp\/v2\/product"}],"about":[{"href":"https:\/\/roveyayinevi.com.tr\/index.php\/wp-json\/wp\/v2\/types\/product"}],"wp:attachment":[{"href":"https:\/\/roveyayinevi.com.tr\/index.php\/wp-json\/wp\/v2\/media?parent=737243"}],"wp:term":[{"taxonomy":"product_brand","embeddable":true,"href":"https:\/\/roveyayinevi.com.tr\/index.php\/wp-json\/wp\/v2\/product_brand?post=737243"},{"taxonomy":"product_cat","embeddable":true,"href":"https:\/\/roveyayinevi.com.tr\/index.php\/wp-json\/wp\/v2\/product_cat?post=737243"},{"taxonomy":"product_tag","embeddable":true,"href":"https:\/\/roveyayinevi.com.tr\/index.php\/wp-json\/wp\/v2\/product_tag?post=737243"}],"curies":[{"name":"wp","href":"https:\/\/api.w.org\/{rel}","templated":true}]}}