{"id":737241,"date":"2025-08-27T23:24:19","date_gmt":"2025-08-27T20:24:19","guid":{"rendered":"https:\/\/roveyayinevi.com.tr\/index.php\/urun\/aceleci-ayicik-babu-asla-gec-degil\/"},"modified":"2026-04-16T02:46:42","modified_gmt":"2026-04-15T23:46:42","slug":"aceleci-ayicik-babu-asla-gec-degil","status":"publish","type":"product","link":"https:\/\/roveyayinevi.com.tr\/index.php\/urun\/aceleci-ayicik-babu-asla-gec-degil\/","title":{"rendered":"Aceleci Ay\u0131c\u0131k Babu &#8211; Asla Ge\u00e7 De\u011fil"},"content":{"rendered":"<p>Ay\u0131 Babu, \u00e7ok me\u015fguld\u00fcr. O kadar me\u015fguld\u00fcr ki ne arkada\u015flar\u0131na selam verecek ne birine \u00e7arpt\u0131\u011f\u0131nda \u00f6z\u00fcr dileyecek ne de kendi kendi kalbinin sesini dinleyecek vakti yoktur. Ta ki \u00e7ok k\u0131ymet verdi\u011fi saatini kaybedene dek&#8230; Saatini bulmak i\u00e7in arkada\u015flar\u0131ndan yard\u0131m isteyen Babu&#8217;nun \u00f6\u011frenmesi gerekenler vard\u0131r. Arkada\u015flar\u0131, Ay\u0131 Babu\u2019ya arkada\u015fl\u0131\u011f\u0131n hayata katt\u0131\u011f\u0131 g\u00fczellikleri hat\u0131rlat\u0131r.Aceleci Ay\u0131c\u0131k Babu, zaman kavram\u0131na ba\u015fka bir g\u00f6zle bakabilmeyi, sevdiklerimize zaman ay\u0131rabilmeyi ve kalbimizin sesini dinlemeyi lirik bir dille anlat\u0131yor.<\/p>\n","protected":false},"excerpt":{"rendered":"<p>Ay\u0131 Babu, \u00e7ok me\u015fguld\u00fcr. O kadar me\u015fguld\u00fcr ki ne arkada\u015flar\u0131na selam verecek ne birine \u00e7arpt\u0131\u011f\u0131nda \u00f6z\u00fcr dileyecek ne de kendi kendi kalbinin sesini dinleyecek vakti yoktur.<span class=\"excerpt-hellip\"> [\u2026]<\/span><\/p>\n","protected":false},"featured_media":0,"template":"","meta":{"_monsterinsights_skip_tracking":false,"_monsterinsights_sitenote_active":false,"_monsterinsights_sitenote_note":"","_monsterinsights_sitenote_category":0},"product_brand":[],"product_cat":[12274,12284],"product_tag":[],"class_list":{"0":"post-737241","1":"product","2":"type-product","3":"status-publish","5":"product_cat-cocuk-ve-genclik-kitaplari","6":"product_cat-hikayeler","7":"pa_cilt-ciltsiz","8":"pa_tur-kitap","9":"pa_yayinevi-timas-cocuk","10":"pa_yazar-valentina-rizzi","12":"first","13":"instock","14":"sale","15":"shipping-taxable","16":"purchasable","17":"product-type-simple"},"_links":{"self":[{"href":"https:\/\/roveyayinevi.com.tr\/index.php\/wp-json\/wp\/v2\/product\/737241","targetHints":{"allow":["GET"]}}],"collection":[{"href":"https:\/\/roveyayinevi.com.tr\/index.php\/wp-json\/wp\/v2\/product"}],"about":[{"href":"https:\/\/roveyayinevi.com.tr\/index.php\/wp-json\/wp\/v2\/types\/product"}],"wp:attachment":[{"href":"https:\/\/roveyayinevi.com.tr\/index.php\/wp-json\/wp\/v2\/media?parent=737241"}],"wp:term":[{"taxonomy":"product_brand","embeddable":true,"href":"https:\/\/roveyayinevi.com.tr\/index.php\/wp-json\/wp\/v2\/product_brand?post=737241"},{"taxonomy":"product_cat","embeddable":true,"href":"https:\/\/roveyayinevi.com.tr\/index.php\/wp-json\/wp\/v2\/product_cat?post=737241"},{"taxonomy":"product_tag","embeddable":true,"href":"https:\/\/roveyayinevi.com.tr\/index.php\/wp-json\/wp\/v2\/product_tag?post=737241"}],"curies":[{"name":"wp","href":"https:\/\/api.w.org\/{rel}","templated":true}]}}