{"id":737239,"date":"2025-08-27T23:24:17","date_gmt":"2025-08-27T20:24:17","guid":{"rendered":"https:\/\/roveyayinevi.com.tr\/index.php\/urun\/eski-dostum-kertenkele\/"},"modified":"2026-04-16T02:46:42","modified_gmt":"2026-04-15T23:46:42","slug":"eski-dostum-kertenkele","status":"publish","type":"product","link":"https:\/\/roveyayinevi.com.tr\/index.php\/urun\/eski-dostum-kertenkele\/","title":{"rendered":"Eski Dostum Kertenkele"},"content":{"rendered":"<p>Uzaklar\u0131 merak eden, d\u00fcnyada ba\u015fka neler oldu\u011funu sorgulayan Kuzgun, bir sabah yola \u00e7\u0131kmaya karar verir. Yolculuk, tehlikelerle doludur fakat Kuzgun asla pes etmez. Hayalini kurdu\u011fu okyanusa kavu\u015fmak i\u00e7in f\u0131rt\u0131nalara direnir. Hi\u00e7 g\u00f6rmedi\u011fi suya duydu\u011fu \u00f6zlem sayesinde k\u0131r\u0131k bir kanatla denize ula\u015f\u0131r. Hayatta bildi\u011fi pek \u00e7ok \u015feyi ona susarak \u00f6\u011freten bal\u0131k\u00e7\u0131yla kar\u015f\u0131la\u015f\u0131r ve kendisi gibi yaln\u0131z mart\u0131yla tan\u0131\u015f\u0131r.Kuzgun, d\u00f6n\u00fc\u015f yolunda dinlenmek \u00fczere bir yuva yapar kendine. Fakat bu dikenli \u00e7al\u0131larla dolu yer, asl\u0131nda bir Kertenkele&#8217;nin uzun zamand\u0131r yuvas\u0131d\u0131r. \u0130lk kar\u015f\u0131la\u015fma tats\u0131z olsa da, bir s\u00fcre sonra yaln\u0131zl\u0131klar\u0131n\u0131 payla\u015ft\u0131klar\u0131, ya\u015fad\u0131klar\u0131n\u0131 anlatt\u0131klar\u0131 iki iyi arkada\u015f olurlar. Kuzgun, yapt\u0131\u011f\u0131 yolculukta g\u00f6rd\u00fcklerini anlat\u0131rken Kertenkele ise y\u0131llard\u0131r sakland\u0131\u011f\u0131 yuvas\u0131ndan \u00e7\u0131kmak i\u00e7in cesaretini toplar.Cesaret, \u00f6zg\u00fcrl\u00fck, merak ve d\u00fcnyay\u0131 ke\u015ffetmek hakk\u0131nda etkileyici bir modern fabl.<\/p>\n","protected":false},"excerpt":{"rendered":"<p>Uzaklar\u0131 merak eden, d\u00fcnyada ba\u015fka neler oldu\u011funu sorgulayan Kuzgun, bir sabah yola \u00e7\u0131kmaya karar verir. Yolculuk, tehlikelerle doludur fakat Kuzgun asla pes etmez. Hayalini kurdu\u011fu okyanusa<span class=\"excerpt-hellip\"> [\u2026]<\/span><\/p>\n","protected":false},"featured_media":0,"template":"","meta":{"_monsterinsights_skip_tracking":false,"_monsterinsights_sitenote_active":false,"_monsterinsights_sitenote_note":"","_monsterinsights_sitenote_category":0},"product_brand":[],"product_cat":[12275,12274],"product_tag":[],"class_list":{"0":"post-737239","1":"product","2":"type-product","3":"status-publish","5":"product_cat-6-12-yas-kitaplari","6":"product_cat-cocuk-ve-genclik-kitaplari","7":"pa_cilt-ciltsiz","8":"pa_tur-kitap","9":"pa_yayinevi-genc-timas","10":"pa_yazar-emine-arli","12":"first","13":"instock","14":"sale","15":"shipping-taxable","16":"purchasable","17":"product-type-simple"},"_links":{"self":[{"href":"https:\/\/roveyayinevi.com.tr\/index.php\/wp-json\/wp\/v2\/product\/737239","targetHints":{"allow":["GET"]}}],"collection":[{"href":"https:\/\/roveyayinevi.com.tr\/index.php\/wp-json\/wp\/v2\/product"}],"about":[{"href":"https:\/\/roveyayinevi.com.tr\/index.php\/wp-json\/wp\/v2\/types\/product"}],"wp:attachment":[{"href":"https:\/\/roveyayinevi.com.tr\/index.php\/wp-json\/wp\/v2\/media?parent=737239"}],"wp:term":[{"taxonomy":"product_brand","embeddable":true,"href":"https:\/\/roveyayinevi.com.tr\/index.php\/wp-json\/wp\/v2\/product_brand?post=737239"},{"taxonomy":"product_cat","embeddable":true,"href":"https:\/\/roveyayinevi.com.tr\/index.php\/wp-json\/wp\/v2\/product_cat?post=737239"},{"taxonomy":"product_tag","embeddable":true,"href":"https:\/\/roveyayinevi.com.tr\/index.php\/wp-json\/wp\/v2\/product_tag?post=737239"}],"curies":[{"name":"wp","href":"https:\/\/api.w.org\/{rel}","templated":true}]}}