{"id":737238,"date":"2025-08-27T23:24:16","date_gmt":"2025-08-27T20:24:16","guid":{"rendered":"https:\/\/roveyayinevi.com.tr\/index.php\/urun\/padisahlar-ve-sultanlar-albumu\/"},"modified":"2026-04-16T02:46:42","modified_gmt":"2026-04-15T23:46:42","slug":"padisahlar-ve-sultanlar-albumu","status":"publish","type":"product","link":"https:\/\/roveyayinevi.com.tr\/index.php\/urun\/padisahlar-ve-sultanlar-albumu\/","title":{"rendered":"Padi\u015fahlar ve Sultanlar Alb\u00fcm\u00fc"},"content":{"rendered":"<p>Muhte\u015fem bir alb\u00fcmle kar\u015f\u0131 kar\u015f\u0131yas\u0131n! Bu alb\u00fcmde 624 y\u0131l h\u00fck\u00fcm s\u00fcrm\u00fc\u015f kocaman bir imparatorlu\u011fun resmini hem g\u00f6receksin hem \u00e7ekeceksin. Osmanl\u0131 \u0130mparatorlu\u011fu\u2019nu y\u00f6netmi\u015f padi\u015fahlarla birlikte, o d\u00f6nemde ya\u015fam\u0131\u015f sultanlar ve \u00e7ok say\u0131da devlet adam\u0131n\u0131 \u00e7ok yak\u0131ndan tan\u0131yacak, onlar hakk\u0131nda \u00e7ok ilgin\u00e7 bilgilerle kar\u015f\u0131la\u015facaks\u0131n. E\u011flenceli karikat\u00fcrler de bu muhte\u015fem bilgilere e\u015flik edecek. Bu bilgiler seni derslerinde \u00e7ok haval\u0131 yapacak.Haydi, kitab\u0131n kapa\u011f\u0131n\u0131 \u00e7evir ve imparatorluk alb\u00fcm\u00fcn\u00fcn keyfini \u00e7\u0131kar.<\/p>\n","protected":false},"excerpt":{"rendered":"<p>Muhte\u015fem bir alb\u00fcmle kar\u015f\u0131 kar\u015f\u0131yas\u0131n! Bu alb\u00fcmde 624 y\u0131l h\u00fck\u00fcm s\u00fcrm\u00fc\u015f kocaman bir imparatorlu\u011fun resmini hem g\u00f6receksin hem \u00e7ekeceksin. Osmanl\u0131 \u0130mparatorlu\u011fu\u2019nu y\u00f6netmi\u015f padi\u015fahlarla birlikte, o d\u00f6nemde<span class=\"excerpt-hellip\"> [\u2026]<\/span><\/p>\n","protected":false},"featured_media":0,"template":"","meta":{"_monsterinsights_skip_tracking":false,"_monsterinsights_sitenote_active":false,"_monsterinsights_sitenote_note":"","_monsterinsights_sitenote_category":0},"product_brand":[],"product_cat":[12275,12274],"product_tag":[],"class_list":{"0":"post-737238","1":"product","2":"type-product","3":"status-publish","5":"product_cat-6-12-yas-kitaplari","6":"product_cat-cocuk-ve-genclik-kitaplari","7":"pa_cilt-ciltsiz","8":"pa_tur-kitap","9":"pa_yayinevi-eglenceli-bilgi-yayinlari","10":"pa_yazar-nasuh-matrakci","12":"first","13":"instock","14":"sale","15":"shipping-taxable","16":"purchasable","17":"product-type-simple"},"_links":{"self":[{"href":"https:\/\/roveyayinevi.com.tr\/index.php\/wp-json\/wp\/v2\/product\/737238","targetHints":{"allow":["GET"]}}],"collection":[{"href":"https:\/\/roveyayinevi.com.tr\/index.php\/wp-json\/wp\/v2\/product"}],"about":[{"href":"https:\/\/roveyayinevi.com.tr\/index.php\/wp-json\/wp\/v2\/types\/product"}],"wp:attachment":[{"href":"https:\/\/roveyayinevi.com.tr\/index.php\/wp-json\/wp\/v2\/media?parent=737238"}],"wp:term":[{"taxonomy":"product_brand","embeddable":true,"href":"https:\/\/roveyayinevi.com.tr\/index.php\/wp-json\/wp\/v2\/product_brand?post=737238"},{"taxonomy":"product_cat","embeddable":true,"href":"https:\/\/roveyayinevi.com.tr\/index.php\/wp-json\/wp\/v2\/product_cat?post=737238"},{"taxonomy":"product_tag","embeddable":true,"href":"https:\/\/roveyayinevi.com.tr\/index.php\/wp-json\/wp\/v2\/product_tag?post=737238"}],"curies":[{"name":"wp","href":"https:\/\/api.w.org\/{rel}","templated":true}]}}