{"id":737237,"date":"2025-08-27T23:24:14","date_gmt":"2025-08-27T20:24:14","guid":{"rendered":"https:\/\/roveyayinevi.com.tr\/index.php\/urun\/gel-bana-masal-anlat-set-4-kitap\/"},"modified":"2026-04-16T02:46:42","modified_gmt":"2026-04-15T23:46:42","slug":"gel-bana-masal-anlat-set-4-kitap","status":"publish","type":"product","link":"https:\/\/roveyayinevi.com.tr\/index.php\/urun\/gel-bana-masal-anlat-set-4-kitap\/","title":{"rendered":"Gel Bana Masal Anlat Set (4 Kitap)"},"content":{"rendered":"<p>4 Kitaptan olu\u015fan bu seri sayesinde \u00e7ocuklar\u0131m\u0131z \u00e7ok sevdikleri masal kahramanlar\u0131n\u0131 kullanarak kendi masallar\u0131n\u0131 anlatacaklar!\u00c7ocuklar\u0131n hayal kurma, kendilerini ifade edebilme ve problem \u00e7\u00f6zebilme becerilerini destekleyen Gel Bana Masal Anlat kitaplar\u0131, kar\u0131\u015ft\u0131r e\u015fle\u015ftir oyun kitaplar\u0131 mant\u0131\u011f\u0131yla haz\u0131rlanm\u0131\u015ft\u0131r.\u00c7ocuklar bu kitaplarla e\u011flenceli bir oyuna dahil olarak konu\u015fma becerilerini art\u0131racaklar, beden dillerini daha etkili bir \u015fekilde kullanmay\u0131 \u00f6\u011frenecekler.<\/p>\n","protected":false},"excerpt":{"rendered":"<p>4 Kitaptan olu\u015fan bu seri sayesinde \u00e7ocuklar\u0131m\u0131z \u00e7ok sevdikleri masal kahramanlar\u0131n\u0131 kullanarak kendi masallar\u0131n\u0131 anlatacaklar!\u00c7ocuklar\u0131n hayal kurma, kendilerini ifade edebilme ve problem \u00e7\u00f6zebilme becerilerini destekleyen Gel<span class=\"excerpt-hellip\"> [\u2026]<\/span><\/p>\n","protected":false},"featured_media":0,"template":"","meta":{"_monsterinsights_skip_tracking":false,"_monsterinsights_sitenote_active":false,"_monsterinsights_sitenote_note":"","_monsterinsights_sitenote_category":0},"product_brand":[],"product_cat":[12274,12523],"product_tag":[],"class_list":{"0":"post-737237","1":"product","2":"type-product","3":"status-publish","5":"product_cat-cocuk-ve-genclik-kitaplari","6":"product_cat-masallar","7":"pa_cilt-ciltsiz","8":"pa_tur-kitap","9":"pa_yayinevi-timas-cocuk","10":"pa_yazar-aysegul-dede","12":"first","13":"instock","14":"sale","15":"shipping-taxable","16":"purchasable","17":"product-type-simple"},"_links":{"self":[{"href":"https:\/\/roveyayinevi.com.tr\/index.php\/wp-json\/wp\/v2\/product\/737237","targetHints":{"allow":["GET"]}}],"collection":[{"href":"https:\/\/roveyayinevi.com.tr\/index.php\/wp-json\/wp\/v2\/product"}],"about":[{"href":"https:\/\/roveyayinevi.com.tr\/index.php\/wp-json\/wp\/v2\/types\/product"}],"wp:attachment":[{"href":"https:\/\/roveyayinevi.com.tr\/index.php\/wp-json\/wp\/v2\/media?parent=737237"}],"wp:term":[{"taxonomy":"product_brand","embeddable":true,"href":"https:\/\/roveyayinevi.com.tr\/index.php\/wp-json\/wp\/v2\/product_brand?post=737237"},{"taxonomy":"product_cat","embeddable":true,"href":"https:\/\/roveyayinevi.com.tr\/index.php\/wp-json\/wp\/v2\/product_cat?post=737237"},{"taxonomy":"product_tag","embeddable":true,"href":"https:\/\/roveyayinevi.com.tr\/index.php\/wp-json\/wp\/v2\/product_tag?post=737237"}],"curies":[{"name":"wp","href":"https:\/\/api.w.org\/{rel}","templated":true}]}}