{"id":737236,"date":"2025-08-27T23:24:14","date_gmt":"2025-08-27T20:24:14","guid":{"rendered":"https:\/\/roveyayinevi.com.tr\/index.php\/urun\/kutlecekimi-dalgalari\/"},"modified":"2026-04-16T02:46:42","modified_gmt":"2026-04-15T23:46:42","slug":"kutlecekimi-dalgalari","status":"publish","type":"product","link":"https:\/\/roveyayinevi.com.tr\/index.php\/urun\/kutlecekimi-dalgalari\/","title":{"rendered":"K\u00fctle\u00e7ekimi Dalgalar\u0131"},"content":{"rendered":"<p>50 y\u0131l s\u00fcren ara\u015ft\u0131rmalar 14 Eyl\u00fcl 2015\u2019te meyvesini verdi, k\u00fctle\u00e7ekimi dalgalar\u0131 ke\u015ffedildi ve astronomide bir devrim ger\u00e7ekle\u015fti. O g\u00fcne dek, evrenin ara\u015ft\u0131r\u0131lmas\u0131 elektromanyetik radyasyona (\u0131\u015f\u0131k, radyo dalgalar\u0131, X-\u0131\u015f\u0131nlar\u0131\u2026) ba\u011fl\u0131yd\u0131. Ama elektromanyetik radyasyonu durduran hi\u00e7bir engel, uzay-zaman\u0131n dokusunda yol alan k\u00fctle\u00e7ekimi dalgalar\u0131n\u0131 durduram\u0131yor. Bu nedenle optik ve radyo teleskoplardan sonra k\u00fctle\u00e7ekimsel dalga teleskoplar\u0131 evrenin s\u0131rlar\u0131n\u0131 ke\u015ffetmek i\u00e7in y\u00fcr\u00fct\u00fclen \u00e7al\u0131\u015fmalara b\u00fcy\u00fck katk\u0131 yapacak. \u0130lk hedefler evrenin evrimi, kara delikler ve karanl\u0131k madde olacak. 20. y\u00fczy\u0131l\u0131n ilk yar\u0131s\u0131nda kuantum mekani\u011fi ara\u015ft\u0131r\u0131l\u0131rken bunun ne i\u015fe yarayaca\u011f\u0131n\u0131 hi\u00e7 kimse bilmiyordu. Fakat bug\u00fcn, geli\u015fmi\u015f \u00fclkeler, gelirlerinin yakla\u015f\u0131k \u00fc\u00e7te birini kuantum mekani\u011fine dayal\u0131 teknolojiler sayesinde elde ediyor. K\u00fctle\u00e7ekimsel dalga ara\u015ft\u0131rmalar\u0131n\u0131n ileride bilim, teknoloji ve ekonomiye neler katabilece\u011fini \u015fimdiden kim bilebilir? <\/p>\n","protected":false},"excerpt":{"rendered":"<p>50 y\u0131l s\u00fcren ara\u015ft\u0131rmalar 14 Eyl\u00fcl 2015\u2019te meyvesini verdi, k\u00fctle\u00e7ekimi dalgalar\u0131 ke\u015ffedildi ve astronomide bir devrim ger\u00e7ekle\u015fti. O g\u00fcne dek, evrenin ara\u015ft\u0131r\u0131lmas\u0131 elektromanyetik radyasyona (\u0131\u015f\u0131k, radyo<span class=\"excerpt-hellip\"> [\u2026]<\/span><\/p>\n","protected":false},"featured_media":0,"template":"","meta":{"_monsterinsights_skip_tracking":false,"_monsterinsights_sitenote_active":false,"_monsterinsights_sitenote_note":"","_monsterinsights_sitenote_category":0},"product_brand":[],"product_cat":[13005,13006],"product_tag":[],"class_list":{"0":"post-737236","1":"product","2":"type-product","3":"status-publish","5":"product_cat-bilim-muhendislik","6":"product_cat-populer-bilim","7":"pa_cilt-ciltsiz","8":"pa_tur-kitap","9":"pa_yayinevi-say-yayinlari","10":"pa_yazar-brian-clegg","12":"first","13":"instock","14":"sale","15":"shipping-taxable","16":"purchasable","17":"product-type-simple"},"_links":{"self":[{"href":"https:\/\/roveyayinevi.com.tr\/index.php\/wp-json\/wp\/v2\/product\/737236","targetHints":{"allow":["GET"]}}],"collection":[{"href":"https:\/\/roveyayinevi.com.tr\/index.php\/wp-json\/wp\/v2\/product"}],"about":[{"href":"https:\/\/roveyayinevi.com.tr\/index.php\/wp-json\/wp\/v2\/types\/product"}],"wp:attachment":[{"href":"https:\/\/roveyayinevi.com.tr\/index.php\/wp-json\/wp\/v2\/media?parent=737236"}],"wp:term":[{"taxonomy":"product_brand","embeddable":true,"href":"https:\/\/roveyayinevi.com.tr\/index.php\/wp-json\/wp\/v2\/product_brand?post=737236"},{"taxonomy":"product_cat","embeddable":true,"href":"https:\/\/roveyayinevi.com.tr\/index.php\/wp-json\/wp\/v2\/product_cat?post=737236"},{"taxonomy":"product_tag","embeddable":true,"href":"https:\/\/roveyayinevi.com.tr\/index.php\/wp-json\/wp\/v2\/product_tag?post=737236"}],"curies":[{"name":"wp","href":"https:\/\/api.w.org\/{rel}","templated":true}]}}